{"id":1235,"date":"2019-09-05T18:09:58","date_gmt":"2019-09-05T21:09:58","guid":{"rendered":"http:\/\/nossacasa.net\/nossosriachos\/rios\/?page_id=1235"},"modified":"2019-09-05T18:09:58","modified_gmt":"2019-09-05T21:09:58","slug":"chave-de-ordens","status":"publish","type":"page","link":"http:\/\/nossacasa.net\/nossosriachos\/tabuleiros\/chave-de-ordens\/","title":{"rendered":"Chave de Ordens"},"content":{"rendered":"\n<table id=\"tablepress-1\" class=\"tablepress tablepress-id-1 tbody-has-connected-cells\">\n<tbody class=\"row-striping row-hover\">\n<tr class=\"row-1\">\n\t<td colspan=\"4\" class=\"column-1\"><h2>Chave de Ordens<\/h2>. <br \/>\nOs peixes de \u00e1gua doce e estu\u00e1rio na Mata Atl\u00e2ntica de tabuleiro est\u00e3o distribu\u00eddos em <strong>onze <a href=\"http:\/\/nossacasa.net\/nossosriachos\/tabuleiros\/ordens\/\">Ordens<\/a><\/strong>: <a href=\"#Anguilliformes\">Anguilliformes<\/a>, <a href=\"#Characiformes\">Characiformes<\/a>, <a href=\"#Siluriformes\">Siluriformes<\/a>, <a href=\"#Gymnotiformes\">Gymnotiformes<\/a>, <a href=\"#Gobiiformes\">Gobiiformes<\/a>, <a href=\"#Cichliformes\">Cichliformes<\/a>, <a href=\"#Cyprinodontiformes\">Cyprinodontiformes<\/a>, <a href=\"#Synbranchiformes\">Synbranchiformes<\/a>, <a href=\"#Pleuronectiformes\">Pleuronectiformes<\/a>, <a href=\"#Syngnathiformes\">Syngnathiformes<\/a> e <a href=\"#Perciformes\">Perciformes<\/a>.<br \/>\nNota: Para os grupos de influ\u00eancia marinha aqui consideramos apenas os peixes que adentram riachos na baixada litor\u00e2nea.<\/td>\n<\/tr>\n<tr class=\"row-2\">\n\t<td class=\"column-1\"><strong>1A<\/strong><\/td><td class=\"column-2\">Adultos com os dois olhos localizados no mesmo lado do corpo.<\/td><td class=\"column-3\"><a href=\"http:\/\/nossacasa.net\/nossosriachos\/tabuleiros\/pleuronectiformes\/\"><strong id=\"Pleuronectiformes\">Pleuronectiformes<\/strong><\/a><\/td><td class=\"column-4\"><img loading=\"lazy\" decoding=\"async\" src=\"http:\/\/nossacasa.net\/nossosriachos\/tabuleiros\/wp-content\/uploads\/sites\/8\/2019\/08\/Ordem_1A.png\" alt=\"\" width=\"800\" height=\"480\" class=\"aligncenter size-full wp-image-430\" srcset=\"http:\/\/nossacasa.net\/nossosriachos\/tabuleiros\/wp-content\/uploads\/sites\/13\/2019\/08\/Ordem_1A.png 800w, http:\/\/nossacasa.net\/nossosriachos\/tabuleiros\/wp-content\/uploads\/sites\/13\/2019\/08\/Ordem_1A-300x180.png 300w, http:\/\/nossacasa.net\/nossosriachos\/tabuleiros\/wp-content\/uploads\/sites\/13\/2019\/08\/Ordem_1A-768x461.png 768w, http:\/\/nossacasa.net\/nossosriachos\/tabuleiros\/wp-content\/uploads\/sites\/13\/2019\/08\/Ordem_1A-500x300.png 500w\" sizes=\"auto, (max-width: 800px) 100vw, 800px\" \/><\/td>\n<\/tr>\n<tr class=\"row-3\">\n\t<td class=\"column-1\"><strong>1B<\/strong><\/td><td class=\"column-2\">Adultos com os dois olhos dispostos simetricamente nos lados da cabe\u00e7a.<\/td><td class=\"column-3\"><strong><a href=\"#2\">2<\/a><\/strong><\/td><td class=\"column-4\"><\/td>\n<\/tr>\n<tr class=\"row-4\">\n\t<td class=\"column-1\"><strong  id=\"2\">2A<\/strong><\/td><td class=\"column-2\">Corpo alongado e cil\u00edndrico.<\/td><td class=\"column-3\"><strong><a href=\"#3\">3<\/a><\/strong><\/td><td class=\"column-4\"><img loading=\"lazy\" decoding=\"async\" src=\"http:\/\/nossacasa.net\/nossosriachos\/tabuleiros\/wp-content\/uploads\/sites\/8\/2019\/08\/Ordem_2A.png\" alt=\"\" width=\"800\" height=\"192\" class=\"aligncenter size-full wp-image-433\" srcset=\"http:\/\/nossacasa.net\/nossosriachos\/tabuleiros\/wp-content\/uploads\/sites\/13\/2019\/08\/Ordem_2A.png 800w, http:\/\/nossacasa.net\/nossosriachos\/tabuleiros\/wp-content\/uploads\/sites\/13\/2019\/08\/Ordem_2A-300x72.png 300w, http:\/\/nossacasa.net\/nossosriachos\/tabuleiros\/wp-content\/uploads\/sites\/13\/2019\/08\/Ordem_2A-768x184.png 768w, http:\/\/nossacasa.net\/nossosriachos\/tabuleiros\/wp-content\/uploads\/sites\/13\/2019\/08\/Ordem_2A-500x120.png 500w\" sizes=\"auto, (max-width: 800px) 100vw, 800px\" \/><\/td>\n<\/tr>\n<tr class=\"row-5\">\n\t<td class=\"column-1\"><strong>2B<\/strong><\/td><td class=\"column-2\">Corpo fusiforme, achatado ou alongado mas dificilmente cil\u00edndrico.<\/td><td class=\"column-3\"><strong><a href=\"#3\">3<\/a><\/strong><\/td><td class=\"column-4\"><img loading=\"lazy\" decoding=\"async\" src=\"http:\/\/nossacasa.net\/nossosriachos\/tabuleiros\/wp-content\/uploads\/sites\/8\/2019\/08\/Ordem_2B.png\" alt=\"\" width=\"800\" height=\"278\" class=\"aligncenter size-full wp-image-434\" srcset=\"http:\/\/nossacasa.net\/nossosriachos\/tabuleiros\/wp-content\/uploads\/sites\/13\/2019\/08\/Ordem_2B.png 800w, http:\/\/nossacasa.net\/nossosriachos\/tabuleiros\/wp-content\/uploads\/sites\/13\/2019\/08\/Ordem_2B-300x104.png 300w, http:\/\/nossacasa.net\/nossosriachos\/tabuleiros\/wp-content\/uploads\/sites\/13\/2019\/08\/Ordem_2B-768x267.png 768w, http:\/\/nossacasa.net\/nossosriachos\/tabuleiros\/wp-content\/uploads\/sites\/13\/2019\/08\/Ordem_2B-500x174.png 500w\" sizes=\"auto, (max-width: 800px) 100vw, 800px\" \/><\/td>\n<\/tr>\n<tr class=\"row-6\">\n\t<td class=\"column-1\"><strong  id=\"3\">3A<\/strong><\/td><td class=\"column-2\">Nadadeira peitoral ausente; abertura branquial \u00fanica (seta)<\/td><td class=\"column-3\"><a href=\"http:\/\/nossacasa.net\/nossosriachos\/tabuleiros\/synbranchiformes\/\"><strong id=\"Synbranchiformes\">Synbranchiformes<\/strong><\/a><\/td><td class=\"column-4\"><img loading=\"lazy\" decoding=\"async\" src=\"http:\/\/nossacasa.net\/nossosriachos\/tabuleiros\/wp-content\/uploads\/sites\/8\/2019\/08\/Ordem_3A.png\" alt=\"\" width=\"800\" height=\"388\" class=\"aligncenter size-full wp-image-435\" srcset=\"http:\/\/nossacasa.net\/nossosriachos\/tabuleiros\/wp-content\/uploads\/sites\/13\/2019\/08\/Ordem_3A.png 800w, http:\/\/nossacasa.net\/nossosriachos\/tabuleiros\/wp-content\/uploads\/sites\/13\/2019\/08\/Ordem_3A-300x146.png 300w, http:\/\/nossacasa.net\/nossosriachos\/tabuleiros\/wp-content\/uploads\/sites\/13\/2019\/08\/Ordem_3A-768x372.png 768w, http:\/\/nossacasa.net\/nossosriachos\/tabuleiros\/wp-content\/uploads\/sites\/13\/2019\/08\/Ordem_3A-500x243.png 500w\" sizes=\"auto, (max-width: 800px) 100vw, 800px\" \/><\/td>\n<\/tr>\n<tr class=\"row-7\">\n\t<td class=\"column-1\"><strong>3B<\/strong><\/td><td class=\"column-2\">Nadadeira peitoral presente; abertura branquial sempre par (seta)<\/td><td class=\"column-3\"><strong><a href=\"#4\">4<\/a><\/strong><\/td><td class=\"column-4\"><img loading=\"lazy\" decoding=\"async\" src=\"http:\/\/nossacasa.net\/nossosriachos\/tabuleiros\/wp-content\/uploads\/sites\/8\/2019\/08\/Ordem_3B.png\" alt=\"\" width=\"800\" height=\"259\" class=\"aligncenter size-full wp-image-436\" srcset=\"http:\/\/nossacasa.net\/nossosriachos\/tabuleiros\/wp-content\/uploads\/sites\/13\/2019\/08\/Ordem_3B.png 800w, http:\/\/nossacasa.net\/nossosriachos\/tabuleiros\/wp-content\/uploads\/sites\/13\/2019\/08\/Ordem_3B-300x97.png 300w, http:\/\/nossacasa.net\/nossosriachos\/tabuleiros\/wp-content\/uploads\/sites\/13\/2019\/08\/Ordem_3B-768x249.png 768w, http:\/\/nossacasa.net\/nossosriachos\/tabuleiros\/wp-content\/uploads\/sites\/13\/2019\/08\/Ordem_3B-500x162.png 500w\" sizes=\"auto, (max-width: 800px) 100vw, 800px\" \/><\/td>\n<\/tr>\n<tr class=\"row-8\">\n\t<td class=\"column-1\"><strong  id=\"4\">4A<\/strong><\/td><td class=\"column-2\">Corpo pequeno, em forma de tubo, recoberto por s\u00e9ries de an\u00e9is \u00f3sseos articulados;<br> focinho prolongado em um rosto.<\/td><td class=\"column-3\"><a href=\"http:\/\/nossacasa.net\/nossosriachos\/tabuleiros\/syngnathiformes\/\"><strong id=\"Syngnathiformes\">Syngnathiformes<\/strong><\/a><\/td><td class=\"column-4\"><img loading=\"lazy\" decoding=\"async\" src=\"http:\/\/nossacasa.net\/nossosriachos\/tabuleiros\/wp-content\/uploads\/sites\/8\/2019\/08\/Ordem_4A.png\" alt=\"\" width=\"800\" height=\"199\" class=\"aligncenter size-full wp-image-437\" srcset=\"http:\/\/nossacasa.net\/nossosriachos\/tabuleiros\/wp-content\/uploads\/sites\/13\/2019\/08\/Ordem_4A.png 800w, http:\/\/nossacasa.net\/nossosriachos\/tabuleiros\/wp-content\/uploads\/sites\/13\/2019\/08\/Ordem_4A-300x75.png 300w, http:\/\/nossacasa.net\/nossosriachos\/tabuleiros\/wp-content\/uploads\/sites\/13\/2019\/08\/Ordem_4A-768x191.png 768w, http:\/\/nossacasa.net\/nossosriachos\/tabuleiros\/wp-content\/uploads\/sites\/13\/2019\/08\/Ordem_4A-500x124.png 500w\" sizes=\"auto, (max-width: 800px) 100vw, 800px\" \/><\/td>\n<\/tr>\n<tr class=\"row-9\">\n\t<td class=\"column-1\"><strong>4B<\/strong><\/td><td class=\"column-2\">Corpo cil\u00edndrico, alongado, coberto por escamas diminutas, sem an\u00e9is \u00f3sseos; focinho breve, arredondado.<\/td><td class=\"column-3\"><a href=\"http:\/\/nossacasa.net\/nossosriachos\/tabuleiros\/anguilliformes\/\"><strong id=\"Anguilliformes\">Anguilliformes<\/strong><\/a><\/td><td class=\"column-4\"><img loading=\"lazy\" decoding=\"async\" src=\"http:\/\/nossacasa.net\/nossosriachos\/tabuleiros\/wp-content\/uploads\/sites\/8\/2019\/08\/Ordem_4B.png\" alt=\"\" width=\"800\" height=\"684\" class=\"aligncenter size-full wp-image-438\" srcset=\"http:\/\/nossacasa.net\/nossosriachos\/tabuleiros\/wp-content\/uploads\/sites\/13\/2019\/08\/Ordem_4B.png 800w, http:\/\/nossacasa.net\/nossosriachos\/tabuleiros\/wp-content\/uploads\/sites\/13\/2019\/08\/Ordem_4B-300x257.png 300w, http:\/\/nossacasa.net\/nossosriachos\/tabuleiros\/wp-content\/uploads\/sites\/13\/2019\/08\/Ordem_4B-768x657.png 768w, http:\/\/nossacasa.net\/nossosriachos\/tabuleiros\/wp-content\/uploads\/sites\/13\/2019\/08\/Ordem_4B-351x300.png 351w\" sizes=\"auto, (max-width: 800px) 100vw, 800px\" \/><\/td>\n<\/tr>\n<tr class=\"row-10\">\n\t<td class=\"column-1\"><strong  id=\"5\">5A<\/strong><\/td><td class=\"column-2\">Nadadeiras p\u00e9lvicas e dorsal ausentes; nadadeira anal longa com mais de 150 raios; anus em posi\u00e7\u00e3o anterior; dist\u00e2ncia pr\u00e9-anal curta, menor que a base da nadadeira anal; nadadeira caudal ausente nas esp\u00e9cies nativas da regi\u00e3o.<\/td><td class=\"column-3\"><a href=\"http:\/\/nossacasa.net\/nossosriachos\/tabuleiros\/gymnotiformes\/\"><strong id=\"Gymnotiformes\">Gymnotiformes<\/strong><\/a><\/td><td class=\"column-4\"><img loading=\"lazy\" decoding=\"async\" src=\"http:\/\/nossacasa.net\/nossosriachos\/tabuleiros\/wp-content\/uploads\/sites\/8\/2019\/08\/Ordem_5A.png\" alt=\"\" width=\"800\" height=\"203\" class=\"aligncenter size-full wp-image-439\" srcset=\"http:\/\/nossacasa.net\/nossosriachos\/tabuleiros\/wp-content\/uploads\/sites\/13\/2019\/08\/Ordem_5A.png 800w, http:\/\/nossacasa.net\/nossosriachos\/tabuleiros\/wp-content\/uploads\/sites\/13\/2019\/08\/Ordem_5A-300x76.png 300w, http:\/\/nossacasa.net\/nossosriachos\/tabuleiros\/wp-content\/uploads\/sites\/13\/2019\/08\/Ordem_5A-768x195.png 768w, http:\/\/nossacasa.net\/nossosriachos\/tabuleiros\/wp-content\/uploads\/sites\/13\/2019\/08\/Ordem_5A-500x127.png 500w\" sizes=\"auto, (max-width: 800px) 100vw, 800px\" \/><\/td>\n<\/tr>\n<tr class=\"row-11\">\n\t<td class=\"column-1\"><strong>5B<\/strong><\/td><td class=\"column-2\">Nadadeiras p\u00e9lvicas presentes; nadadeira anal com menos de 150 raios; \u00e2nus em posi\u00e7\u00e3o posterior; dist\u00e2ncia pr\u00e9-anal longa, maior que a base da nadadeira anal; nadadeira caudal geralmente presente.<\/td><td class=\"column-3\"><strong><a href=\"#6\">6<\/a><\/strong><\/td><td class=\"column-4\"><img loading=\"lazy\" decoding=\"async\" src=\"http:\/\/nossacasa.net\/nossosriachos\/tabuleiros\/wp-content\/uploads\/sites\/8\/2019\/08\/Ordem_5B.png\" alt=\"\" width=\"800\" height=\"423\" class=\"aligncenter size-full wp-image-440\" srcset=\"http:\/\/nossacasa.net\/nossosriachos\/tabuleiros\/wp-content\/uploads\/sites\/13\/2019\/08\/Ordem_5B.png 800w, http:\/\/nossacasa.net\/nossosriachos\/tabuleiros\/wp-content\/uploads\/sites\/13\/2019\/08\/Ordem_5B-300x159.png 300w, http:\/\/nossacasa.net\/nossosriachos\/tabuleiros\/wp-content\/uploads\/sites\/13\/2019\/08\/Ordem_5B-768x406.png 768w, http:\/\/nossacasa.net\/nossosriachos\/tabuleiros\/wp-content\/uploads\/sites\/13\/2019\/08\/Ordem_5B-500x264.png 500w\" sizes=\"auto, (max-width: 800px) 100vw, 800px\" \/><\/td>\n<\/tr>\n<tr class=\"row-12\">\n\t<td class=\"column-1\"><strong  id=\"6\">6A<\/strong><\/td><td class=\"column-2\">Linha lateral n\u00e3o vis\u00edvel nas laterais do corpo; linha lateral cef\u00e1lica muito ramificada, bem destacada visualmente.<\/td><td class=\"column-3\"><a href=\"http:\/\/nossacasa.net\/nossosriachos\/tabuleiros\/gobiiformes\/\"><strong id=\"Gobiiformes\">Gobiiformes<\/strong><\/a><\/td><td class=\"column-4\"><img loading=\"lazy\" decoding=\"async\" src=\"http:\/\/nossacasa.net\/nossosriachos\/tabuleiros\/wp-content\/uploads\/sites\/8\/2019\/08\/Ordem_6A.png\" alt=\"\" width=\"800\" height=\"479\" class=\"aligncenter size-full wp-image-441\" srcset=\"http:\/\/nossacasa.net\/nossosriachos\/tabuleiros\/wp-content\/uploads\/sites\/13\/2019\/08\/Ordem_6A.png 800w, http:\/\/nossacasa.net\/nossosriachos\/tabuleiros\/wp-content\/uploads\/sites\/13\/2019\/08\/Ordem_6A-300x180.png 300w, http:\/\/nossacasa.net\/nossosriachos\/tabuleiros\/wp-content\/uploads\/sites\/13\/2019\/08\/Ordem_6A-768x460.png 768w, http:\/\/nossacasa.net\/nossosriachos\/tabuleiros\/wp-content\/uploads\/sites\/13\/2019\/08\/Ordem_6A-500x300.png 500w\" sizes=\"auto, (max-width: 800px) 100vw, 800px\" \/><\/td>\n<\/tr>\n<tr class=\"row-13\">\n\t<td class=\"column-1\"><strong>6B<\/strong><\/td><td class=\"column-2\">Linha lateral vis\u00edvel nas laterais do corpo, mesmo que interrompida; linha lateral cef\u00e1lica pouco ramificada, visualmente indiferenciada.<\/td><td class=\"column-3\"><strong><a href=\"#7\">7<\/a><\/strong><\/td><td class=\"column-4\"><img loading=\"lazy\" decoding=\"async\" src=\"http:\/\/nossacasa.net\/nossosriachos\/tabuleiros\/wp-content\/uploads\/sites\/8\/2019\/08\/Ordem_5B.png\" alt=\"\" width=\"800\" height=\"423\" class=\"aligncenter size-full wp-image-440\" srcset=\"http:\/\/nossacasa.net\/nossosriachos\/tabuleiros\/wp-content\/uploads\/sites\/13\/2019\/08\/Ordem_5B.png 800w, http:\/\/nossacasa.net\/nossosriachos\/tabuleiros\/wp-content\/uploads\/sites\/13\/2019\/08\/Ordem_5B-300x159.png 300w, http:\/\/nossacasa.net\/nossosriachos\/tabuleiros\/wp-content\/uploads\/sites\/13\/2019\/08\/Ordem_5B-768x406.png 768w, http:\/\/nossacasa.net\/nossosriachos\/tabuleiros\/wp-content\/uploads\/sites\/13\/2019\/08\/Ordem_5B-500x264.png 500w\" sizes=\"auto, (max-width: 800px) 100vw, 800px\" \/><\/td>\n<\/tr>\n<tr class=\"row-14\">\n\t<td class=\"column-1\"><strong  id=\"7\">7A<\/strong><\/td><td class=\"column-2\">Pr\u00e9-maxilar protr\u00e1til, projetando-se em um tubo; nadadeira adiposa ausente.<\/td><td class=\"column-3\"><strong><a href=\"#8\">8<\/a><\/strong><\/td><td class=\"column-4\"><img loading=\"lazy\" decoding=\"async\" src=\"http:\/\/nossacasa.net\/nossosriachos\/tabuleiros\/wp-content\/uploads\/sites\/8\/2019\/08\/Ordem_7A.png\" alt=\"\" width=\"800\" height=\"321\" class=\"aligncenter size-full wp-image-443\" srcset=\"http:\/\/nossacasa.net\/nossosriachos\/tabuleiros\/wp-content\/uploads\/sites\/13\/2019\/08\/Ordem_7A.png 800w, http:\/\/nossacasa.net\/nossosriachos\/tabuleiros\/wp-content\/uploads\/sites\/13\/2019\/08\/Ordem_7A-300x120.png 300w, http:\/\/nossacasa.net\/nossosriachos\/tabuleiros\/wp-content\/uploads\/sites\/13\/2019\/08\/Ordem_7A-768x308.png 768w, http:\/\/nossacasa.net\/nossosriachos\/tabuleiros\/wp-content\/uploads\/sites\/13\/2019\/08\/Ordem_7A-500x201.png 500w\" sizes=\"auto, (max-width: 800px) 100vw, 800px\" \/><\/td>\n<\/tr>\n<tr class=\"row-15\">\n\t<td class=\"column-1\"><strong>7B<\/strong><\/td><td class=\"column-2\">Pr\u00e9-maxilar n\u00e3o protr\u00e1til, boca abre e fecha sem projetar-se para a frente; nadadeira adiposa (seta) presente ou n\u00e3o.<\/td><td class=\"column-3\"><strong><a href=\"#10\">10<\/a><\/strong><\/td><td class=\"column-4\"><img loading=\"lazy\" decoding=\"async\" src=\"http:\/\/nossacasa.net\/nossosriachos\/tabuleiros\/wp-content\/uploads\/sites\/8\/2019\/08\/Ordem_7B.png\" alt=\"\" width=\"800\" height=\"387\" class=\"aligncenter size-full wp-image-452\" srcset=\"http:\/\/nossacasa.net\/nossosriachos\/tabuleiros\/wp-content\/uploads\/sites\/13\/2019\/08\/Ordem_7B.png 800w, http:\/\/nossacasa.net\/nossosriachos\/tabuleiros\/wp-content\/uploads\/sites\/13\/2019\/08\/Ordem_7B-300x145.png 300w, http:\/\/nossacasa.net\/nossosriachos\/tabuleiros\/wp-content\/uploads\/sites\/13\/2019\/08\/Ordem_7B-768x372.png 768w, http:\/\/nossacasa.net\/nossosriachos\/tabuleiros\/wp-content\/uploads\/sites\/13\/2019\/08\/Ordem_7B-500x242.png 500w\" sizes=\"auto, (max-width: 800px) 100vw, 800px\" \/><\/td>\n<\/tr>\n<tr class=\"row-16\">\n\t<td class=\"column-1\"><strong  id=\"8\">8A<\/strong><\/td><td class=\"column-2\">Nadadeira dorsal sem espinhos; machos com raios anteriores da nadadeira anal modificados, transformados em gonop\u00f3dio; peixes de pequeno porte, com adultos em geral com menos de 30 mm de comprimento padr\u00e3o.<\/td><td class=\"column-3\"><a href=\"http:\/\/nossacasa.net\/nossosriachos\/tabuleiros\/cyprinodontiformes\/\"><strong id=\"Cyprinodontiformes\">Cyprinodontiformes<\/strong><\/a><\/td><td class=\"column-4\"><img loading=\"lazy\" decoding=\"async\" src=\"http:\/\/nossacasa.net\/nossosriachos\/tabuleiros\/wp-content\/uploads\/sites\/8\/2019\/08\/Ordem_8A.png\" alt=\"\" width=\"800\" height=\"285\" class=\"aligncenter size-full wp-image-453\" srcset=\"http:\/\/nossacasa.net\/nossosriachos\/tabuleiros\/wp-content\/uploads\/sites\/13\/2019\/08\/Ordem_8A.png 800w, http:\/\/nossacasa.net\/nossosriachos\/tabuleiros\/wp-content\/uploads\/sites\/13\/2019\/08\/Ordem_8A-300x107.png 300w, http:\/\/nossacasa.net\/nossosriachos\/tabuleiros\/wp-content\/uploads\/sites\/13\/2019\/08\/Ordem_8A-768x274.png 768w, http:\/\/nossacasa.net\/nossosriachos\/tabuleiros\/wp-content\/uploads\/sites\/13\/2019\/08\/Ordem_8A-500x178.png 500w\" sizes=\"auto, (max-width: 800px) 100vw, 800px\" \/><\/td>\n<\/tr>\n<tr class=\"row-17\">\n\t<td class=\"column-1\"><strong>8B<\/strong><\/td><td class=\"column-2\">Nadadeira dorsal com dois ou mais raios duros (espinhos) anteriores; nadadeira anal n\u00e3o modificada, com raios normalmente desenvolvidos; peixes em geral de tamanho m\u00e9dio.<\/td><td class=\"column-3\"><strong><a href=\"#9\">9<\/a><\/strong><\/td><td class=\"column-4\"><\/td>\n<\/tr>\n<tr class=\"row-18\">\n\t<td class=\"column-1\"><strong  id=\"9\">9A<\/strong><\/td><td class=\"column-2\">Narina \u00fanica de cada lado da cabe\u00e7a; linha lateral interrompida; dividida em dois ramos;ramo superior prolongando-se da parte posterior da cabe\u00e7a at\u00e9 a vertical da nadadeira dorsal e ramo inferior do meio do corpo a base da caudal.<\/td><td class=\"column-3\"><a href=\"http:\/\/nossacasa.net\/nossosriachos\/tabuleiros\/cichliformess\/\"><strong id=\"Cichliformes\">Cichliformes<\/strong><\/a><\/td><td class=\"column-4\"><img loading=\"lazy\" decoding=\"async\" src=\"http:\/\/nossacasa.net\/nossosriachos\/tabuleiros\/wp-content\/uploads\/sites\/8\/2019\/08\/Ordem_9A.png\" alt=\"\" width=\"800\" height=\"416\" class=\"aligncenter size-full wp-image-456\" srcset=\"http:\/\/nossacasa.net\/nossosriachos\/tabuleiros\/wp-content\/uploads\/sites\/13\/2019\/08\/Ordem_9A.png 800w, http:\/\/nossacasa.net\/nossosriachos\/tabuleiros\/wp-content\/uploads\/sites\/13\/2019\/08\/Ordem_9A-300x156.png 300w, http:\/\/nossacasa.net\/nossosriachos\/tabuleiros\/wp-content\/uploads\/sites\/13\/2019\/08\/Ordem_9A-768x399.png 768w, http:\/\/nossacasa.net\/nossosriachos\/tabuleiros\/wp-content\/uploads\/sites\/13\/2019\/08\/Ordem_9A-500x260.png 500w\" sizes=\"auto, (max-width: 800px) 100vw, 800px\" \/><\/td>\n<\/tr>\n<tr class=\"row-19\">\n\t<td class=\"column-1\"><strong>9B<\/strong><\/td><td class=\"column-2\">narina anterior e outra posterior; linha lateral cont\u00ednua, da cabe\u00e7a a nadadeira caudal.<\/td><td class=\"column-3\"><a href=\"http:\/\/nossacasa.net\/nossosriachos\/tabuleiros\/perciformes\/\"><strong id=\"Perciformes\">Perciformes<\/strong><\/a><\/td><td class=\"column-4\"><img loading=\"lazy\" decoding=\"async\" src=\"http:\/\/nossacasa.net\/nossosriachos\/tabuleiros\/wp-content\/uploads\/sites\/8\/2019\/08\/Ordem_9B.png\" alt=\"\" width=\"800\" height=\"326\" class=\"aligncenter size-full wp-image-458\" srcset=\"http:\/\/nossacasa.net\/nossosriachos\/tabuleiros\/wp-content\/uploads\/sites\/13\/2019\/08\/Ordem_9B.png 800w, http:\/\/nossacasa.net\/nossosriachos\/tabuleiros\/wp-content\/uploads\/sites\/13\/2019\/08\/Ordem_9B-300x122.png 300w, http:\/\/nossacasa.net\/nossosriachos\/tabuleiros\/wp-content\/uploads\/sites\/13\/2019\/08\/Ordem_9B-768x313.png 768w, http:\/\/nossacasa.net\/nossosriachos\/tabuleiros\/wp-content\/uploads\/sites\/13\/2019\/08\/Ordem_9B-500x204.png 500w\" sizes=\"auto, (max-width: 800px) 100vw, 800px\" \/><\/td>\n<\/tr>\n<tr class=\"row-20\">\n\t<td class=\"column-1\"><strong  id=\"10\">10A<\/strong><\/td><td class=\"column-2\">Corpo coberto por escamas, mesmo que diminutas;<br> barbilh\u00f5es ausentes; corpo geralmente comprimido lateralmente.<\/td><td class=\"column-3\"><a href=\"http:\/\/nossacasa.net\/nossosriachos\/tabuleiros\/characiformes\/\"><strong id=\"Characiformes\">Characiformes<\/strong><\/a><\/td><td class=\"column-4\"><img loading=\"lazy\" decoding=\"async\" src=\"http:\/\/nossacasa.net\/nossosriachos\/tabuleiros\/wp-content\/uploads\/sites\/8\/2019\/08\/Ordem_10A.png\" alt=\"\" width=\"800\" height=\"272\" class=\"aligncenter size-full wp-image-459\" srcset=\"http:\/\/nossacasa.net\/nossosriachos\/tabuleiros\/wp-content\/uploads\/sites\/13\/2019\/08\/Ordem_10A.png 800w, http:\/\/nossacasa.net\/nossosriachos\/tabuleiros\/wp-content\/uploads\/sites\/13\/2019\/08\/Ordem_10A-300x102.png 300w, http:\/\/nossacasa.net\/nossosriachos\/tabuleiros\/wp-content\/uploads\/sites\/13\/2019\/08\/Ordem_10A-768x261.png 768w, http:\/\/nossacasa.net\/nossosriachos\/tabuleiros\/wp-content\/uploads\/sites\/13\/2019\/08\/Ordem_10A-500x170.png 500w\" sizes=\"auto, (max-width: 800px) 100vw, 800px\" \/><\/td>\n<\/tr>\n<tr class=\"row-21\">\n\t<td class=\"column-1\"><strong>10B<\/strong><\/td><td class=\"column-2\">Escamas ausentes, corpo totalmente nu ou coberto por placas d\u00e9rmicas; barbilh\u00f5es geralmente presentes;<br> corpo geralmente comprimido dorso-ventralmente.<\/td><td class=\"column-3\"><a href=\"http:\/\/nossacasa.net\/nossosriachos\/tabuleiros\/siluriformes\/\"><strong id=\"Siluriformes\">Siluriformes<\/strong><\/a><\/td><td class=\"column-4\"><img loading=\"lazy\" decoding=\"async\" src=\"http:\/\/nossacasa.net\/nossosriachos\/tabuleiros\/wp-content\/uploads\/sites\/8\/2019\/08\/Ordem_10Bs.png\" alt=\"\" width=\"800\" height=\"231\" class=\"aligncenter size-full wp-image-461\" srcset=\"http:\/\/nossacasa.net\/nossosriachos\/tabuleiros\/wp-content\/uploads\/sites\/13\/2019\/08\/Ordem_10Bs.png 800w, http:\/\/nossacasa.net\/nossosriachos\/tabuleiros\/wp-content\/uploads\/sites\/13\/2019\/08\/Ordem_10Bs-300x87.png 300w, http:\/\/nossacasa.net\/nossosriachos\/tabuleiros\/wp-content\/uploads\/sites\/13\/2019\/08\/Ordem_10Bs-768x222.png 768w, http:\/\/nossacasa.net\/nossosriachos\/tabuleiros\/wp-content\/uploads\/sites\/13\/2019\/08\/Ordem_10Bs-500x144.png 500w\" sizes=\"auto, (max-width: 800px) 100vw, 800px\" \/><br \/>\n<br \/>\n<img loading=\"lazy\" decoding=\"async\" src=\"http:\/\/nossacasa.net\/nossosriachos\/tabuleiros\/wp-content\/uploads\/sites\/8\/2019\/08\/Ordem_10Bi.png\" alt=\"\" width=\"800\" height=\"266\" class=\"aligncenter size-full wp-image-460\" srcset=\"http:\/\/nossacasa.net\/nossosriachos\/tabuleiros\/wp-content\/uploads\/sites\/13\/2019\/08\/Ordem_10Bi.png 800w, http:\/\/nossacasa.net\/nossosriachos\/tabuleiros\/wp-content\/uploads\/sites\/13\/2019\/08\/Ordem_10Bi-300x100.png 300w, http:\/\/nossacasa.net\/nossosriachos\/tabuleiros\/wp-content\/uploads\/sites\/13\/2019\/08\/Ordem_10Bi-768x255.png 768w, http:\/\/nossacasa.net\/nossosriachos\/tabuleiros\/wp-content\/uploads\/sites\/13\/2019\/08\/Ordem_10Bi-500x166.png 500w\" sizes=\"auto, (max-width: 800px) 100vw, 800px\" \/><\/td>\n<\/tr>\n<tr class=\"row-22\">\n\t<td colspan=\"4\" class=\"column-1\"><hr><br \/>\n<hr><\/td>\n<\/tr>\n<\/tbody>\n<\/table>\n\n","protected":false},"excerpt":{"rendered":"","protected":false},"author":1,"featured_media":0,"parent":0,"menu_order":0,"comment_status":"closed","ping_status":"closed","template":"template-page-builder-no-header-footer.php","meta":{"footnotes":""},"class_list":["post-1235","page","type-page","status-publish","hentry"],"_links":{"self":[{"href":"http:\/\/nossacasa.net\/nossosriachos\/tabuleiros\/wp-json\/wp\/v2\/pages\/1235","targetHints":{"allow":["GET"]}}],"collection":[{"href":"http:\/\/nossacasa.net\/nossosriachos\/tabuleiros\/wp-json\/wp\/v2\/pages"}],"about":[{"href":"http:\/\/nossacasa.net\/nossosriachos\/tabuleiros\/wp-json\/wp\/v2\/types\/page"}],"author":[{"embeddable":true,"href":"http:\/\/nossacasa.net\/nossosriachos\/tabuleiros\/wp-json\/wp\/v2\/users\/1"}],"replies":[{"embeddable":true,"href":"http:\/\/nossacasa.net\/nossosriachos\/tabuleiros\/wp-json\/wp\/v2\/comments?post=1235"}],"version-history":[{"count":0,"href":"http:\/\/nossacasa.net\/nossosriachos\/tabuleiros\/wp-json\/wp\/v2\/pages\/1235\/revisions"}],"wp:attachment":[{"href":"http:\/\/nossacasa.net\/nossosriachos\/tabuleiros\/wp-json\/wp\/v2\/media?parent=1235"}],"curies":[{"name":"wp","href":"https:\/\/api.w.org\/{rel}","templated":true}]}}