{"id":1343,"date":"2019-09-06T12:13:09","date_gmt":"2019-09-06T15:13:09","guid":{"rendered":"http:\/\/nossacasa.net\/nossosriachos\/rios\/?page_id=1343"},"modified":"2019-09-06T12:13:09","modified_gmt":"2019-09-06T15:13:09","slug":"chave-de-cyprinodontiformes","status":"publish","type":"page","link":"http:\/\/nossacasa.net\/nossosriachos\/tabuleiros\/chave-de-cyprinodontiformes\/","title":{"rendered":"Chave de Cyprinodontiformes"},"content":{"rendered":"\n<table id=\"tablepress-8\" class=\"tablepress tablepress-id-8 tbody-has-connected-cells\">\n<tbody class=\"row-striping row-hover\">\n<tr class=\"row-1\">\n\t<td colspan=\"4\" class=\"column-1\"><h1>Chave de Cyprinodontiformes<\/h1>Os <a href=\"http:\/\/nossacasa.net\/nossosriachos\/tabuleiros\/cyprinodontiformes\/\">Cyprinodontiformes<\/a> do Tabuleiro s\u00e3o representados por uma \u00fanica  fam\u00edlia: <a href=\"http:\/\/nossacasa.net\/nossosriachos\/tabuleiros\/gymnotidae\/\">Gymnotidae<\/a>.<\/td>\n<\/tr>\n<tr class=\"row-2\">\n\t<td class=\"column-1\"><strong>1A<\/strong><\/td><td class=\"column-2\">Membrana opercular cont\u00ednua aos raios branquiostegais; nadadeira anal de machos n\u00e3o modificada em \u00f3rg\u00e3o copulador; ov\u00edparos.<\/td><td class=\"column-3\"><strong><a href=\"http:\/\/nossacasa.net\/nossosriachos\/tabuleiros\/rivulidae\/\">Rivulidae<\/a><\/strong><\/td><td class=\"column-4\"><img loading=\"lazy\" decoding=\"async\" src=\"http:\/\/nossacasa.net\/nossosriachos\/tabuleiros\/wp-content\/uploads\/sites\/8\/2019\/08\/Cyprinodontiformes_1A.png\" alt=\"\" width=\"800\" height=\"845\" class=\"aligncenter size-full wp-image-348\" srcset=\"http:\/\/nossacasa.net\/nossosriachos\/tabuleiros\/wp-content\/uploads\/sites\/13\/2019\/08\/Cyprinodontiformes_1A.png 800w, http:\/\/nossacasa.net\/nossosriachos\/tabuleiros\/wp-content\/uploads\/sites\/13\/2019\/08\/Cyprinodontiformes_1A-284x300.png 284w, http:\/\/nossacasa.net\/nossosriachos\/tabuleiros\/wp-content\/uploads\/sites\/13\/2019\/08\/Cyprinodontiformes_1A-768x811.png 768w\" sizes=\"auto, (max-width: 800px) 100vw, 800px\" \/><\/td>\n<\/tr>\n<tr class=\"row-3\">\n\t<td class=\"column-1\"><strong>1B<\/strong><\/td><td class=\"column-2\">Membrana opercular separada dos raios branquiostegais; machos com nadadeira anal modificada em gonop\u00f3dio; viv\u00edparos.<\/td><td class=\"column-3\"><strong><a href=\"http:\/\/nossacasa.net\/nossosriachos\/tabuleiros\/poeciliidae\/\">Poeciliidae<\/a><\/strong><\/td><td class=\"column-4\"><img loading=\"lazy\" decoding=\"async\" src=\"http:\/\/nossacasa.net\/nossosriachos\/tabuleiros\/wp-content\/uploads\/sites\/8\/2019\/08\/Cyprinodontiformes_1B.png\" alt=\"\" width=\"800\" height=\"468\" class=\"aligncenter size-full wp-image-349\" srcset=\"http:\/\/nossacasa.net\/nossosriachos\/tabuleiros\/wp-content\/uploads\/sites\/13\/2019\/08\/Cyprinodontiformes_1B.png 800w, http:\/\/nossacasa.net\/nossosriachos\/tabuleiros\/wp-content\/uploads\/sites\/13\/2019\/08\/Cyprinodontiformes_1B-300x176.png 300w, http:\/\/nossacasa.net\/nossosriachos\/tabuleiros\/wp-content\/uploads\/sites\/13\/2019\/08\/Cyprinodontiformes_1B-768x449.png 768w, http:\/\/nossacasa.net\/nossosriachos\/tabuleiros\/wp-content\/uploads\/sites\/13\/2019\/08\/Cyprinodontiformes_1B-500x293.png 500w\" sizes=\"auto, (max-width: 800px) 100vw, 800px\" \/><\/td>\n<\/tr>\n<tr class=\"row-4\">\n\t<td colspan=\"4\" class=\"column-1\"><hr><br \/>\n<strong>Organiza\u00e7\u00e3o:<\/strong> L.M. Sarmento-Soares e R.F. Martins-Pinheiro.<br \/>\n<strong>Imagens:<\/strong> L.M. Sarmento-Soares e L.N. Rodrigues.<br \/>\n<hr><\/td>\n<\/tr>\n<\/tbody>\n<\/table>\n\n","protected":false},"excerpt":{"rendered":"","protected":false},"author":1,"featured_media":0,"parent":0,"menu_order":0,"comment_status":"closed","ping_status":"closed","template":"template-page-builder-no-header-footer.php","meta":{"footnotes":""},"class_list":["post-1343","page","type-page","status-publish","hentry"],"_links":{"self":[{"href":"http:\/\/nossacasa.net\/nossosriachos\/tabuleiros\/wp-json\/wp\/v2\/pages\/1343","targetHints":{"allow":["GET"]}}],"collection":[{"href":"http:\/\/nossacasa.net\/nossosriachos\/tabuleiros\/wp-json\/wp\/v2\/pages"}],"about":[{"href":"http:\/\/nossacasa.net\/nossosriachos\/tabuleiros\/wp-json\/wp\/v2\/types\/page"}],"author":[{"embeddable":true,"href":"http:\/\/nossacasa.net\/nossosriachos\/tabuleiros\/wp-json\/wp\/v2\/users\/1"}],"replies":[{"embeddable":true,"href":"http:\/\/nossacasa.net\/nossosriachos\/tabuleiros\/wp-json\/wp\/v2\/comments?post=1343"}],"version-history":[{"count":0,"href":"http:\/\/nossacasa.net\/nossosriachos\/tabuleiros\/wp-json\/wp\/v2\/pages\/1343\/revisions"}],"wp:attachment":[{"href":"http:\/\/nossacasa.net\/nossosriachos\/tabuleiros\/wp-json\/wp\/v2\/media?parent=1343"}],"curies":[{"name":"wp","href":"https:\/\/api.w.org\/{rel}","templated":true}]}}