{"id":1376,"date":"2019-09-06T16:37:01","date_gmt":"2019-09-06T19:37:01","guid":{"rendered":"http:\/\/nossacasa.net\/nossosriachos\/rios\/?page_id=1376"},"modified":"2019-09-06T16:37:01","modified_gmt":"2019-09-06T19:37:01","slug":"centropomidae-3","status":"publish","type":"page","link":"http:\/\/nossacasa.net\/nossosriachos\/tabuleiros\/centropomidae-3\/","title":{"rendered":"Centropomidae"},"content":{"rendered":"<div style=\"text-align: justify\">\n<h1>Os Centropomidae (Robalos)<\/h1>\n<p><img loading=\"lazy\" decoding=\"async\" src=\"http:\/\/nossacasa.net\/nossosriachos\/rios\/wp-content\/uploads\/sites\/8\/2019\/09\/Centropomidae.png\" alt=\"\" width=\"800\" height=\"302\" class=\"aligncenter size-full wp-image-1379\" srcset=\"http:\/\/nossacasa.net\/nossosriachos\/tabuleiros\/wp-content\/uploads\/sites\/13\/2019\/09\/Centropomidae.png 800w, http:\/\/nossacasa.net\/nossosriachos\/tabuleiros\/wp-content\/uploads\/sites\/13\/2019\/09\/Centropomidae-300x113.png 300w, http:\/\/nossacasa.net\/nossosriachos\/tabuleiros\/wp-content\/uploads\/sites\/13\/2019\/09\/Centropomidae-768x290.png 768w, http:\/\/nossacasa.net\/nossosriachos\/tabuleiros\/wp-content\/uploads\/sites\/13\/2019\/09\/Centropomidae-500x189.png 500w\" sizes=\"auto, (max-width: 800px) 100vw, 800px\" \/><\/p>\n<p>Algumas caracter\u00edsticas da fam\u00edlia <strong>Centropomidae<\/strong>, s\u00e3o ilustradas na figura acima.<\/p>\n<p>Os <strong>Centropomidae<\/strong> possuem a mand\u00edbula prognata, capaz de se projetar muito a frente da maxila. A linha lateral \u00e9 completa, com escamas perfuradas se estendendo at\u00e9 o final da cauda. A nadadeira dorsal est\u00e1 dividida em dois segmentos, uma parte anterior com raios duros (espinhos) e uma parte posterior com um espinho seguido por 8 a 11 raios moles.A nadadeira p\u00e9lvica possui um espinho robusto e 5 raios moles. <\/p>\n<p>Peixes <strong>Centropomidae<\/strong> est\u00e3o agrupados em um \u00fanico g\u00eanero, <em>Centropomus<\/em>, com doze esp\u00e9cies ao todo (Nelson et al., 2016), sendo que duas delas habitam os estu\u00e1rios e ter\u00e7o inferior dos rios na Mata Atl\u00e2ntica de tabuleiros. As \u00e1guas doces servem de ber\u00e7\u00e1rio a esses peixes que tem elevada import\u00e2ncia comercial na regi\u00e3o. A esp\u00e9cie mais comum na regi\u00e3o \u00e9 <em>Centropomus undecimalis<\/em>. <\/p>\n<p>Os tabuleiros da Mata Atl\u00e2ntica s\u00e3o povoados por peixes pertencentes ao \u00fanico g\u00eanero da fam\u00edlia <strong>Centropomidae<\/strong>: <em>Centropomus<\/em>. <\/p>\n<hr>\n<p><strong><a href=\"http:\/\/nossacasa.net\/nossosriachos\/rios\/chave-de-centropomus\">CHAVE DE <em>CENTROPOMUS<\/em><\/a><\/strong><\/p>\n<hr>\n<\/div>\n","protected":false},"excerpt":{"rendered":"<p>Os Centropomidae (Robalos) Algumas caracter\u00edsticas da fam\u00edlia Centropomidae, s\u00e3o ilustradas na figura acima. Os Centropomidae possuem a mand\u00edbula prognata, capaz de se projetar muito a frente da maxila. A linha lateral \u00e9 completa, com escamas perfuradas se estendendo at\u00e9 o &hellip; <a href=\"http:\/\/nossacasa.net\/nossosriachos\/tabuleiros\/centropomidae-3\/\">Continue lendo <span class=\"meta-nav\">&rarr;<\/span><\/a><\/p>\n","protected":false},"author":1,"featured_media":0,"parent":0,"menu_order":0,"comment_status":"closed","ping_status":"closed","template":"","meta":{"footnotes":""},"class_list":["post-1376","page","type-page","status-publish","hentry"],"_links":{"self":[{"href":"http:\/\/nossacasa.net\/nossosriachos\/tabuleiros\/wp-json\/wp\/v2\/pages\/1376","targetHints":{"allow":["GET"]}}],"collection":[{"href":"http:\/\/nossacasa.net\/nossosriachos\/tabuleiros\/wp-json\/wp\/v2\/pages"}],"about":[{"href":"http:\/\/nossacasa.net\/nossosriachos\/tabuleiros\/wp-json\/wp\/v2\/types\/page"}],"author":[{"embeddable":true,"href":"http:\/\/nossacasa.net\/nossosriachos\/tabuleiros\/wp-json\/wp\/v2\/users\/1"}],"replies":[{"embeddable":true,"href":"http:\/\/nossacasa.net\/nossosriachos\/tabuleiros\/wp-json\/wp\/v2\/comments?post=1376"}],"version-history":[{"count":0,"href":"http:\/\/nossacasa.net\/nossosriachos\/tabuleiros\/wp-json\/wp\/v2\/pages\/1376\/revisions"}],"wp:attachment":[{"href":"http:\/\/nossacasa.net\/nossosriachos\/tabuleiros\/wp-json\/wp\/v2\/media?parent=1376"}],"curies":[{"name":"wp","href":"https:\/\/api.w.org\/{rel}","templated":true}]}}