{"id":1401,"date":"2019-09-06T18:27:10","date_gmt":"2019-09-06T21:27:10","guid":{"rendered":"http:\/\/nossacasa.net\/nossosriachos\/rios\/?page_id=1401"},"modified":"2019-09-06T18:27:10","modified_gmt":"2019-09-06T21:27:10","slug":"chave-de-perciformes","status":"publish","type":"page","link":"http:\/\/nossacasa.net\/nossosriachos\/tabuleiros\/chave-de-perciformes\/","title":{"rendered":"Chave de Perciformes"},"content":{"rendered":"\n<table id=\"tablepress-12\" class=\"tablepress tablepress-id-12 tbody-has-connected-cells\">\n<tbody class=\"row-striping row-hover\">\n<tr class=\"row-1\">\n\t<td colspan=\"4\" class=\"column-1\"><h1>Chave de Perciformes<\/h1>Os <strong><a href=\"http:\/\/nossacasa.net\/nossosriachos\/tabuleiros\/perciformes\/\">Perciformes<\/a><\/strong> do Tabuleiro s\u00e3o representados por uma \u00fanica fam\u00edlia: <strong><a href=\"http:\/\/nossacasa.net\/nossosriachos\/tabuleiros\/centropomidae\/\">Centropomidae<\/a><\/strong>.<\/td>\n<\/tr>\n<tr class=\"row-2\">\n\t<td class=\"column-1\"><strong>1A<\/strong><\/td><td class=\"column-2\">Nadadeira dorsal com 18 a 40 raios;<br \/>\nnadadeira anal com 1 ou 2 espinhos;<br \/>\nboca terminal, mand\u00edbula levemente prognata;<br \/>\nnadadeira caudal bifurcada.<\/td><td class=\"column-3\"><strong><a href=\"http:\/\/nossacasa.net\/nossosriachos\/tabuleiros\/centropomidae\/\">Centropomidae<\/a><\/strong><\/td><td class=\"column-4\"><img loading=\"lazy\" decoding=\"async\" src=\"http:\/\/nossacasa.net\/nossosriachos\/tabuleiros\/wp-content\/uploads\/sites\/8\/2019\/08\/Perciformes_1A-1.png\" alt=\"\" width=\"800\" height=\"309\" class=\"aligncenter size-full wp-image-586\" srcset=\"http:\/\/nossacasa.net\/nossosriachos\/tabuleiros\/wp-content\/uploads\/sites\/13\/2019\/08\/Perciformes_1A-1.png 800w, http:\/\/nossacasa.net\/nossosriachos\/tabuleiros\/wp-content\/uploads\/sites\/13\/2019\/08\/Perciformes_1A-1-300x116.png 300w, http:\/\/nossacasa.net\/nossosriachos\/tabuleiros\/wp-content\/uploads\/sites\/13\/2019\/08\/Perciformes_1A-1-768x297.png 768w, http:\/\/nossacasa.net\/nossosriachos\/tabuleiros\/wp-content\/uploads\/sites\/13\/2019\/08\/Perciformes_1A-1-500x193.png 500w\" sizes=\"auto, (max-width: 800px) 100vw, 800px\" \/><\/td>\n<\/tr>\n<tr class=\"row-3\">\n\t<td class=\"column-1\"><strong>1BA<\/strong><\/td><td class=\"column-2\">Nadadeira dorsal com 8 a 11 raios;<br \/>\nnadadeira anal com 3 espinhos;<br \/>\nboca subterminal ou inferior, maxila mais longa que a mand\u00edbula;<br \/>\nnadadeira caudal reta, arredondada, lanceolada ou romboidal.<\/td><td class=\"column-3\"><strong>outras Fam\u00edlias<\/strong><\/td><td class=\"column-4\"><\/td>\n<\/tr>\n<tr class=\"row-4\">\n\t<td colspan=\"4\" class=\"column-1\"><hr><br \/>\n<strong>Organiza\u00e7\u00e3o:<\/strong> L.M. Sarmento-Soares e R.F. Martins-Pinheiro. <br \/>\n<strong>Adaptado de:<\/strong> Corr\u00eaa (1992); Fisher et al. (2011) e Figueiredo e Menezes (2000). <br \/>\n<strong>Imagens:<\/strong> L.M. Sarmento-Soares; C.B. M. Alves.<br \/>\n<hr><\/td>\n<\/tr>\n<\/tbody>\n<\/table>\n\n","protected":false},"excerpt":{"rendered":"","protected":false},"author":1,"featured_media":0,"parent":0,"menu_order":0,"comment_status":"closed","ping_status":"closed","template":"template-page-builder-no-header-footer.php","meta":{"footnotes":""},"class_list":["post-1401","page","type-page","status-publish","hentry"],"_links":{"self":[{"href":"http:\/\/nossacasa.net\/nossosriachos\/tabuleiros\/wp-json\/wp\/v2\/pages\/1401","targetHints":{"allow":["GET"]}}],"collection":[{"href":"http:\/\/nossacasa.net\/nossosriachos\/tabuleiros\/wp-json\/wp\/v2\/pages"}],"about":[{"href":"http:\/\/nossacasa.net\/nossosriachos\/tabuleiros\/wp-json\/wp\/v2\/types\/page"}],"author":[{"embeddable":true,"href":"http:\/\/nossacasa.net\/nossosriachos\/tabuleiros\/wp-json\/wp\/v2\/users\/1"}],"replies":[{"embeddable":true,"href":"http:\/\/nossacasa.net\/nossosriachos\/tabuleiros\/wp-json\/wp\/v2\/comments?post=1401"}],"version-history":[{"count":0,"href":"http:\/\/nossacasa.net\/nossosriachos\/tabuleiros\/wp-json\/wp\/v2\/pages\/1401\/revisions"}],"wp:attachment":[{"href":"http:\/\/nossacasa.net\/nossosriachos\/tabuleiros\/wp-json\/wp\/v2\/media?parent=1401"}],"curies":[{"name":"wp","href":"https:\/\/api.w.org\/{rel}","templated":true}]}}