{"id":1409,"date":"2019-09-07T11:30:36","date_gmt":"2019-09-07T14:30:36","guid":{"rendered":"http:\/\/nossacasa.net\/nossosriachos\/rios\/?page_id=1409"},"modified":"2019-09-07T11:30:36","modified_gmt":"2019-09-07T14:30:36","slug":"myrophis-2","status":"publish","type":"page","link":"http:\/\/nossacasa.net\/nossosriachos\/tabuleiros\/myrophis-2\/","title":{"rendered":"Myrophis"},"content":{"rendered":"<div style=\"text-align: justify\">\n<h1>Os <em>Myrophis<\/em> L\u00fctken, 1852<\/h1>\n<p><img loading=\"lazy\" decoding=\"async\" src=\"http:\/\/nossacasa.net\/nossosriachos\/rios\/wp-content\/uploads\/sites\/8\/2019\/09\/Myrophis.png\" alt=\"\" width=\"800\" height=\"212\" class=\"aligncenter size-full wp-image-1410\" srcset=\"http:\/\/nossacasa.net\/nossosriachos\/tabuleiros\/wp-content\/uploads\/sites\/13\/2019\/09\/Myrophis.png 800w, http:\/\/nossacasa.net\/nossosriachos\/tabuleiros\/wp-content\/uploads\/sites\/13\/2019\/09\/Myrophis-300x80.png 300w, http:\/\/nossacasa.net\/nossosriachos\/tabuleiros\/wp-content\/uploads\/sites\/13\/2019\/09\/Myrophis-768x204.png 768w, http:\/\/nossacasa.net\/nossosriachos\/tabuleiros\/wp-content\/uploads\/sites\/13\/2019\/09\/Myrophis-500x133.png 500w\" sizes=\"auto, (max-width: 800px) 100vw, 800px\" \/><\/p>\n<p>Algumas caracter\u00edsticas do g\u00eanero <em>Myrophis<\/em> est\u00e3o indicadas na figura acima.<\/p>\n<p>S\u00e3o peixes pequenos, semelhantes a <em>Ahlia<\/em>, uma vez que ambos possuem a nadadeira peitoral reduzida e a caudal flex\u00edvel. <em>Myrophis<\/em> se diferencia por possuir a nadadeira dorsal a frente da vertical do \u00e2nus e o palato com dentes.<\/p>\n<p>O g\u00eanero <em>Myrophis<\/em> e um dos tr\u00eas g\u00eaneros da fam\u00edlia Ophichthidae representante dos Anguilliformes nas regi\u00f5es dos tabuleiros, sendo encontrada pr\u00f3ximo a foz dos pequenos riachos que desembocam no Oceano Atl\u00e2ntico. <\/p>\n<p>Nos rios  c\u00f3rregos dos tabuleiros da Mata Atl\u00e2ntica encontramos uma \u00fanica esp\u00e9cie do g\u00eanero <em>Mirophis<\/em>: <em>Mirophis punctatus<\/em>.<\/p>\n<hr>\n<\/div>\n","protected":false},"excerpt":{"rendered":"<p>Os Myrophis L\u00fctken, 1852 Algumas caracter\u00edsticas do g\u00eanero Myrophis est\u00e3o indicadas na figura acima. S\u00e3o peixes pequenos, semelhantes a Ahlia, uma vez que ambos possuem a nadadeira peitoral reduzida e a caudal flex\u00edvel. Myrophis se diferencia por possuir a nadadeira &hellip; <a href=\"http:\/\/nossacasa.net\/nossosriachos\/tabuleiros\/myrophis-2\/\">Continue lendo <span class=\"meta-nav\">&rarr;<\/span><\/a><\/p>\n","protected":false},"author":1,"featured_media":0,"parent":0,"menu_order":0,"comment_status":"closed","ping_status":"closed","template":"","meta":{"footnotes":""},"class_list":["post-1409","page","type-page","status-publish","hentry"],"_links":{"self":[{"href":"http:\/\/nossacasa.net\/nossosriachos\/tabuleiros\/wp-json\/wp\/v2\/pages\/1409","targetHints":{"allow":["GET"]}}],"collection":[{"href":"http:\/\/nossacasa.net\/nossosriachos\/tabuleiros\/wp-json\/wp\/v2\/pages"}],"about":[{"href":"http:\/\/nossacasa.net\/nossosriachos\/tabuleiros\/wp-json\/wp\/v2\/types\/page"}],"author":[{"embeddable":true,"href":"http:\/\/nossacasa.net\/nossosriachos\/tabuleiros\/wp-json\/wp\/v2\/users\/1"}],"replies":[{"embeddable":true,"href":"http:\/\/nossacasa.net\/nossosriachos\/tabuleiros\/wp-json\/wp\/v2\/comments?post=1409"}],"version-history":[{"count":0,"href":"http:\/\/nossacasa.net\/nossosriachos\/tabuleiros\/wp-json\/wp\/v2\/pages\/1409\/revisions"}],"wp:attachment":[{"href":"http:\/\/nossacasa.net\/nossosriachos\/tabuleiros\/wp-json\/wp\/v2\/media?parent=1409"}],"curies":[{"name":"wp","href":"https:\/\/api.w.org\/{rel}","templated":true}]}}