{"id":1425,"date":"2019-09-09T11:21:31","date_gmt":"2019-09-09T14:21:31","guid":{"rendered":"http:\/\/nossacasa.net\/nossosriachos\/rios\/?page_id=1425"},"modified":"2019-09-28T15:09:56","modified_gmt":"2019-09-28T18:09:56","slug":"ahlia-egmontis","status":"publish","type":"page","link":"http:\/\/nossacasa.net\/nossosriachos\/tabuleiros\/ahlia-egmontis\/","title":{"rendered":"Ahlia egmontis"},"content":{"rendered":"<div style=\"text-align: justify\">\n<h1><em>Ahlia egmontis<\/em>  (Jordan, 1884)<\/h1>\n<p><img loading=\"lazy\" decoding=\"async\" src=\"http:\/\/nossacasa.net\/nossosriachos\/rios\/wp-content\/uploads\/sites\/8\/2019\/09\/Ahlia-egmontis.png\" alt=\"\" width=\"800\" height=\"499\" class=\"aligncenter size-full wp-image-1426\" \/><\/p>\n<p>Algumas caracter\u00edsticas de <em>Ahlia egmontis<\/em> s\u00e3o ilustradas na figura acima. <\/p>\n<p>S\u00e3o peixes de tamanho pequeno a m\u00e9dio, alcan\u00e7ando entre 30 a 40 cm de comprimento total. A colora\u00e7\u00e3o do corpo \u00e9 amarelada com diminutos pontos escuros espalhados em especial na por\u00e7\u00e3o latero-dorsal. A nadadeira peitoral \u00e9 reduzida em tamanho e cont\u00e9m doze raios moles. A nadadeira dorsal fica ligeiramente atr\u00e1s da vertical que passa pelo \u00e2nus. Nadadeira caudal vis\u00edvel externamente e confluente com a dorsal e a anal. <\/p>\n<p>Vivem em fundos arenosos de pouca profundidade e em \u00e1guas limpas. Ficam enterrados na areia de onde saem a noite para se alimentar. Realizam migra\u00e7\u00f5es no per\u00edodo de maturidade sexual, e nesta fase se tornam pel\u00e1gicos, ficando pr\u00f3ximos a superf\u00edcie. <\/p>\n<p>S\u00e3o peixes demersais e noturnos. Presentes em pequenos riachos, estu\u00e1rios e po\u00e7as de mar\u00e9. <\/p>\n<p>A esp\u00e9cie <em>Ahlia egmontis<\/em> (Caramuru) \u00e9 a \u00fanica representante do g\u00eanero <em><a href=\"http:\/\/nossacasa.net\/nossosriachos\/rios\/ahlia\/\">Ahlia<\/a><\/em> da fam\u00edlia <a href=\"http:\/\/nossacasa.net\/nossosriachos\/rios\/ophichthidae\/\">Ophichthidae<\/a> nas regi\u00f5es dos tabuleiros, sendo encontrada pr\u00f3ximo a foz dos pequenos riachos que desembocam no Oceano Atl\u00e2ntico.\n<\/div>\n","protected":false},"excerpt":{"rendered":"<p>Ahlia egmontis (Jordan, 1884) Algumas caracter\u00edsticas de Ahlia egmontis s\u00e3o ilustradas na figura acima. S\u00e3o peixes de tamanho pequeno a m\u00e9dio, alcan\u00e7ando entre 30 a 40 cm de comprimento total. A colora\u00e7\u00e3o do corpo \u00e9 amarelada com diminutos pontos escuros &hellip; <a href=\"http:\/\/nossacasa.net\/nossosriachos\/tabuleiros\/ahlia-egmontis\/\">Continue lendo <span class=\"meta-nav\">&rarr;<\/span><\/a><\/p>\n","protected":false},"author":1,"featured_media":0,"parent":0,"menu_order":0,"comment_status":"closed","ping_status":"closed","template":"","meta":{"footnotes":""},"class_list":["post-1425","page","type-page","status-publish","hentry"],"_links":{"self":[{"href":"http:\/\/nossacasa.net\/nossosriachos\/tabuleiros\/wp-json\/wp\/v2\/pages\/1425","targetHints":{"allow":["GET"]}}],"collection":[{"href":"http:\/\/nossacasa.net\/nossosriachos\/tabuleiros\/wp-json\/wp\/v2\/pages"}],"about":[{"href":"http:\/\/nossacasa.net\/nossosriachos\/tabuleiros\/wp-json\/wp\/v2\/types\/page"}],"author":[{"embeddable":true,"href":"http:\/\/nossacasa.net\/nossosriachos\/tabuleiros\/wp-json\/wp\/v2\/users\/1"}],"replies":[{"embeddable":true,"href":"http:\/\/nossacasa.net\/nossosriachos\/tabuleiros\/wp-json\/wp\/v2\/comments?post=1425"}],"version-history":[{"count":1,"href":"http:\/\/nossacasa.net\/nossosriachos\/tabuleiros\/wp-json\/wp\/v2\/pages\/1425\/revisions"}],"predecessor-version":[{"id":4154,"href":"http:\/\/nossacasa.net\/nossosriachos\/tabuleiros\/wp-json\/wp\/v2\/pages\/1425\/revisions\/4154"}],"wp:attachment":[{"href":"http:\/\/nossacasa.net\/nossosriachos\/tabuleiros\/wp-json\/wp\/v2\/media?parent=1425"}],"curies":[{"name":"wp","href":"https:\/\/api.w.org\/{rel}","templated":true}]}}