{"id":1433,"date":"2019-09-09T11:31:38","date_gmt":"2019-09-09T14:31:38","guid":{"rendered":"http:\/\/nossacasa.net\/nossosriachos\/rios\/?page_id=1433"},"modified":"2019-09-09T11:31:38","modified_gmt":"2019-09-09T14:31:38","slug":"myrophis-punctatus","status":"publish","type":"page","link":"http:\/\/nossacasa.net\/nossosriachos\/tabuleiros\/myrophis-punctatus\/","title":{"rendered":"Myrophis punctatus"},"content":{"rendered":"<div style=\"text-align: justify\">\n<h1><em>Myrophis punctatus<\/em> L\u00fctken, 1852<\/h1>\n<p><img loading=\"lazy\" decoding=\"async\" src=\"http:\/\/nossacasa.net\/nossosriachos\/rios\/wp-content\/uploads\/sites\/8\/2019\/09\/Myrophis-punctatus.png\" alt=\"\" width=\"800\" height=\"231\" class=\"aligncenter size-full wp-image-1437\" srcset=\"http:\/\/nossacasa.net\/nossosriachos\/tabuleiros\/wp-content\/uploads\/sites\/13\/2019\/09\/Myrophis-punctatus.png 800w, http:\/\/nossacasa.net\/nossosriachos\/tabuleiros\/wp-content\/uploads\/sites\/13\/2019\/09\/Myrophis-punctatus-300x87.png 300w, http:\/\/nossacasa.net\/nossosriachos\/tabuleiros\/wp-content\/uploads\/sites\/13\/2019\/09\/Myrophis-punctatus-768x222.png 768w, http:\/\/nossacasa.net\/nossosriachos\/tabuleiros\/wp-content\/uploads\/sites\/13\/2019\/09\/Myrophis-punctatus-500x144.png 500w\" sizes=\"auto, (max-width: 800px) 100vw, 800px\" \/><\/p>\n<p>Algumas caracter\u00edsticas de <em>Myrophis punctatus<\/em> s\u00e3o ilustradas na figura acima. <\/p>\n<p>S\u00e3o peixes pequenos, semelhantes a <em>Ahlia<\/em>, uma vez que ambos possuem a nadadeira peitoral reduzida e a caudal flex\u00edvel.<\/p>\n<p><em>Myrophis<\/em> se diferencia por possuir a nadadeira dorsal a frente da vertical do \u00e2nus e o palato com dentes.<\/p>\n<p>S\u00e3o peixes de tamanho pequeno a m\u00e9dio, alcan\u00e7ando entre 30 a 40 cm de comprimento total. A colora\u00e7\u00e3o do corpo \u00e9 amarelada com diminutos pontos escuros espalhados em especial na por\u00e7\u00e3o latero-dorsal. A nadadeira peitoral \u00e9 reduzida em tamanho e cont\u00e9m doze raios moles. A nadadeira dorsal fica ligeiramente atr\u00e1s da vertical que passa pelo \u00e2nus. Nadadeira caudal vis\u00edvel externamente e confluente com a dorsal e a anal. <\/p>\n<p>Vivem em fundos arenosos de pouca profundidade e em \u00e1guas limpas. Ficam enterrados na areia de onde saem a noite para se alimentar. Realizam migra\u00e7\u00f5es no per\u00edodo de maturidade sexual, e nesta fase se tornam pel\u00e1gicos, ficando pr\u00f3ximos a superf\u00edcie. <\/p>\n<p>S\u00e3o peixes demersais e noturnos. Presentes em pequenos riachos, estu\u00e1rios e po\u00e7as de mar\u00e9. <\/p>\n<p>A esp\u00e9cie <em>Myrophis punctatus<\/em> (Caramuru) \u00e9 a \u00fanica representante do g\u00eanero <em><a href=\"http:\/\/nossacasa.net\/nossosriachos\/rios\/myrophis\/\">Myrophis<\/a><\/em> da fam\u00edlia <a href=\"http:\/\/nossacasa.net\/nossosriachos\/rios\/ophichthidae\/\">Ophichthidae<\/a> nas regi\u00f5es dos tabuleiros, sendo encontrada pr\u00f3ximo a foz dos pequenos riachos que desembocam no Oceano Atl\u00e2ntico.\n<\/div>\n","protected":false},"excerpt":{"rendered":"<p>Myrophis punctatus L\u00fctken, 1852 Algumas caracter\u00edsticas de Myrophis punctatus s\u00e3o ilustradas na figura acima. S\u00e3o peixes pequenos, semelhantes a Ahlia, uma vez que ambos possuem a nadadeira peitoral reduzida e a caudal flex\u00edvel. Myrophis se diferencia por possuir a nadadeira &hellip; <a href=\"http:\/\/nossacasa.net\/nossosriachos\/tabuleiros\/myrophis-punctatus\/\">Continue lendo <span class=\"meta-nav\">&rarr;<\/span><\/a><\/p>\n","protected":false},"author":1,"featured_media":1437,"parent":0,"menu_order":0,"comment_status":"closed","ping_status":"closed","template":"","meta":{"footnotes":""},"class_list":["post-1433","page","type-page","status-publish","has-post-thumbnail","hentry"],"_links":{"self":[{"href":"http:\/\/nossacasa.net\/nossosriachos\/tabuleiros\/wp-json\/wp\/v2\/pages\/1433","targetHints":{"allow":["GET"]}}],"collection":[{"href":"http:\/\/nossacasa.net\/nossosriachos\/tabuleiros\/wp-json\/wp\/v2\/pages"}],"about":[{"href":"http:\/\/nossacasa.net\/nossosriachos\/tabuleiros\/wp-json\/wp\/v2\/types\/page"}],"author":[{"embeddable":true,"href":"http:\/\/nossacasa.net\/nossosriachos\/tabuleiros\/wp-json\/wp\/v2\/users\/1"}],"replies":[{"embeddable":true,"href":"http:\/\/nossacasa.net\/nossosriachos\/tabuleiros\/wp-json\/wp\/v2\/comments?post=1433"}],"version-history":[{"count":0,"href":"http:\/\/nossacasa.net\/nossosriachos\/tabuleiros\/wp-json\/wp\/v2\/pages\/1433\/revisions"}],"wp:featuredmedia":[{"embeddable":true,"href":"http:\/\/nossacasa.net\/nossosriachos\/tabuleiros\/wp-json\/wp\/v2\/media\/1437"}],"wp:attachment":[{"href":"http:\/\/nossacasa.net\/nossosriachos\/tabuleiros\/wp-json\/wp\/v2\/media?parent=1433"}],"curies":[{"name":"wp","href":"https:\/\/api.w.org\/{rel}","templated":true}]}}