{"id":1451,"date":"2019-09-09T14:14:10","date_gmt":"2019-09-09T17:14:10","guid":{"rendered":"http:\/\/nossacasa.net\/nossosriachos\/rios\/?page_id=1451"},"modified":"2019-09-24T16:25:34","modified_gmt":"2019-09-24T19:25:34","slug":"hypomasticus-thayeri","status":"publish","type":"page","link":"http:\/\/nossacasa.net\/nossosriachos\/tabuleiros\/hypomasticus-thayeri\/","title":{"rendered":"Hypomasticus thayeri"},"content":{"rendered":"<div style=\"text-align: justify\">\n<h1><em>Hypomasticus thayeri<\/em>  (Borodin, 1929) <\/h1>\n<p><img loading=\"lazy\" decoding=\"async\" src=\"http:\/\/nossacasa.net\/nossosriachos\/tabuleiros\/wp-content\/uploads\/sites\/8\/2019\/09\/Hypomasticus-thayeri.png\" alt=\"\" width=\"800\" height=\"235\" class=\"aligncenter size-full wp-image-1598\" srcset=\"http:\/\/nossacasa.net\/nossosriachos\/tabuleiros\/wp-content\/uploads\/sites\/13\/2019\/09\/Hypomasticus-thayeri.png 800w, http:\/\/nossacasa.net\/nossosriachos\/tabuleiros\/wp-content\/uploads\/sites\/13\/2019\/09\/Hypomasticus-thayeri-300x88.png 300w, http:\/\/nossacasa.net\/nossosriachos\/tabuleiros\/wp-content\/uploads\/sites\/13\/2019\/09\/Hypomasticus-thayeri-768x226.png 768w, http:\/\/nossacasa.net\/nossosriachos\/tabuleiros\/wp-content\/uploads\/sites\/13\/2019\/09\/Hypomasticus-thayeri-500x147.png 500w\" sizes=\"auto, (max-width: 800px) 100vw, 800px\" \/><\/p>\n<p>Algumas caracter\u00edsticas da esp\u00e9cie <strong><em>Hypomasticus thayeri<\/em><\/strong> est\u00e3o indicadas na figura acima.<\/p>\n<p><strong><em>Hypomasticus thayeri<\/em><\/strong> possui o corpo alongado e o focinho longo. Quando jovens possuem tr\u00eas m\u00e1culas alongadas no corpo, que se tornam inconsp\u00edcuas nos adultos. <\/p>\n<p>Apesar das duas esp\u00e9cies de <em><a href=\"http:\/\/nossacasa.net\/nossosriachos\/tabuleiros\/hypomasticus\/\">Hypomasticus<\/a><\/em> serem muito semelhantes entre si, em <strong><em>Hypomasticus thayeri<\/em><\/strong> a linha lateral tem menos escamas perfuradas, 37 a 38 escamas (versus 40 a 41 em <a href=\"http:\/\/nossacasa.net\/nossosriachos\/tabuleiros\/hypomasticus-mormyrops\/\"><em>Hypomasticus mormyrops<\/em><\/a>). <\/p>\n<p>\u00c9 uma esp\u00e9cie de calha, migradora (reof\u00edlica), que sobe as corredeiras. Suas popula\u00e7\u00f5es tem sido muito afetadas no caso de barramentos dos grandes rios. \u00c9 registrada para a calha do Rio Doce, incluindo alguns trechos de cabeceira. Provavelmente mais abundante no passado, hoje a esp\u00e9cie \u00e9 dificilmente encontrada, com exce\u00e7\u00e3o de um trecho ainda livre no rio Santo Antonio, contribuinte do Rio Doce (MMA, 2018). <\/p>\n<p>Diante da redu\u00e7\u00e3o populacional e raridade, a esp\u00e9cie Hypomasticus thayeri foi listada como Em Perigo &#8211; EN (MMA, 2018). <\/p>\n<p>A esp\u00e9cie <strong><em>Hypomasticus thayeri<\/em><\/strong> \u00e9 a uma das duas representante do g\u00eanero <em><a href=\"http:\/\/nossacasa.net\/nossosriachos\/tabuleiros\/hypomasticus\/\">Hypomasticus<\/a><\/em> da fam\u00edlia <a href=\"http:\/\/nossacasa.net\/nossosriachos\/tabuleiros\/anostomidae\/\">Anostomidae<\/a> nas regi\u00f5es dos tabuleiros. <\/p>\n<hr>\n<\/div>\n","protected":false},"excerpt":{"rendered":"<p>Hypomasticus thayeri (Borodin, 1929) Algumas caracter\u00edsticas da esp\u00e9cie Hypomasticus thayeri est\u00e3o indicadas na figura acima. Hypomasticus thayeri possui o corpo alongado e o focinho longo. Quando jovens possuem tr\u00eas m\u00e1culas alongadas no corpo, que se tornam inconsp\u00edcuas nos adultos. Apesar &hellip; <a href=\"http:\/\/nossacasa.net\/nossosriachos\/tabuleiros\/hypomasticus-thayeri\/\">Continue lendo <span class=\"meta-nav\">&rarr;<\/span><\/a><\/p>\n","protected":false},"author":1,"featured_media":1598,"parent":0,"menu_order":0,"comment_status":"closed","ping_status":"closed","template":"","meta":{"footnotes":""},"class_list":["post-1451","page","type-page","status-publish","has-post-thumbnail","hentry"],"_links":{"self":[{"href":"http:\/\/nossacasa.net\/nossosriachos\/tabuleiros\/wp-json\/wp\/v2\/pages\/1451","targetHints":{"allow":["GET"]}}],"collection":[{"href":"http:\/\/nossacasa.net\/nossosriachos\/tabuleiros\/wp-json\/wp\/v2\/pages"}],"about":[{"href":"http:\/\/nossacasa.net\/nossosriachos\/tabuleiros\/wp-json\/wp\/v2\/types\/page"}],"author":[{"embeddable":true,"href":"http:\/\/nossacasa.net\/nossosriachos\/tabuleiros\/wp-json\/wp\/v2\/users\/1"}],"replies":[{"embeddable":true,"href":"http:\/\/nossacasa.net\/nossosriachos\/tabuleiros\/wp-json\/wp\/v2\/comments?post=1451"}],"version-history":[{"count":2,"href":"http:\/\/nossacasa.net\/nossosriachos\/tabuleiros\/wp-json\/wp\/v2\/pages\/1451\/revisions"}],"predecessor-version":[{"id":4035,"href":"http:\/\/nossacasa.net\/nossosriachos\/tabuleiros\/wp-json\/wp\/v2\/pages\/1451\/revisions\/4035"}],"wp:featuredmedia":[{"embeddable":true,"href":"http:\/\/nossacasa.net\/nossosriachos\/tabuleiros\/wp-json\/wp\/v2\/media\/1598"}],"wp:attachment":[{"href":"http:\/\/nossacasa.net\/nossosriachos\/tabuleiros\/wp-json\/wp\/v2\/media?parent=1451"}],"curies":[{"name":"wp","href":"https:\/\/api.w.org\/{rel}","templated":true}]}}