{"id":1464,"date":"2019-09-09T14:46:09","date_gmt":"2019-09-09T17:46:09","guid":{"rendered":"http:\/\/nossacasa.net\/nossosriachos\/rios\/?page_id=1464"},"modified":"2019-09-24T16:37:06","modified_gmt":"2019-09-24T19:37:06","slug":"leporinus-copelandii","status":"publish","type":"page","link":"http:\/\/nossacasa.net\/nossosriachos\/tabuleiros\/leporinus-copelandii\/","title":{"rendered":"Leporinus copelandii"},"content":{"rendered":"<div style=\"text-align: justify\">\n<h1><em>Leporinus copelandii<\/em> Steindachner, 1875<\/h1>\n<div id=\"attachment_3101\" style=\"width: 810px\" class=\"wp-caption aligncenter\"><img loading=\"lazy\" decoding=\"async\" aria-describedby=\"caption-attachment-3101\" src=\"http:\/\/nossacasa.net\/nossosriachos\/tabuleiros\/wp-content\/uploads\/sites\/8\/2019\/09\/Leporinus-copelandii.png\" alt=\"\" width=\"800\" height=\"298\" class=\"size-full wp-image-3101\" srcset=\"http:\/\/nossacasa.net\/nossosriachos\/tabuleiros\/wp-content\/uploads\/sites\/13\/2019\/09\/Leporinus-copelandii.png 800w, http:\/\/nossacasa.net\/nossosriachos\/tabuleiros\/wp-content\/uploads\/sites\/13\/2019\/09\/Leporinus-copelandii-300x112.png 300w, http:\/\/nossacasa.net\/nossosriachos\/tabuleiros\/wp-content\/uploads\/sites\/13\/2019\/09\/Leporinus-copelandii-768x286.png 768w, http:\/\/nossacasa.net\/nossosriachos\/tabuleiros\/wp-content\/uploads\/sites\/13\/2019\/09\/Leporinus-copelandii-500x186.png 500w\" sizes=\"auto, (max-width: 800px) 100vw, 800px\" \/><p id=\"caption-attachment-3101\" class=\"wp-caption-text\">Foto: L.M. Sarmento Soares<\/p><\/div>\n<div id=\"attachment_3102\" style=\"width: 810px\" class=\"wp-caption aligncenter\"><img loading=\"lazy\" decoding=\"async\" aria-describedby=\"caption-attachment-3102\" src=\"http:\/\/nossacasa.net\/nossosriachos\/tabuleiros\/wp-content\/uploads\/sites\/8\/2019\/09\/Leporinus-copelandii_i.png\" alt=\"\" width=\"800\" height=\"314\" class=\"size-full wp-image-3102\" srcset=\"http:\/\/nossacasa.net\/nossosriachos\/tabuleiros\/wp-content\/uploads\/sites\/13\/2019\/09\/Leporinus-copelandii_i.png 800w, http:\/\/nossacasa.net\/nossosriachos\/tabuleiros\/wp-content\/uploads\/sites\/13\/2019\/09\/Leporinus-copelandii_i-300x118.png 300w, http:\/\/nossacasa.net\/nossosriachos\/tabuleiros\/wp-content\/uploads\/sites\/13\/2019\/09\/Leporinus-copelandii_i-768x301.png 768w, http:\/\/nossacasa.net\/nossosriachos\/tabuleiros\/wp-content\/uploads\/sites\/13\/2019\/09\/Leporinus-copelandii_i-500x196.png 500w\" sizes=\"auto, (max-width: 800px) 100vw, 800px\" \/><p id=\"caption-attachment-3102\" class=\"wp-caption-text\">Foto: L.M. Sarmento Soares<\/p><\/div>\n<p>Algumas caracter\u00edsticas da esp\u00e9cie <strong><em>Leporinus copelandii<\/em><\/strong> est\u00e3o indicadas na figura acima.<\/p>\n<p>Em vida \u00e9 facilmente distinguida de seus cong\u00eaneres por possuir o canto do l\u00e1bio e a nadadeira adiposa vermelhos. Possuem tr\u00eas m\u00e1culas alongadas no corpo, abaixo da linha lateral nos adultos. Os jovens possuem estrias verticais e ainda as m\u00e1culas. <\/p>\n<p>Os juvenis povoam os riachos, sendo facilmente encontrados em locais de \u00e1gua limpa e clara. <\/p>\n<p>Os adultos vivem junto a calha fluvial dos grandes rios, em ambientes de corredeiras. S\u00e3o peixes migradores (reof\u00edlicos), que sobem as corredeiras. Suas popula\u00e7\u00f5es podem ser afetadas no caso de barramentos dos grandes rios. \u00c9 uma esp\u00e9cie herb\u00edvora, registrada entre os rios Doce e Buranh\u00e9m, e faz parte da alimenta\u00e7\u00e3o da popula\u00e7\u00e3o ribeirinha. Tem potencial para cria\u00e7\u00e3o em cativeiro (Pereira et al., 2007). <\/p>\n<p>A esp\u00e9cie <strong><em>Leporinus copelandii<\/em><\/strong> \u00e9 uma das duas representante do g\u00eanero <em><a href=\"http:\/\/nossacasa.net\/nossosriachos\/tabuleiros\/leporinus\/\">Leporinus<\/a><\/em> da fam\u00edlia <a href=\"http:\/\/nossacasa.net\/nossosriachos\/tabuleiros\/anostomidaee\/\">Anostomidae<\/a> nas regi\u00f5es dos tabuleiros. <\/p>\n<hr>\n<\/div>\n","protected":false},"excerpt":{"rendered":"<p>Leporinus copelandii Steindachner, 1875 Algumas caracter\u00edsticas da esp\u00e9cie Leporinus copelandii est\u00e3o indicadas na figura acima. Em vida \u00e9 facilmente distinguida de seus cong\u00eaneres por possuir o canto do l\u00e1bio e a nadadeira adiposa vermelhos. Possuem tr\u00eas m\u00e1culas alongadas no corpo, &hellip; <a href=\"http:\/\/nossacasa.net\/nossosriachos\/tabuleiros\/leporinus-copelandii\/\">Continue lendo <span class=\"meta-nav\">&rarr;<\/span><\/a><\/p>\n","protected":false},"author":1,"featured_media":1437,"parent":0,"menu_order":0,"comment_status":"closed","ping_status":"closed","template":"","meta":{"footnotes":""},"class_list":["post-1464","page","type-page","status-publish","has-post-thumbnail","hentry"],"_links":{"self":[{"href":"http:\/\/nossacasa.net\/nossosriachos\/tabuleiros\/wp-json\/wp\/v2\/pages\/1464","targetHints":{"allow":["GET"]}}],"collection":[{"href":"http:\/\/nossacasa.net\/nossosriachos\/tabuleiros\/wp-json\/wp\/v2\/pages"}],"about":[{"href":"http:\/\/nossacasa.net\/nossosriachos\/tabuleiros\/wp-json\/wp\/v2\/types\/page"}],"author":[{"embeddable":true,"href":"http:\/\/nossacasa.net\/nossosriachos\/tabuleiros\/wp-json\/wp\/v2\/users\/1"}],"replies":[{"embeddable":true,"href":"http:\/\/nossacasa.net\/nossosriachos\/tabuleiros\/wp-json\/wp\/v2\/comments?post=1464"}],"version-history":[{"count":2,"href":"http:\/\/nossacasa.net\/nossosriachos\/tabuleiros\/wp-json\/wp\/v2\/pages\/1464\/revisions"}],"predecessor-version":[{"id":4044,"href":"http:\/\/nossacasa.net\/nossosriachos\/tabuleiros\/wp-json\/wp\/v2\/pages\/1464\/revisions\/4044"}],"wp:featuredmedia":[{"embeddable":true,"href":"http:\/\/nossacasa.net\/nossosriachos\/tabuleiros\/wp-json\/wp\/v2\/media\/1437"}],"wp:attachment":[{"href":"http:\/\/nossacasa.net\/nossosriachos\/tabuleiros\/wp-json\/wp\/v2\/media?parent=1464"}],"curies":[{"name":"wp","href":"https:\/\/api.w.org\/{rel}","templated":true}]}}