{"id":1466,"date":"2019-09-09T14:47:59","date_gmt":"2019-09-09T17:47:59","guid":{"rendered":"http:\/\/nossacasa.net\/nossosriachos\/rios\/?page_id=1466"},"modified":"2019-09-24T16:38:39","modified_gmt":"2019-09-24T19:38:39","slug":"leporinus-steindachneri","status":"publish","type":"page","link":"http:\/\/nossacasa.net\/nossosriachos\/tabuleiros\/leporinus-steindachneri\/","title":{"rendered":"Leporinus steindachneri"},"content":{"rendered":"<div style=\"text-align: justify\">\n<h1><em>Leporinus steindachneri<\/em> Eigenmann in Eigenmann and Ogle, 1907<\/h1>\n<div id=\"attachment_3103\" style=\"width: 810px\" class=\"wp-caption aligncenter\"><img loading=\"lazy\" decoding=\"async\" aria-describedby=\"caption-attachment-3103\" src=\"http:\/\/nossacasa.net\/nossosriachos\/tabuleiros\/wp-content\/uploads\/sites\/8\/2019\/09\/Leporinus-steindachneri.png\" alt=\"\" width=\"800\" height=\"221\" class=\"size-full wp-image-3103\" srcset=\"http:\/\/nossacasa.net\/nossosriachos\/tabuleiros\/wp-content\/uploads\/sites\/13\/2019\/09\/Leporinus-steindachneri.png 800w, http:\/\/nossacasa.net\/nossosriachos\/tabuleiros\/wp-content\/uploads\/sites\/13\/2019\/09\/Leporinus-steindachneri-300x83.png 300w, http:\/\/nossacasa.net\/nossosriachos\/tabuleiros\/wp-content\/uploads\/sites\/13\/2019\/09\/Leporinus-steindachneri-768x212.png 768w, http:\/\/nossacasa.net\/nossosriachos\/tabuleiros\/wp-content\/uploads\/sites\/13\/2019\/09\/Leporinus-steindachneri-500x138.png 500w\" sizes=\"auto, (max-width: 800px) 100vw, 800px\" \/><p id=\"caption-attachment-3103\" class=\"wp-caption-text\">Foto: T.C. Pessali<\/p><\/div>\n<p>Algumas caracter\u00edsticas da esp\u00e9cie <strong><em>Leporinus steindachneri<\/em><\/strong> est\u00e3o indicadas na figura acima.<\/p>\n<p>Possuir tr\u00eas m\u00e1culas arredondadas grandes, na altura da linha lateral, caracter\u00edstica que lhe confere o nome de Piau tr\u00eas pintas. As nadadeiras s\u00e3o amareladas nos adultos. <\/p>\n<p>Esses peixes habitam grandes rios, junto a calha fluvial, em ambientes de corredeiras. S\u00e3o peixes migradores (reof\u00edlicos), que sobem as corredeiras. Suas popula\u00e7\u00f5es podem ser afetadas no caso de barramentos dos grandes rios. <\/p>\n<p>\u00c9 uma esp\u00e9cie herb\u00edvora, registrada entre os rios Mucuri e Jequitinhonha.  Pompeu e Martinez (2006; 2007) registraram que indiv\u00edduos de <strong><em>L. steindachneri<\/em><\/strong> passaram vivos ou machucados pelo elevador de peixes na UHE Santa Clara, no rio Mucuri. <\/p>\n<p>A esp\u00e9cie <strong><em>Leporinus steindachneri<\/em><\/strong> \u00e9 uma das duas representante do g\u00eanero <em><a href=\"http:\/\/nossacasa.net\/nossosriachos\/tabuleiros\/leporinus\/\">Leporinus<\/a><\/em> da fam\u00edlia <a href=\"http:\/\/nossacasa.net\/nossosriachos\/tabuleiros\/anostomidaee\/\">Anostomidae<\/a> nas regi\u00f5es dos tabuleiros. <\/p>\n<hr>\n<\/div>\n","protected":false},"excerpt":{"rendered":"<p>Leporinus steindachneri Eigenmann in Eigenmann and Ogle, 1907 Algumas caracter\u00edsticas da esp\u00e9cie Leporinus steindachneri est\u00e3o indicadas na figura acima. Possuir tr\u00eas m\u00e1culas arredondadas grandes, na altura da linha lateral, caracter\u00edstica que lhe confere o nome de Piau tr\u00eas pintas. As &hellip; <a href=\"http:\/\/nossacasa.net\/nossosriachos\/tabuleiros\/leporinus-steindachneri\/\">Continue lendo <span class=\"meta-nav\">&rarr;<\/span><\/a><\/p>\n","protected":false},"author":1,"featured_media":1437,"parent":0,"menu_order":0,"comment_status":"closed","ping_status":"closed","template":"","meta":{"footnotes":""},"class_list":["post-1466","page","type-page","status-publish","has-post-thumbnail","hentry"],"_links":{"self":[{"href":"http:\/\/nossacasa.net\/nossosriachos\/tabuleiros\/wp-json\/wp\/v2\/pages\/1466","targetHints":{"allow":["GET"]}}],"collection":[{"href":"http:\/\/nossacasa.net\/nossosriachos\/tabuleiros\/wp-json\/wp\/v2\/pages"}],"about":[{"href":"http:\/\/nossacasa.net\/nossosriachos\/tabuleiros\/wp-json\/wp\/v2\/types\/page"}],"author":[{"embeddable":true,"href":"http:\/\/nossacasa.net\/nossosriachos\/tabuleiros\/wp-json\/wp\/v2\/users\/1"}],"replies":[{"embeddable":true,"href":"http:\/\/nossacasa.net\/nossosriachos\/tabuleiros\/wp-json\/wp\/v2\/comments?post=1466"}],"version-history":[{"count":1,"href":"http:\/\/nossacasa.net\/nossosriachos\/tabuleiros\/wp-json\/wp\/v2\/pages\/1466\/revisions"}],"predecessor-version":[{"id":4045,"href":"http:\/\/nossacasa.net\/nossosriachos\/tabuleiros\/wp-json\/wp\/v2\/pages\/1466\/revisions\/4045"}],"wp:featuredmedia":[{"embeddable":true,"href":"http:\/\/nossacasa.net\/nossosriachos\/tabuleiros\/wp-json\/wp\/v2\/media\/1437"}],"wp:attachment":[{"href":"http:\/\/nossacasa.net\/nossosriachos\/tabuleiros\/wp-json\/wp\/v2\/media?parent=1466"}],"curies":[{"name":"wp","href":"https:\/\/api.w.org\/{rel}","templated":true}]}}