{"id":1473,"date":"2019-09-09T16:27:10","date_gmt":"2019-09-09T19:27:10","guid":{"rendered":"http:\/\/nossacasa.net\/nossosriachos\/rios\/?page_id=1473"},"modified":"2019-09-22T16:22:26","modified_gmt":"2019-09-22T19:22:26","slug":"megaleporinus-conirostris","status":"publish","type":"page","link":"http:\/\/nossacasa.net\/nossosriachos\/tabuleiros\/megaleporinus-conirostris\/","title":{"rendered":"Megaleporinus conirostris"},"content":{"rendered":"<div style=\"text-align: justify\">\n<h1><em>Megaleporinus conirostris<\/em> (Steindachner, 1875)<\/h1>\n<div id=\"attachment_3108\" style=\"width: 810px\" class=\"wp-caption aligncenter\"><img loading=\"lazy\" decoding=\"async\" aria-describedby=\"caption-attachment-3108\" src=\"http:\/\/nossacasa.net\/nossosriachos\/tabuleiros\/wp-content\/uploads\/sites\/8\/2019\/09\/Megaleporinus-conirostris.png\" alt=\"\" width=\"800\" height=\"332\" class=\"size-full wp-image-3108\" srcset=\"http:\/\/nossacasa.net\/nossosriachos\/tabuleiros\/wp-content\/uploads\/sites\/13\/2019\/09\/Megaleporinus-conirostris.png 800w, http:\/\/nossacasa.net\/nossosriachos\/tabuleiros\/wp-content\/uploads\/sites\/13\/2019\/09\/Megaleporinus-conirostris-300x125.png 300w, http:\/\/nossacasa.net\/nossosriachos\/tabuleiros\/wp-content\/uploads\/sites\/13\/2019\/09\/Megaleporinus-conirostris-768x319.png 768w, http:\/\/nossacasa.net\/nossosriachos\/tabuleiros\/wp-content\/uploads\/sites\/13\/2019\/09\/Megaleporinus-conirostris-500x208.png 500w\" sizes=\"auto, (max-width: 800px) 100vw, 800px\" \/><p id=\"caption-attachment-3108\" class=\"wp-caption-text\">Foto: L.M. Sarmento-Soares<\/p><\/div>\n<p>Algumas caracter\u00edsticas da esp\u00e9cie <em>Megaleporinus conirostris<\/em>s est\u00e3o indicadas na figura acima.<\/p>\n<p>Indiv\u00edduos jovens possuem em torno de 12 a 14 barras verticais escuras nos lados do corpo. Possuem 38 a 39 escamas perfuradas na linha lateral. Escamas circumpedunculares 13 a 16 . O focinho alongado, algo c\u00f4nico, d\u00e1 nome a esp\u00e9cie (Garavello, 1979).<\/p>\n<p>\u00c9 um peixe reof\u00edlico, de h\u00e1bitos migrat\u00f3rios, encontrado em ambientes l\u00f3ticos, de correnteza forte. Assim como os demais piaus da regi\u00e3o, tem alimenta\u00e7\u00e3o herb\u00edvora, com dentes unic\u00faspides de bordo cortante em ambas as arcadas. Foi registrada para o canal principal de grandes rios, como o Rio Doce, Mucuri, Itanh\u00e9m, Jucuru\u00e7u. No extremo sul da Bahia \u00e9 uma esp\u00e9cie relativamente comum (Sarmento Soares et al. 2009).<\/p>\n<p>A esp\u00e9cie <em>Megaleporinus conirostris<\/em> \u00e9 a \u00fanica representante do g\u00eanero <em><a href=\"http:\/\/nossacasa.net\/nossosriachos\/tabuleiros\/megaleporinus\/\">Megaleporinus<\/a><\/em> da fam\u00edlia <a href=\"http:\/\/nossacasa.net\/nossosriachos\/tabuleiros\/anostomidaee\/\">Anostomidae<\/a> nas regi\u00f5es dos tabuleiros. <\/p>\n<\/div>\n","protected":false},"excerpt":{"rendered":"<p>Megaleporinus conirostris (Steindachner, 1875) Algumas caracter\u00edsticas da esp\u00e9cie Megaleporinus conirostriss est\u00e3o indicadas na figura acima. Indiv\u00edduos jovens possuem em torno de 12 a 14 barras verticais escuras nos lados do corpo. Possuem 38 a 39 escamas perfuradas na linha lateral. &hellip; <a href=\"http:\/\/nossacasa.net\/nossosriachos\/tabuleiros\/megaleporinus-conirostris\/\">Continue lendo <span class=\"meta-nav\">&rarr;<\/span><\/a><\/p>\n","protected":false},"author":1,"featured_media":1437,"parent":0,"menu_order":0,"comment_status":"closed","ping_status":"closed","template":"","meta":{"footnotes":""},"class_list":["post-1473","page","type-page","status-publish","has-post-thumbnail","hentry"],"_links":{"self":[{"href":"http:\/\/nossacasa.net\/nossosriachos\/tabuleiros\/wp-json\/wp\/v2\/pages\/1473","targetHints":{"allow":["GET"]}}],"collection":[{"href":"http:\/\/nossacasa.net\/nossosriachos\/tabuleiros\/wp-json\/wp\/v2\/pages"}],"about":[{"href":"http:\/\/nossacasa.net\/nossosriachos\/tabuleiros\/wp-json\/wp\/v2\/types\/page"}],"author":[{"embeddable":true,"href":"http:\/\/nossacasa.net\/nossosriachos\/tabuleiros\/wp-json\/wp\/v2\/users\/1"}],"replies":[{"embeddable":true,"href":"http:\/\/nossacasa.net\/nossosriachos\/tabuleiros\/wp-json\/wp\/v2\/comments?post=1473"}],"version-history":[{"count":1,"href":"http:\/\/nossacasa.net\/nossosriachos\/tabuleiros\/wp-json\/wp\/v2\/pages\/1473\/revisions"}],"predecessor-version":[{"id":3658,"href":"http:\/\/nossacasa.net\/nossosriachos\/tabuleiros\/wp-json\/wp\/v2\/pages\/1473\/revisions\/3658"}],"wp:featuredmedia":[{"embeddable":true,"href":"http:\/\/nossacasa.net\/nossosriachos\/tabuleiros\/wp-json\/wp\/v2\/media\/1437"}],"wp:attachment":[{"href":"http:\/\/nossacasa.net\/nossosriachos\/tabuleiros\/wp-json\/wp\/v2\/media?parent=1473"}],"curies":[{"name":"wp","href":"https:\/\/api.w.org\/{rel}","templated":true}]}}