{"id":1479,"date":"2019-09-09T16:47:27","date_gmt":"2019-09-09T19:47:27","guid":{"rendered":"http:\/\/nossacasa.net\/nossosriachos\/rios\/?page_id=1479"},"modified":"2019-09-24T15:17:06","modified_gmt":"2019-09-24T18:17:06","slug":"brycon","status":"publish","type":"page","link":"http:\/\/nossacasa.net\/nossosriachos\/tabuleiros\/brycon\/","title":{"rendered":"Brycon"},"content":{"rendered":"<div style=\"text-align: justify\">\n<h1>Os <em>Brycon<\/em> M\u00fcller and Troschel, 1844<\/h1>\n<p><img loading=\"lazy\" decoding=\"async\" src=\"http:\/\/nossacasa.net\/nossosriachos\/tabuleiros\/wp-content\/uploads\/sites\/8\/2019\/09\/Brycon.png\" alt=\"\" width=\"800\" height=\"259\" class=\"aligncenter size-full wp-image-2978\" srcset=\"http:\/\/nossacasa.net\/nossosriachos\/tabuleiros\/wp-content\/uploads\/sites\/13\/2019\/09\/Brycon.png 800w, http:\/\/nossacasa.net\/nossosriachos\/tabuleiros\/wp-content\/uploads\/sites\/13\/2019\/09\/Brycon-300x97.png 300w, http:\/\/nossacasa.net\/nossosriachos\/tabuleiros\/wp-content\/uploads\/sites\/13\/2019\/09\/Brycon-768x249.png 768w, http:\/\/nossacasa.net\/nossosriachos\/tabuleiros\/wp-content\/uploads\/sites\/13\/2019\/09\/Brycon-500x162.png 500w\" sizes=\"auto, (max-width: 800px) 100vw, 800px\" \/><\/p>\n<p><img loading=\"lazy\" decoding=\"async\" src=\"http:\/\/nossacasa.net\/nossosriachos\/tabuleiros\/wp-content\/uploads\/sites\/8\/2019\/09\/Brycon_i.png\" alt=\"\" width=\"800\" height=\"508\" class=\"aligncenter size-full wp-image-2983\" srcset=\"http:\/\/nossacasa.net\/nossosriachos\/tabuleiros\/wp-content\/uploads\/sites\/13\/2019\/09\/Brycon_i.png 800w, http:\/\/nossacasa.net\/nossosriachos\/tabuleiros\/wp-content\/uploads\/sites\/13\/2019\/09\/Brycon_i-300x191.png 300w, http:\/\/nossacasa.net\/nossosriachos\/tabuleiros\/wp-content\/uploads\/sites\/13\/2019\/09\/Brycon_i-768x488.png 768w, http:\/\/nossacasa.net\/nossosriachos\/tabuleiros\/wp-content\/uploads\/sites\/13\/2019\/09\/Brycon_i-472x300.png 472w\" sizes=\"auto, (max-width: 800px) 100vw, 800px\" \/><\/p>\n<p>Algumas caracter\u00edsticas do g\u00eanero <strong><em>Brycon<\/em><\/strong> est\u00e3o indicadas nas figuras acima.<\/p>\n<p>As esp\u00e9cies de <strong><em>Brycon<\/em><\/strong> se diferenciam de todos os outros peixes de escama na Mata Atl\u00e2ntica de tabuleiros por possu\u00edrem tr\u00eas fileiras de dentes no premaxilar. <\/p>\n<p>S\u00e3o peixes de nata\u00e7\u00e3o ativa, tendo o abdome arredondado e o corpo roli\u00e7o, revestido por escamas pequenas, que ultrapassam a contagem de 40 escamas perfuradas na linha lateral (Lima, 2017). A nadadeira anal \u00e9 longa, com mais de 15 raios ramificados.<\/p>\n<p>O g\u00eanero <strong><em>Brycon<\/em><\/strong> e um dos tr\u00eas g\u00eaneros da fam\u00edlia <a href=\"http:\/\/nossacasa.net\/nossosriachos\/tabuleiros\/bryconidae\/\">Bryconidae<\/a> representante dos <a href=\"http:\/\/nossacasa.net\/nossosriachos\/tabuleiros\/characiformes\/\">Characiformes<\/a> nas regi\u00f5es dos tabuleiros. <\/p>\n<p>Na regi\u00e3o dos tabuleiros da Mata Atl\u00e2ntica s\u00e3o encontradas tr\u00eas esp\u00e9cies do g\u00eanero <strong><em>Brycon<\/em><\/strong>: <em> <a href=\"http:\/\/nossacasa.net\/nossosriachos\/tabuleiros\/brycon-dulcis\/\">Brycon dulcis<\/a><\/em>, <em><a href=\"http:\/\/nossacasa.net\/nossosriachos\/tabuleiros\/brycon-ferox\/\">Brycon ferox<\/a><\/em> e <em><a href=\"http:\/\/nossacasa.net\/nossosriachos\/tabuleiros\/brycon-vermelha\/\">Brycon vermelha<\/a><\/em>.<\/p>\n<hr>\n<p><strong><a href=\"http:\/\/nossacasa.net\/nossosriachos\/tabuleiros\/chave-de-brycon\/\">CHAVE DE <em>BRYCON<\/em><\/a><\/strong><\/p>\n<hr>\n<\/div>\n","protected":false},"excerpt":{"rendered":"<p>Os Brycon M\u00fcller and Troschel, 1844 Algumas caracter\u00edsticas do g\u00eanero Brycon est\u00e3o indicadas nas figuras acima. As esp\u00e9cies de Brycon se diferenciam de todos os outros peixes de escama na Mata Atl\u00e2ntica de tabuleiros por possu\u00edrem tr\u00eas fileiras de dentes &hellip; <a href=\"http:\/\/nossacasa.net\/nossosriachos\/tabuleiros\/brycon\/\">Continue lendo <span class=\"meta-nav\">&rarr;<\/span><\/a><\/p>\n","protected":false},"author":1,"featured_media":0,"parent":0,"menu_order":0,"comment_status":"closed","ping_status":"closed","template":"","meta":{"footnotes":""},"class_list":["post-1479","page","type-page","status-publish","hentry"],"_links":{"self":[{"href":"http:\/\/nossacasa.net\/nossosriachos\/tabuleiros\/wp-json\/wp\/v2\/pages\/1479","targetHints":{"allow":["GET"]}}],"collection":[{"href":"http:\/\/nossacasa.net\/nossosriachos\/tabuleiros\/wp-json\/wp\/v2\/pages"}],"about":[{"href":"http:\/\/nossacasa.net\/nossosriachos\/tabuleiros\/wp-json\/wp\/v2\/types\/page"}],"author":[{"embeddable":true,"href":"http:\/\/nossacasa.net\/nossosriachos\/tabuleiros\/wp-json\/wp\/v2\/users\/1"}],"replies":[{"embeddable":true,"href":"http:\/\/nossacasa.net\/nossosriachos\/tabuleiros\/wp-json\/wp\/v2\/comments?post=1479"}],"version-history":[{"count":3,"href":"http:\/\/nossacasa.net\/nossosriachos\/tabuleiros\/wp-json\/wp\/v2\/pages\/1479\/revisions"}],"predecessor-version":[{"id":4009,"href":"http:\/\/nossacasa.net\/nossosriachos\/tabuleiros\/wp-json\/wp\/v2\/pages\/1479\/revisions\/4009"}],"wp:attachment":[{"href":"http:\/\/nossacasa.net\/nossosriachos\/tabuleiros\/wp-json\/wp\/v2\/media?parent=1479"}],"curies":[{"name":"wp","href":"https:\/\/api.w.org\/{rel}","templated":true}]}}