{"id":1483,"date":"2019-09-09T16:51:58","date_gmt":"2019-09-09T19:51:58","guid":{"rendered":"http:\/\/nossacasa.net\/nossosriachos\/rios\/?page_id=1483"},"modified":"2019-09-24T15:28:14","modified_gmt":"2019-09-24T18:28:14","slug":"brycon-ferox","status":"publish","type":"page","link":"http:\/\/nossacasa.net\/nossosriachos\/tabuleiros\/brycon-ferox\/","title":{"rendered":"Brycon ferox"},"content":{"rendered":"<div style=\"text-align: justify\">\n<h1><em>Brycon ferox<\/em> Steindachner, 1877<\/h1>\n<div id=\"attachment_3113\" style=\"width: 810px\" class=\"wp-caption aligncenter\"><img loading=\"lazy\" decoding=\"async\" aria-describedby=\"caption-attachment-3113\" src=\"http:\/\/nossacasa.net\/nossosriachos\/tabuleiros\/wp-content\/uploads\/sites\/8\/2019\/09\/Brycon-ferox.png\" alt=\"\" width=\"800\" height=\"247\" class=\"size-full wp-image-3113\" srcset=\"http:\/\/nossacasa.net\/nossosriachos\/tabuleiros\/wp-content\/uploads\/sites\/13\/2019\/09\/Brycon-ferox.png 800w, http:\/\/nossacasa.net\/nossosriachos\/tabuleiros\/wp-content\/uploads\/sites\/13\/2019\/09\/Brycon-ferox-300x93.png 300w, http:\/\/nossacasa.net\/nossosriachos\/tabuleiros\/wp-content\/uploads\/sites\/13\/2019\/09\/Brycon-ferox-768x237.png 768w, http:\/\/nossacasa.net\/nossosriachos\/tabuleiros\/wp-content\/uploads\/sites\/13\/2019\/09\/Brycon-ferox-500x154.png 500w\" sizes=\"auto, (max-width: 800px) 100vw, 800px\" \/><p id=\"caption-attachment-3113\" class=\"wp-caption-text\">Foto: E. Baena (em Lima, 2017)<\/p><\/div>\n<p>Algumas caracter\u00edsticas da esp\u00e9cie <strong><em>Brycon ferox<\/em><\/strong> est\u00e3o indicadas na figura acima.<\/p>\n<p>As esp\u00e9cies de <em><a href=\"http:\/\/nossacasa.net\/nossosriachos\/tabuleiros\/brycon\/\">Brycon<\/a><\/em> na floresta de tabuleiro se assemelham entre si por possu\u00edrem o colorido prateado com uma mancha umeral e uma mancha no ped\u00fanculo caudal. <\/p>\n<p><strong><em>Brycon ferox<\/em><\/strong> possui um perfil de cabe\u00e7a afilado, a semelhan\u00e7a de <em><a href=\"http:\/\/nossacasa.net\/nossosriachos\/tabuleiros\/brycon-dulcis\/\">Brycon dulcis<\/a><\/em> (contrastando com o perfil arredondado em <em><a href=\"http:\/\/nossacasa.net\/nossosriachos\/tabuleiros\/brycon-vermelha\/\">Brycon vermelha<\/a><\/em>). <\/p>\n<p>Escamas na linha lateral 48-63 e possui 22 a 27 raios na nadadeira anal (m\u00e9dia 25 raios) (Lima 2017). <\/p>\n<p><strong><em>Brycon ferox<\/em><\/strong> e <em><a href=\"http:\/\/nossacasa.net\/nossosriachos\/tabuleiros\/brycon-dulcis\/\">Brycon dulcis<\/a><\/em> s\u00e3o muito semelhantes entre si. Diferenciam-se pelo heterognatismo das mand\u00edbulas observado em <strong><em>Brycon ferox<\/em><\/strong>, onde a arcada de dentes superior (premaxilar) se projeta a frente da inferior (dent\u00e1rio) (versus  se encaixam uma na outra na oclus\u00e3o da boca em <em><a href=\"http:\/\/nossacasa.net\/nossosriachos\/tabuleiros\/brycon-dulcis\/\">Brycon dulcis<\/a><\/em>).<\/p>\n<p><strong><em>Brycon ferox<\/em><\/strong> ocorre no norte do Esp\u00edrito Santo e extremo sul da Bahia. <\/p>\n<p>A esp\u00e9cie <strong><em>Brycon ferox<\/em><\/strong> \u00e9 uma das tr\u00eas esp\u00e9cies representante do g\u00eanero <a href=\"http:\/\/nossacasa.net\/nossosriachos\/tabuleiros\/brycon\/\"><em>Brycon<\/em><\/a> da fam\u00edlia <a href=\"http:\/\/nossacasa.net\/nossosriachos\/tabuleiros\/bryconidae\/\">Bryconidae<\/a> nas regi\u00f5es dos tabuleiros. <\/p>\n<hr>\n<\/div>\n","protected":false},"excerpt":{"rendered":"<p>Brycon ferox Steindachner, 1877 Algumas caracter\u00edsticas da esp\u00e9cie Brycon ferox est\u00e3o indicadas na figura acima. As esp\u00e9cies de Brycon na floresta de tabuleiro se assemelham entre si por possu\u00edrem o colorido prateado com uma mancha umeral e uma mancha no &hellip; <a href=\"http:\/\/nossacasa.net\/nossosriachos\/tabuleiros\/brycon-ferox\/\">Continue lendo <span class=\"meta-nav\">&rarr;<\/span><\/a><\/p>\n","protected":false},"author":1,"featured_media":3113,"parent":0,"menu_order":0,"comment_status":"closed","ping_status":"closed","template":"","meta":{"footnotes":""},"class_list":["post-1483","page","type-page","status-publish","has-post-thumbnail","hentry"],"_links":{"self":[{"href":"http:\/\/nossacasa.net\/nossosriachos\/tabuleiros\/wp-json\/wp\/v2\/pages\/1483","targetHints":{"allow":["GET"]}}],"collection":[{"href":"http:\/\/nossacasa.net\/nossosriachos\/tabuleiros\/wp-json\/wp\/v2\/pages"}],"about":[{"href":"http:\/\/nossacasa.net\/nossosriachos\/tabuleiros\/wp-json\/wp\/v2\/types\/page"}],"author":[{"embeddable":true,"href":"http:\/\/nossacasa.net\/nossosriachos\/tabuleiros\/wp-json\/wp\/v2\/users\/1"}],"replies":[{"embeddable":true,"href":"http:\/\/nossacasa.net\/nossosriachos\/tabuleiros\/wp-json\/wp\/v2\/comments?post=1483"}],"version-history":[{"count":3,"href":"http:\/\/nossacasa.net\/nossosriachos\/tabuleiros\/wp-json\/wp\/v2\/pages\/1483\/revisions"}],"predecessor-version":[{"id":4014,"href":"http:\/\/nossacasa.net\/nossosriachos\/tabuleiros\/wp-json\/wp\/v2\/pages\/1483\/revisions\/4014"}],"wp:featuredmedia":[{"embeddable":true,"href":"http:\/\/nossacasa.net\/nossosriachos\/tabuleiros\/wp-json\/wp\/v2\/media\/3113"}],"wp:attachment":[{"href":"http:\/\/nossacasa.net\/nossosriachos\/tabuleiros\/wp-json\/wp\/v2\/media?parent=1483"}],"curies":[{"name":"wp","href":"https:\/\/api.w.org\/{rel}","templated":true}]}}