{"id":1485,"date":"2019-09-09T16:53:16","date_gmt":"2019-09-09T19:53:16","guid":{"rendered":"http:\/\/nossacasa.net\/nossosriachos\/rios\/?page_id=1485"},"modified":"2019-09-09T16:53:16","modified_gmt":"2019-09-09T19:53:16","slug":"brycon-opalinus","status":"publish","type":"page","link":"http:\/\/nossacasa.net\/nossosriachos\/tabuleiros\/brycon-opalinus\/","title":{"rendered":"Brycon opalinus"},"content":{"rendered":"<div style=\"text-align: justify\">\n<h1><em>Brycon opalinus<\/em> (Cuvier, 1819)<\/h1>\n<p>Algumas caracter\u00edsticas da esp\u00e9cie <em>Brycon opalinus<\/em>s est\u00e3o indicadas na figura acima.<\/p>\n<p>A esp\u00e9cie Brycon opalinus \u00e9 uma das tr\u00eas esp\u00e9cies representante do g\u00eanero <a href=\"http:\/\/nossacasa.net\/nossosriachos\/rios\/brycon\/\"><em>Brycon<\/em><\/a> da fam\u00edlia <a href=\"http:\/\/nossacasa.net\/nossosriachos\/rios\/bryconidae\/\">Bryconidae<\/a> nas regi\u00f5es dos tabuleiros.\n<\/div>\n","protected":false},"excerpt":{"rendered":"<p>Brycon opalinus (Cuvier, 1819) Algumas caracter\u00edsticas da esp\u00e9cie Brycon opalinuss est\u00e3o indicadas na figura acima. A esp\u00e9cie Brycon opalinus \u00e9 uma das tr\u00eas esp\u00e9cies representante do g\u00eanero Brycon da fam\u00edlia Bryconidae nas regi\u00f5es dos tabuleiros.<\/p>\n","protected":false},"author":1,"featured_media":1437,"parent":0,"menu_order":0,"comment_status":"closed","ping_status":"closed","template":"","meta":{"footnotes":""},"class_list":["post-1485","page","type-page","status-publish","has-post-thumbnail","hentry"],"_links":{"self":[{"href":"http:\/\/nossacasa.net\/nossosriachos\/tabuleiros\/wp-json\/wp\/v2\/pages\/1485","targetHints":{"allow":["GET"]}}],"collection":[{"href":"http:\/\/nossacasa.net\/nossosriachos\/tabuleiros\/wp-json\/wp\/v2\/pages"}],"about":[{"href":"http:\/\/nossacasa.net\/nossosriachos\/tabuleiros\/wp-json\/wp\/v2\/types\/page"}],"author":[{"embeddable":true,"href":"http:\/\/nossacasa.net\/nossosriachos\/tabuleiros\/wp-json\/wp\/v2\/users\/1"}],"replies":[{"embeddable":true,"href":"http:\/\/nossacasa.net\/nossosriachos\/tabuleiros\/wp-json\/wp\/v2\/comments?post=1485"}],"version-history":[{"count":0,"href":"http:\/\/nossacasa.net\/nossosriachos\/tabuleiros\/wp-json\/wp\/v2\/pages\/1485\/revisions"}],"wp:featuredmedia":[{"embeddable":true,"href":"http:\/\/nossacasa.net\/nossosriachos\/tabuleiros\/wp-json\/wp\/v2\/media\/1437"}],"wp:attachment":[{"href":"http:\/\/nossacasa.net\/nossosriachos\/tabuleiros\/wp-json\/wp\/v2\/media?parent=1485"}],"curies":[{"name":"wp","href":"https:\/\/api.w.org\/{rel}","templated":true}]}}