{"id":1496,"date":"2019-09-09T18:40:25","date_gmt":"2019-09-09T21:40:25","guid":{"rendered":"http:\/\/nossacasa.net\/nossosriachos\/rios\/?page_id=1496"},"modified":"2019-09-22T19:10:01","modified_gmt":"2019-09-22T22:10:01","slug":"henochilus","status":"publish","type":"page","link":"http:\/\/nossacasa.net\/nossosriachos\/tabuleiros\/henochilus\/","title":{"rendered":"Henochilus"},"content":{"rendered":"<div style=\"text-align: justify\">\n<h1>Os <em>Henochilus<\/em>  Garman, 1890<\/h1>\n<p><img loading=\"lazy\" decoding=\"async\" src=\"http:\/\/nossacasa.net\/nossosriachos\/tabuleiros\/wp-content\/uploads\/sites\/8\/2019\/09\/Henochilus.png\" alt=\"\" width=\"800\" height=\"248\" class=\"aligncenter size-full wp-image-3002\" srcset=\"http:\/\/nossacasa.net\/nossosriachos\/tabuleiros\/wp-content\/uploads\/sites\/13\/2019\/09\/Henochilus.png 800w, http:\/\/nossacasa.net\/nossosriachos\/tabuleiros\/wp-content\/uploads\/sites\/13\/2019\/09\/Henochilus-300x93.png 300w, http:\/\/nossacasa.net\/nossosriachos\/tabuleiros\/wp-content\/uploads\/sites\/13\/2019\/09\/Henochilus-768x238.png 768w, http:\/\/nossacasa.net\/nossosriachos\/tabuleiros\/wp-content\/uploads\/sites\/13\/2019\/09\/Henochilus-500x155.png 500w\" sizes=\"auto, (max-width: 800px) 100vw, 800px\" \/><\/p>\n<p>Algumas caracter\u00edsticas do g\u00eanero <em>Henochilus<\/em> est\u00e3o indicadas na figura acima.<\/p>\n<p>S\u00e3o peixes pouco conhecidos, descritos para o rio Mucuri e posteriormente localizadas popula\u00e7\u00f5es no ter\u00e7o superior do rio Doce, na sub-bacia do rio Santo Ant\u00f4nio (Vieira et al., 2000). <\/p>\n<p>Haviam popula\u00e7\u00f5es no baixo rio Doce, colecionadas durante o s\u00e9culo XIX na expedi\u00e7\u00e3o Thayer, pr\u00f3ximo \u00e0 cidade de Linhares, no Estado do Esp\u00edrito Santo (Vieira et al., 2008). <\/p>\n<p>\u00c9 bastante prov\u00e1vel que as popula\u00e7\u00f5es do baixo rio Doce estejam extintas, e que esta esp\u00e9cie s\u00f3 ocorra acima da barragem de UHE Mascarenhas, localizada na calha central do rio Doce, pr\u00f3ximo a divisa MG\/ES.<\/p>\n<p>Diferente dos <em><a href=\"http:\/\/nossacasa.net\/nossosriachos\/tabuleiros\/brycon\/\">Brycon<\/a><\/em>, que tem tr\u00eas fileiras de dentes, os peixes <em>Henochilus<\/em> possuem apenas duas fileiras de dentes no premaxilar (Lima, 2003). A fileira externa cont\u00e9m dentes grandes, com c\u00faspide central bem desenvolvida, e margeiam a borda da arcada. Os dentes s\u00e3o facilmente vis\u00edveis pois esses peixes carecem de osso supramaxilar (Castro et al., 2004). No dent\u00e1rio possuem um par de dentes caninos na s\u00ednfise mandibular. <\/p>\n<p>O g\u00eanero Henochilus e um dos tr\u00eas g\u00eaneros da fam\u00edlia <a href=\"http:\/\/nossacasa.net\/nossosriachos\/tabuleiros\/bryconidae\/\">Bryconidae<\/a> representante dos <a href=\"http:\/\/nossacasa.net\/nossosriachos\/tabuleiros\/characiformes\/\">Characiformes<\/a> nas regi\u00f5es dos tabuleiros. <\/p>\n<p>Na regi\u00e3o dos tabuleiros da Mata Atl\u00e2ntica se encontra uma \u00fanica esp\u00e9cie do g\u00eanero <em>Henochilus<\/em>:  <a href=\"http:\/\/nossacasa.net\/nossosriachos\/tabuleiros\/henochilus-wheatlandii\/\"><em>Henochilus wheatlandii<\/em><\/a>.<\/p>\n<hr>\n<\/div>\n","protected":false},"excerpt":{"rendered":"<p>Os Henochilus Garman, 1890 Algumas caracter\u00edsticas do g\u00eanero Henochilus est\u00e3o indicadas na figura acima. S\u00e3o peixes pouco conhecidos, descritos para o rio Mucuri e posteriormente localizadas popula\u00e7\u00f5es no ter\u00e7o superior do rio Doce, na sub-bacia do rio Santo Ant\u00f4nio (Vieira &hellip; <a href=\"http:\/\/nossacasa.net\/nossosriachos\/tabuleiros\/henochilus\/\">Continue lendo <span class=\"meta-nav\">&rarr;<\/span><\/a><\/p>\n","protected":false},"author":1,"featured_media":0,"parent":0,"menu_order":0,"comment_status":"closed","ping_status":"closed","template":"","meta":{"footnotes":""},"class_list":["post-1496","page","type-page","status-publish","hentry"],"_links":{"self":[{"href":"http:\/\/nossacasa.net\/nossosriachos\/tabuleiros\/wp-json\/wp\/v2\/pages\/1496","targetHints":{"allow":["GET"]}}],"collection":[{"href":"http:\/\/nossacasa.net\/nossosriachos\/tabuleiros\/wp-json\/wp\/v2\/pages"}],"about":[{"href":"http:\/\/nossacasa.net\/nossosriachos\/tabuleiros\/wp-json\/wp\/v2\/types\/page"}],"author":[{"embeddable":true,"href":"http:\/\/nossacasa.net\/nossosriachos\/tabuleiros\/wp-json\/wp\/v2\/users\/1"}],"replies":[{"embeddable":true,"href":"http:\/\/nossacasa.net\/nossosriachos\/tabuleiros\/wp-json\/wp\/v2\/comments?post=1496"}],"version-history":[{"count":2,"href":"http:\/\/nossacasa.net\/nossosriachos\/tabuleiros\/wp-json\/wp\/v2\/pages\/1496\/revisions"}],"predecessor-version":[{"id":3695,"href":"http:\/\/nossacasa.net\/nossosriachos\/tabuleiros\/wp-json\/wp\/v2\/pages\/1496\/revisions\/3695"}],"wp:attachment":[{"href":"http:\/\/nossacasa.net\/nossosriachos\/tabuleiros\/wp-json\/wp\/v2\/media?parent=1496"}],"curies":[{"name":"wp","href":"https:\/\/api.w.org\/{rel}","templated":true}]}}