{"id":1498,"date":"2019-09-09T18:42:59","date_gmt":"2019-09-09T21:42:59","guid":{"rendered":"http:\/\/nossacasa.net\/nossosriachos\/rios\/?page_id=1498"},"modified":"2019-09-09T18:42:59","modified_gmt":"2019-09-09T21:42:59","slug":"henochilus-wheatlandii","status":"publish","type":"page","link":"http:\/\/nossacasa.net\/nossosriachos\/tabuleiros\/henochilus-wheatlandii\/","title":{"rendered":"Henochilus wheatlandii"},"content":{"rendered":"<div style=\"text-align: justify\">\n<h1><em>Henochilus wheatlandii<\/em> Garman, 1890<\/h1>\n<div id=\"attachment_3124\" style=\"width: 810px\" class=\"wp-caption aligncenter\"><img loading=\"lazy\" decoding=\"async\" aria-describedby=\"caption-attachment-3124\" src=\"http:\/\/nossacasa.net\/nossosriachos\/rios\/wp-content\/uploads\/sites\/8\/2019\/09\/Henochilus-wheatlandii.png\" alt=\"\" width=\"800\" height=\"259\" class=\"size-full wp-image-3124\" srcset=\"http:\/\/nossacasa.net\/nossosriachos\/tabuleiros\/wp-content\/uploads\/sites\/13\/2019\/09\/Henochilus-wheatlandii.png 800w, http:\/\/nossacasa.net\/nossosriachos\/tabuleiros\/wp-content\/uploads\/sites\/13\/2019\/09\/Henochilus-wheatlandii-300x97.png 300w, http:\/\/nossacasa.net\/nossosriachos\/tabuleiros\/wp-content\/uploads\/sites\/13\/2019\/09\/Henochilus-wheatlandii-768x249.png 768w, http:\/\/nossacasa.net\/nossosriachos\/tabuleiros\/wp-content\/uploads\/sites\/13\/2019\/09\/Henochilus-wheatlandii-500x162.png 500w\" sizes=\"auto, (max-width: 800px) 100vw, 800px\" \/><p id=\"caption-attachment-3124\" class=\"wp-caption-text\">Foto: T.C. Pessali<\/p><\/div>\n<p>Algumas caracter\u00edsticas da esp\u00e9cie <em>Henochilus wheatlandii<\/em>s est\u00e3o indicadas na figura acima.<\/p>\n<p>Os peixes <em>Henochilus wheatlandii<\/em> possuem apenas duas fileiras de dentes no premaxilar (Lima, 2003). A fileira externa cont\u00e9m dentes grandes, com c\u00faspide central bem desenvolvida, e margeiam a borda da arcada. Os dentes s\u00e3o facilmente vis\u00edveis pois esses peixes carecem de osso supramaxilar, ou seja, n\u00e3o tem o l\u00e1bio superior (Vieira et al., 2000; Castro et al., 2004). No dent\u00e1rio possuem um par de dentes caninos na s\u00ednfise mandibular. <\/p>\n<p><em>Henochilus wheatlandii<\/em> se alimenta de sementes, flores, folhas e frutos em sua fase adulta. Habita trechos fluviais com banco de macr\u00f3fitas semi submersas (MMA, 2018).  Aparentemente dependem de ambientes l\u00f3ticos, de correnteza, para se reproduzirem (Vieira et al., 2008). S\u00e3o peixes de porte m\u00e9dio, alcan\u00e7ando at\u00e9 35 cm de comprimento padr\u00e3o<\/p>\n<p>A esp\u00e9cie <em>Henochilus wheatlandii<\/em> \u00e9 a \u00fanica esp\u00e9cie representante do g\u00eanero <a href=\"http:\/\/nossacasa.net\/nossosriachos\/rios\/henochilus\/\">Henochilus<\/a> da fam\u00edlia <a href=\"http:\/\/nossacasa.net\/nossosriachos\/rios\/bryconidae\/\">Bryconidae<\/a> nas regi\u00f5es dos tabuleiros.\n<\/div>\n","protected":false},"excerpt":{"rendered":"<p>Henochilus wheatlandii Garman, 1890 Algumas caracter\u00edsticas da esp\u00e9cie Henochilus wheatlandiis est\u00e3o indicadas na figura acima. Os peixes Henochilus wheatlandii possuem apenas duas fileiras de dentes no premaxilar (Lima, 2003). A fileira externa cont\u00e9m dentes grandes, com c\u00faspide central bem desenvolvida, &hellip; <a href=\"http:\/\/nossacasa.net\/nossosriachos\/tabuleiros\/henochilus-wheatlandii\/\">Continue lendo <span class=\"meta-nav\">&rarr;<\/span><\/a><\/p>\n","protected":false},"author":1,"featured_media":3124,"parent":0,"menu_order":0,"comment_status":"closed","ping_status":"closed","template":"","meta":{"footnotes":""},"class_list":["post-1498","page","type-page","status-publish","has-post-thumbnail","hentry"],"_links":{"self":[{"href":"http:\/\/nossacasa.net\/nossosriachos\/tabuleiros\/wp-json\/wp\/v2\/pages\/1498","targetHints":{"allow":["GET"]}}],"collection":[{"href":"http:\/\/nossacasa.net\/nossosriachos\/tabuleiros\/wp-json\/wp\/v2\/pages"}],"about":[{"href":"http:\/\/nossacasa.net\/nossosriachos\/tabuleiros\/wp-json\/wp\/v2\/types\/page"}],"author":[{"embeddable":true,"href":"http:\/\/nossacasa.net\/nossosriachos\/tabuleiros\/wp-json\/wp\/v2\/users\/1"}],"replies":[{"embeddable":true,"href":"http:\/\/nossacasa.net\/nossosriachos\/tabuleiros\/wp-json\/wp\/v2\/comments?post=1498"}],"version-history":[{"count":0,"href":"http:\/\/nossacasa.net\/nossosriachos\/tabuleiros\/wp-json\/wp\/v2\/pages\/1498\/revisions"}],"wp:featuredmedia":[{"embeddable":true,"href":"http:\/\/nossacasa.net\/nossosriachos\/tabuleiros\/wp-json\/wp\/v2\/media\/3124"}],"wp:attachment":[{"href":"http:\/\/nossacasa.net\/nossosriachos\/tabuleiros\/wp-json\/wp\/v2\/media?parent=1498"}],"curies":[{"name":"wp","href":"https:\/\/api.w.org\/{rel}","templated":true}]}}