{"id":1503,"date":"2019-09-09T18:52:14","date_gmt":"2019-09-09T21:52:14","guid":{"rendered":"http:\/\/nossacasa.net\/nossosriachos\/rios\/?page_id=1503"},"modified":"2019-09-22T20:40:35","modified_gmt":"2019-09-22T23:40:35","slug":"astyanax","status":"publish","type":"page","link":"http:\/\/nossacasa.net\/nossosriachos\/tabuleiros\/astyanax\/","title":{"rendered":"Astyanax"},"content":{"rendered":"<div style=\"text-align: justify\">\n<h1>Os <em>Astyanax<\/em> Baird and Girard, 1854 <\/h1>\n<p><img loading=\"lazy\" decoding=\"async\" src=\"http:\/\/nossacasa.net\/nossosriachos\/tabuleiros\/wp-content\/uploads\/sites\/8\/2019\/09\/Astyanax_s.png\" alt=\"\" width=\"800\" height=\"338\" class=\"aligncenter size-full wp-image-3008\" srcset=\"http:\/\/nossacasa.net\/nossosriachos\/tabuleiros\/wp-content\/uploads\/sites\/13\/2019\/09\/Astyanax_s.png 800w, http:\/\/nossacasa.net\/nossosriachos\/tabuleiros\/wp-content\/uploads\/sites\/13\/2019\/09\/Astyanax_s-300x127.png 300w, http:\/\/nossacasa.net\/nossosriachos\/tabuleiros\/wp-content\/uploads\/sites\/13\/2019\/09\/Astyanax_s-768x324.png 768w, http:\/\/nossacasa.net\/nossosriachos\/tabuleiros\/wp-content\/uploads\/sites\/13\/2019\/09\/Astyanax_s-500x211.png 500w\" sizes=\"auto, (max-width: 800px) 100vw, 800px\" \/><\/p>\n<p><img loading=\"lazy\" decoding=\"async\" src=\"http:\/\/nossacasa.net\/nossosriachos\/tabuleiros\/wp-content\/uploads\/sites\/8\/2019\/09\/Astyanax_i.png\" alt=\"\" width=\"800\" height=\"563\" class=\"aligncenter size-full wp-image-3007\" srcset=\"http:\/\/nossacasa.net\/nossosriachos\/tabuleiros\/wp-content\/uploads\/sites\/13\/2019\/09\/Astyanax_i.png 800w, http:\/\/nossacasa.net\/nossosriachos\/tabuleiros\/wp-content\/uploads\/sites\/13\/2019\/09\/Astyanax_i-300x211.png 300w, http:\/\/nossacasa.net\/nossosriachos\/tabuleiros\/wp-content\/uploads\/sites\/13\/2019\/09\/Astyanax_i-768x540.png 768w, http:\/\/nossacasa.net\/nossosriachos\/tabuleiros\/wp-content\/uploads\/sites\/13\/2019\/09\/Astyanax_i-426x300.png 426w\" sizes=\"auto, (max-width: 800px) 100vw, 800px\" \/><\/p>\n<p>Algumas caracter\u00edsticas do g\u00eanero <em>Astyanax<\/em> est\u00e3o indicadas nas figuras acima.<\/p>\n<p>Os peixes <em>Astyanax<\/em> da Mata Atl\u00e2ntica de tabuleiros foram associadas aos complexos de esp\u00e9cies <em>A. fasciatus<\/em>, <em>A. intermedius<\/em> e <em>A. lacustris<\/em>, geograficamente muito representativos no norte do Esp\u00edrito Santo e extremo sul da Bahia, mas taxonomicamente pouco compreendidos (Sarmento-Soares &amp; Martins-Pinheiro, 2014). <\/p>\n<p>Para estas esp\u00e9cies foram empregados os nomes:<\/p>\n<ul>\n<li><em>Astyanax<\/em> aff. <em>intermedius<\/em>, uma esp\u00e9cie do grupo <em>A. scabripinnis<\/em>, com corpo baixo (29-35% no comprimento padr\u00e3o) e poucos raios ramificados na nadadeira anal (20 a 23);<\/li>\n<li><em>Astyanax fasciatus<\/em>, com corpo alto (35-39% no comprimento padr\u00e3o) e proporcionalmente mais raios na nadadeira anal (23 a 25) e ainda<\/li>\n<li><em>Astyanax<\/em> aff. <em>lacustris<\/em>, do grupo <em>A. bimaculatus<\/em>, com mancha umeral horizontalmente ovalada e osso maxilar desprovido de dentes. <\/li>\n<\/ul>\n<p>Este grupo requer estudos mais detalhados para que possam ser resolvidas suas quest\u00f5es taxon\u00f4micas. Independente do nome empregado acreditamos que tais esp\u00e9cies possam ser regionalmente end\u00eamicas, ocorrendo em diversas drenagens da mata atl\u00e2ntica de tabuleiros.<\/p>\n<p>O g\u00eanero <em>Astyanax<\/em> e um dos oito g\u00eaneros da fam\u00edlia <a href=\"http:\/\/nossacasa.net\/nossosriachos\/rios\/characidae\/\">Characidae<\/a> representante dos <a href=\"http:\/\/nossacasa.net\/nossosriachos\/rios\/characiformes\/\">Characiformes<\/a> nas regi\u00f5es dos tabuleiros. <\/p>\n<p>Na regi\u00e3o dos tabuleiros da Mata Atl\u00e2ntica se encontra uma esp\u00e9cie e dois morfotipos do g\u00eanero <em>Astyanax<\/em>:  <em><a href=\"http:\/\/nossacasa.net\/nossosriachos\/tabuleiros\/astyanax-fasciatus\/\">Astyanax fasciatus<\/a><\/em>, <a href=\"http:\/\/nossacasa.net\/nossosriachos\/tabuleiros\/astyanax-aff-intermedius\/\"><em>Astyanax<\/em> aff. <em>intermedius<\/em><\/a> e <a href=\"http:\/\/nossacasa.net\/nossosriachos\/tabuleiros\/astyanax-aff-lacustris\/\"><em>Astyanax<\/em> aff. <em>lacustri<\/em>s<\/a>.<\/p>\n<hr>\n<p><a href=\"http:\/\/nossacasa.net\/nossosriachos\/tabuleiros\/chave-de-astyanax\/\"><strong>CHAVE DE <em>ASTYANAX<\/em><\/strong><\/a><\/p>\n<hr>\n<\/div>\n","protected":false},"excerpt":{"rendered":"<p>Os Astyanax Baird and Girard, 1854 Algumas caracter\u00edsticas do g\u00eanero Astyanax est\u00e3o indicadas nas figuras acima. Os peixes Astyanax da Mata Atl\u00e2ntica de tabuleiros foram associadas aos complexos de esp\u00e9cies A. fasciatus, A. intermedius e A. lacustris, geograficamente muito representativos &hellip; <a href=\"http:\/\/nossacasa.net\/nossosriachos\/tabuleiros\/astyanax\/\">Continue lendo <span class=\"meta-nav\">&rarr;<\/span><\/a><\/p>\n","protected":false},"author":1,"featured_media":0,"parent":0,"menu_order":0,"comment_status":"closed","ping_status":"closed","template":"","meta":{"footnotes":""},"class_list":["post-1503","page","type-page","status-publish","hentry"],"_links":{"self":[{"href":"http:\/\/nossacasa.net\/nossosriachos\/tabuleiros\/wp-json\/wp\/v2\/pages\/1503","targetHints":{"allow":["GET"]}}],"collection":[{"href":"http:\/\/nossacasa.net\/nossosriachos\/tabuleiros\/wp-json\/wp\/v2\/pages"}],"about":[{"href":"http:\/\/nossacasa.net\/nossosriachos\/tabuleiros\/wp-json\/wp\/v2\/types\/page"}],"author":[{"embeddable":true,"href":"http:\/\/nossacasa.net\/nossosriachos\/tabuleiros\/wp-json\/wp\/v2\/users\/1"}],"replies":[{"embeddable":true,"href":"http:\/\/nossacasa.net\/nossosriachos\/tabuleiros\/wp-json\/wp\/v2\/comments?post=1503"}],"version-history":[{"count":2,"href":"http:\/\/nossacasa.net\/nossosriachos\/tabuleiros\/wp-json\/wp\/v2\/pages\/1503\/revisions"}],"predecessor-version":[{"id":3724,"href":"http:\/\/nossacasa.net\/nossosriachos\/tabuleiros\/wp-json\/wp\/v2\/pages\/1503\/revisions\/3724"}],"wp:attachment":[{"href":"http:\/\/nossacasa.net\/nossosriachos\/tabuleiros\/wp-json\/wp\/v2\/media?parent=1503"}],"curies":[{"name":"wp","href":"https:\/\/api.w.org\/{rel}","templated":true}]}}