{"id":1504,"date":"2019-09-09T18:54:39","date_gmt":"2019-09-09T21:54:39","guid":{"rendered":"http:\/\/nossacasa.net\/nossosriachos\/rios\/?page_id=1504"},"modified":"2019-09-09T18:54:39","modified_gmt":"2019-09-09T21:54:39","slug":"salminus-brasiliensis","status":"publish","type":"page","link":"http:\/\/nossacasa.net\/nossosriachos\/tabuleiros\/salminus-brasiliensis\/","title":{"rendered":"Salminus brasiliensis"},"content":{"rendered":"<div style=\"text-align: justify\">\n<h1><em>Salminus brasiliensis<\/em> (Cuvier, 1816)<\/h1>\n<div id=\"attachment_3127\" style=\"width: 810px\" class=\"wp-caption aligncenter\"><img loading=\"lazy\" decoding=\"async\" aria-describedby=\"caption-attachment-3127\" src=\"http:\/\/nossacasa.net\/nossosriachos\/rios\/wp-content\/uploads\/sites\/8\/2019\/09\/Salminus-brasiliensis.png\" alt=\"\" width=\"800\" height=\"219\" class=\"size-full wp-image-3127\" srcset=\"http:\/\/nossacasa.net\/nossosriachos\/tabuleiros\/wp-content\/uploads\/sites\/13\/2019\/09\/Salminus-brasiliensis.png 800w, http:\/\/nossacasa.net\/nossosriachos\/tabuleiros\/wp-content\/uploads\/sites\/13\/2019\/09\/Salminus-brasiliensis-300x82.png 300w, http:\/\/nossacasa.net\/nossosriachos\/tabuleiros\/wp-content\/uploads\/sites\/13\/2019\/09\/Salminus-brasiliensis-768x210.png 768w, http:\/\/nossacasa.net\/nossosriachos\/tabuleiros\/wp-content\/uploads\/sites\/13\/2019\/09\/Salminus-brasiliensis-500x137.png 500w\" sizes=\"auto, (max-width: 800px) 100vw, 800px\" \/><p id=\"caption-attachment-3127\" class=\"wp-caption-text\">Foto: L.M. Sarmento-Soares<\/p><\/div>\n<p>Algumas caracter\u00edsticas da esp\u00e9cie <em>Salminus brasiliensis<\/em>s est\u00e3o indicadas na figura acima.<\/p>\n<p><em>Salminus brasiliensis<\/em> pode ser identificada pelo maior n\u00famero de escamas na linha lateral com 79-102, tendo em m\u00e9dia 96 escamas (Lima &amp; Britski 2007). <\/p>\n<p>Est\u00e3o entre os mais conhecidos peixes de \u00e1gua doce do Brasil, muito apreciados como alimento e tamb\u00e9m um dos principais alvos da pesca esportiva continental. S\u00e3o peixes de tamanho grande, predadores, de h\u00e1bitos carn\u00edvoros e icti\u00f3fagos. Habitam os grandes rios da floresta de tabuleiro.<\/p>\n<p>A esp\u00e9cie <em>Salminus brasiliensis<\/em> \u00e9 uma esp\u00e9cie introduzida no Rio Doce, onde n\u00e3o ocorre naturalmente. Esta esp\u00e9cie \u00e9 natural da bacia do Prata (rios Paran\u00e1, Paraguai e Uruguai). Apesar do vizinho rio S\u00e3o Francisco ser habitado por uma outra esp\u00e9cie de <em>Salminus<\/em>, <em>S. franciscanus<\/em>, somente <em>Salminus brasiliensis<\/em> povoa as \u00e1guas do rio Doce. <\/p>\n<p>A esp\u00e9cie <em>Salminus brasiliensis<\/em> \u00e9 uma esp\u00e9cie introduzida e a \u00fanica representante do g\u00eanero <a href=\"http:\/\/nossacasa.net\/nossosriachos\/rios\/salminus\/\">Salminus <\/a>da fam\u00edlia <a href=\"http:\/\/nossacasa.net\/nossosriachos\/rios\/bryconidae\/\">Bryconidae<\/a> nas regi\u00f5es dos tabuleiros.\n<\/div>\n","protected":false},"excerpt":{"rendered":"<p>Salminus brasiliensis (Cuvier, 1816) Algumas caracter\u00edsticas da esp\u00e9cie Salminus brasiliensiss est\u00e3o indicadas na figura acima. Salminus brasiliensis pode ser identificada pelo maior n\u00famero de escamas na linha lateral com 79-102, tendo em m\u00e9dia 96 escamas (Lima &amp; Britski 2007). Est\u00e3o &hellip; <a href=\"http:\/\/nossacasa.net\/nossosriachos\/tabuleiros\/salminus-brasiliensis\/\">Continue lendo <span class=\"meta-nav\">&rarr;<\/span><\/a><\/p>\n","protected":false},"author":1,"featured_media":3127,"parent":0,"menu_order":0,"comment_status":"closed","ping_status":"closed","template":"","meta":{"footnotes":""},"class_list":["post-1504","page","type-page","status-publish","has-post-thumbnail","hentry"],"_links":{"self":[{"href":"http:\/\/nossacasa.net\/nossosriachos\/tabuleiros\/wp-json\/wp\/v2\/pages\/1504","targetHints":{"allow":["GET"]}}],"collection":[{"href":"http:\/\/nossacasa.net\/nossosriachos\/tabuleiros\/wp-json\/wp\/v2\/pages"}],"about":[{"href":"http:\/\/nossacasa.net\/nossosriachos\/tabuleiros\/wp-json\/wp\/v2\/types\/page"}],"author":[{"embeddable":true,"href":"http:\/\/nossacasa.net\/nossosriachos\/tabuleiros\/wp-json\/wp\/v2\/users\/1"}],"replies":[{"embeddable":true,"href":"http:\/\/nossacasa.net\/nossosriachos\/tabuleiros\/wp-json\/wp\/v2\/comments?post=1504"}],"version-history":[{"count":0,"href":"http:\/\/nossacasa.net\/nossosriachos\/tabuleiros\/wp-json\/wp\/v2\/pages\/1504\/revisions"}],"wp:featuredmedia":[{"embeddable":true,"href":"http:\/\/nossacasa.net\/nossosriachos\/tabuleiros\/wp-json\/wp\/v2\/media\/3127"}],"wp:attachment":[{"href":"http:\/\/nossacasa.net\/nossosriachos\/tabuleiros\/wp-json\/wp\/v2\/media?parent=1504"}],"curies":[{"name":"wp","href":"https:\/\/api.w.org\/{rel}","templated":true}]}}