{"id":1509,"date":"2019-09-10T09:15:47","date_gmt":"2019-09-10T12:15:47","guid":{"rendered":"http:\/\/nossacasa.net\/nossosriachos\/rios\/?page_id=1509"},"modified":"2019-09-24T14:34:27","modified_gmt":"2019-09-24T17:34:27","slug":"astyanax-fasciatus","status":"publish","type":"page","link":"http:\/\/nossacasa.net\/nossosriachos\/tabuleiros\/astyanax-fasciatus\/","title":{"rendered":"Astyanax fasciatus"},"content":{"rendered":"<div style=\"text-align: justify\">\n<h1><em>Astyanax fasciatus<\/em> (Cuvier, 1819)<\/h1>\n<p><img loading=\"lazy\" decoding=\"async\" src=\"http:\/\/nossacasa.net\/nossosriachos\/rios\/wp-content\/uploads\/sites\/8\/2019\/09\/Astyanax-fasciatus.png\" alt=\"\" width=\"800\" height=\"338\" class=\"size-full wp-image-3136\" srcset=\"http:\/\/nossacasa.net\/nossosriachos\/tabuleiros\/wp-content\/uploads\/sites\/13\/2019\/09\/Astyanax-fasciatus.png 800w, http:\/\/nossacasa.net\/nossosriachos\/tabuleiros\/wp-content\/uploads\/sites\/13\/2019\/09\/Astyanax-fasciatus-300x127.png 300w, http:\/\/nossacasa.net\/nossosriachos\/tabuleiros\/wp-content\/uploads\/sites\/13\/2019\/09\/Astyanax-fasciatus-768x324.png 768w, http:\/\/nossacasa.net\/nossosriachos\/tabuleiros\/wp-content\/uploads\/sites\/13\/2019\/09\/Astyanax-fasciatus-500x211.png 500w\" sizes=\"auto, (max-width: 800px) 100vw, 800px\" \/> Foto: T.C.Pessali<\/p>\n<p>Algumas caracter\u00edsticas da esp\u00e9cie <strong><em>Astyanax fasciatus<\/em><\/strong> est\u00e3o indicadas na figura acima.<\/p>\n<p>No g\u00eanero <em><a href=\"http:\/\/nossacasa.net\/nossosriachos\/tabuleiros\/astyanax\/\">Astyanax<\/a><\/em> h\u00e1 a presen\u00e7a de alguns complexos (grupos de esp\u00e9cies que compartilham algumas caracter\u00edsticas em comum). Nas drenagens fluviais da Mata Atl\u00e2ntica de tabuleiros existem representantes de tr\u00eas complexos de esp\u00e9cies. <\/p>\n<p>O \u201ccomplexo <strong><em>Astyanax fasciatus<\/em><\/strong>\u201d caracterizado por possuir s\u00e9rie de escamas da pr\u00e9-dorsal regular; bordo do osso maxilar n\u00e3o alcan\u00e7ando o limite entre o osso infraorbital IO2 e o osso IO3;  terceiro osso da s\u00e9rie infra-orbital (IO3) n\u00e3o cobrindo o op\u00e9rculo; m\u00e1cula umeral verticalmente alongada; faixa longitudinal mediana no flanco larga, negra a prateada, com m\u00e1cula do ped\u00fanculo caudal estendendo-se pelos raios medianos da nadadeira caudal (F.R. Carvalho com. pessoal). <\/p>\n<p>Origem da nadadeira dorsal igualmente distante do focinho e da nadadeira caudal e um ou mais dentes no osso maxilar, raramente tr\u00eas. Dentes da s\u00e9rie interna do pr\u00e9-maxilar com 5 ou mais c\u00faspides e c\u00faspide mediana central bem maior que as laterais; dentes do dent\u00e1rio decrescendo paulatinamente depois do quarto dente. Contagem de raios a mais numerosa dentre as esp\u00e9cies da regi\u00e3o, com 22-27 raios ramificados na nadadeira anal. <\/p>\n<p>Peixes <strong><em>Astyanax fasciatus<\/em><\/strong> em vida s\u00e3o piabas do rabo vermelho, com tonalidade avermelhada na base da cauda.  Ocorrem na bacia do Jequitinhonha e h\u00e1 popula\u00e7\u00f5es pelo extremo sul da Bahia, nas cabeceiras dos rios Itanh\u00e9m e Buranh\u00e9m. <\/p>\n<p>Sobre esta e as demais esp\u00e9cies de <em><a href=\"http:\/\/nossacasa.net\/nossosriachos\/tabuleiros\/astyanax\/\">Astyanax<\/a><\/em> na mata atl\u00e2ntica de tabuleiro se fazem necess\u00e1rios maiores estudos, para compreens\u00e3o de seus limites. A plasticidade tr\u00f3fica que estes peixes experimentam durante suas vidas associada as habilidades de explorar diversos ambientes tornam esses peixes dentre os mais comuns em riachos da floresta atl\u00e2ntica.<\/p>\n<p>A esp\u00e9cie <strong><em>Astyanax fasciatus<\/em><\/strong> \u00e9 uma das tr\u00eas esp\u00e9cies representante do g\u00eanero <a href=\"http:\/\/nossacasa.net\/nossosriachos\/tabuleiros\/astyanax\/\">Astyanax<\/a> da fam\u00edlia <a href=\"http:\/\/nossacasa.net\/nossosriachos\/tabuleiros\/characidae\/\">Characidae<\/a> nas regi\u00f5es dos tabuleiros. <\/p>\n<hr>\n<\/div>\n","protected":false},"excerpt":{"rendered":"<p>Astyanax fasciatus (Cuvier, 1819) Algumas caracter\u00edsticas da esp\u00e9cie Astyanax fasciatus est\u00e3o indicadas na figura acima. No g\u00eanero Astyanax h\u00e1 a presen\u00e7a de alguns complexos (grupos de esp\u00e9cies que compartilham algumas caracter\u00edsticas em comum). Nas drenagens fluviais da Mata Atl\u00e2ntica de &hellip; <a href=\"http:\/\/nossacasa.net\/nossosriachos\/tabuleiros\/astyanax-fasciatus\/\">Continue lendo <span class=\"meta-nav\">&rarr;<\/span><\/a><\/p>\n","protected":false},"author":1,"featured_media":3136,"parent":0,"menu_order":0,"comment_status":"closed","ping_status":"closed","template":"","meta":{"footnotes":""},"class_list":["post-1509","page","type-page","status-publish","has-post-thumbnail","hentry"],"_links":{"self":[{"href":"http:\/\/nossacasa.net\/nossosriachos\/tabuleiros\/wp-json\/wp\/v2\/pages\/1509","targetHints":{"allow":["GET"]}}],"collection":[{"href":"http:\/\/nossacasa.net\/nossosriachos\/tabuleiros\/wp-json\/wp\/v2\/pages"}],"about":[{"href":"http:\/\/nossacasa.net\/nossosriachos\/tabuleiros\/wp-json\/wp\/v2\/types\/page"}],"author":[{"embeddable":true,"href":"http:\/\/nossacasa.net\/nossosriachos\/tabuleiros\/wp-json\/wp\/v2\/users\/1"}],"replies":[{"embeddable":true,"href":"http:\/\/nossacasa.net\/nossosriachos\/tabuleiros\/wp-json\/wp\/v2\/comments?post=1509"}],"version-history":[{"count":5,"href":"http:\/\/nossacasa.net\/nossosriachos\/tabuleiros\/wp-json\/wp\/v2\/pages\/1509\/revisions"}],"predecessor-version":[{"id":4000,"href":"http:\/\/nossacasa.net\/nossosriachos\/tabuleiros\/wp-json\/wp\/v2\/pages\/1509\/revisions\/4000"}],"wp:featuredmedia":[{"embeddable":true,"href":"http:\/\/nossacasa.net\/nossosriachos\/tabuleiros\/wp-json\/wp\/v2\/media\/3136"}],"wp:attachment":[{"href":"http:\/\/nossacasa.net\/nossosriachos\/tabuleiros\/wp-json\/wp\/v2\/media?parent=1509"}],"curies":[{"name":"wp","href":"https:\/\/api.w.org\/{rel}","templated":true}]}}