{"id":1513,"date":"2019-09-10T09:19:06","date_gmt":"2019-09-10T12:19:06","guid":{"rendered":"http:\/\/nossacasa.net\/nossosriachos\/rios\/?page_id=1513"},"modified":"2019-09-10T09:19:06","modified_gmt":"2019-09-10T12:19:06","slug":"astyanax-aff-rivularis","status":"publish","type":"page","link":"http:\/\/nossacasa.net\/nossosriachos\/tabuleiros\/astyanax-aff-rivularis\/","title":{"rendered":"Astyanax aff. rivularis"},"content":{"rendered":"<div style=\"text-align: justify\">\n<h1><em>Astyanax<\/em> aff. <em>rivularis<\/em> (Cuvier, 1819)<\/h1>\n<p>Algumas caracter\u00edsticas da da potencial esp\u00e9cie Astyanax aff. rivularis est\u00e3o indicadas na figura acima.<\/p>\n<p><em>Astyanax<\/em> aff. <em>rivularis<\/em> \u00e9 a uma potencial nova esp\u00e9cie, representante do g\u00eanero <a href=\"http:\/\/nossacasa.net\/nossosriachos\/rios\/astyanax\/\">Astyanax<\/a> da fam\u00edlia <a href=\"http:\/\/nossacasa.net\/nossosriachos\/rios\/characidae\/\">Characidae<\/a> nas regi\u00f5es dos tabuleiros.<\/p>\n<\/div>\n","protected":false},"excerpt":{"rendered":"<p>Astyanax aff. rivularis (Cuvier, 1819) Algumas caracter\u00edsticas da da potencial esp\u00e9cie Astyanax aff. rivularis est\u00e3o indicadas na figura acima. Astyanax aff. rivularis \u00e9 a uma potencial nova esp\u00e9cie, representante do g\u00eanero Astyanax da fam\u00edlia Characidae nas regi\u00f5es dos tabuleiros.<\/p>\n","protected":false},"author":1,"featured_media":1437,"parent":0,"menu_order":0,"comment_status":"closed","ping_status":"closed","template":"","meta":{"footnotes":""},"class_list":["post-1513","page","type-page","status-publish","has-post-thumbnail","hentry"],"_links":{"self":[{"href":"http:\/\/nossacasa.net\/nossosriachos\/tabuleiros\/wp-json\/wp\/v2\/pages\/1513","targetHints":{"allow":["GET"]}}],"collection":[{"href":"http:\/\/nossacasa.net\/nossosriachos\/tabuleiros\/wp-json\/wp\/v2\/pages"}],"about":[{"href":"http:\/\/nossacasa.net\/nossosriachos\/tabuleiros\/wp-json\/wp\/v2\/types\/page"}],"author":[{"embeddable":true,"href":"http:\/\/nossacasa.net\/nossosriachos\/tabuleiros\/wp-json\/wp\/v2\/users\/1"}],"replies":[{"embeddable":true,"href":"http:\/\/nossacasa.net\/nossosriachos\/tabuleiros\/wp-json\/wp\/v2\/comments?post=1513"}],"version-history":[{"count":0,"href":"http:\/\/nossacasa.net\/nossosriachos\/tabuleiros\/wp-json\/wp\/v2\/pages\/1513\/revisions"}],"wp:featuredmedia":[{"embeddable":true,"href":"http:\/\/nossacasa.net\/nossosriachos\/tabuleiros\/wp-json\/wp\/v2\/media\/1437"}],"wp:attachment":[{"href":"http:\/\/nossacasa.net\/nossosriachos\/tabuleiros\/wp-json\/wp\/v2\/media?parent=1513"}],"curies":[{"name":"wp","href":"https:\/\/api.w.org\/{rel}","templated":true}]}}