{"id":1538,"date":"2019-09-10T15:24:10","date_gmt":"2019-09-10T18:24:10","guid":{"rendered":"http:\/\/nossacasa.net\/nossosriachos\/rios\/?page_id=1538"},"modified":"2019-09-24T16:06:37","modified_gmt":"2019-09-24T19:06:37","slug":"hyphessobrycon-aff-boulengeri","status":"publish","type":"page","link":"http:\/\/nossacasa.net\/nossosriachos\/tabuleiros\/hyphessobrycon-aff-boulengeri\/","title":{"rendered":"Hyphessobrycon aff. boulengeri"},"content":{"rendered":"<div style=\"text-align: justify\">\n<h1><em>Hyphessobrycon<\/em> aff. <em>boulengeri<\/em><\/h1>\n<div id=\"attachment_3139\" style=\"width: 810px\" class=\"wp-caption aligncenter\"><img loading=\"lazy\" decoding=\"async\" aria-describedby=\"caption-attachment-3139\" src=\"http:\/\/nossacasa.net\/nossosriachos\/tabuleiros\/wp-content\/uploads\/sites\/8\/2019\/09\/Hyphessobrycon-aff-boulenge.png\" alt=\"\" width=\"800\" height=\"372\" class=\"size-full wp-image-3139\" srcset=\"http:\/\/nossacasa.net\/nossosriachos\/tabuleiros\/wp-content\/uploads\/sites\/13\/2019\/09\/Hyphessobrycon-aff-boulenge.png 800w, http:\/\/nossacasa.net\/nossosriachos\/tabuleiros\/wp-content\/uploads\/sites\/13\/2019\/09\/Hyphessobrycon-aff-boulenge-300x140.png 300w, http:\/\/nossacasa.net\/nossosriachos\/tabuleiros\/wp-content\/uploads\/sites\/13\/2019\/09\/Hyphessobrycon-aff-boulenge-768x357.png 768w, http:\/\/nossacasa.net\/nossosriachos\/tabuleiros\/wp-content\/uploads\/sites\/13\/2019\/09\/Hyphessobrycon-aff-boulenge-500x233.png 500w\" sizes=\"auto, (max-width: 800px) 100vw, 800px\" \/><p id=\"caption-attachment-3139\" class=\"wp-caption-text\">Foto: L.M. Sarmento-Soares<\/p><\/div>\n<p>Algumas caracter\u00edsticas da esp\u00e9cie <strong><em>Hyphessobrycon aff. <em>boulengeri<\/em><\/strong> est\u00e3o indicadas na figura acima.<\/p>\n<p>A extremidade vis\u00edvel das escamas do corpo \u00e9 margeada por cromat\u00f3foros escuros; a mancha humeral e a mancha na base da cauda s\u00e3o enegrecidas, muito contrastantes, conferindo um padr\u00e3o de colora\u00e7\u00e3o singular. S\u00e3o peixes pequenos, com tamanho inferior a 5 cent\u00edmetros de comprimento padr\u00e3o. <\/p>\n<p><strong><em>Hyphessobrycon<\/em> aff.<em> boulengeri<\/em><\/strong>, pertencente ao grupo <em>H. boulengeri<\/em> (F.R. Carvalho, com. pess.). Nomeada em outras publica\u00e7\u00f5es como <em>Hyphessobrycon<\/em> sp. <em>sensu<\/em> Carvalho 2006 (e.g. Sarmento-Soares &amp; Martins-Pinheiro, 2014), esta esp\u00e9cie aguarda descri\u00e7\u00e3o formal. <\/p>\n<p>Juvenis de<em> <strong>Hyphessobrycon<\/em>  aff. <em>boulengeri<\/em><\/strong> podem ser confundidos com <a href=\"http:\/\/nossacasa.net\/nossosriachos\/tabuleiros\/astyanax-aff-lacustris\/\"><em>Astyanax<\/em> aff. <em>lacustris<\/em><\/a>, por conta da mancha humeral escura e contrastante em ambas esp\u00e9cies. <\/p>\n<p>Mas em <strong><em>Hyphessobrycon<\/em> aff. <em>boulengeri<\/em><\/strong> a linha lateral \u00e9 incompleta (vs. completa em <a href=\"http:\/\/nossacasa.net\/nossosriachos\/tabuleiros\/chave-de-astyanax\/\"><em>Astyanax<\/em> aff. <em>lacustris<\/em><\/a>) e h\u00e1 18-19 raios ramificados na anal de <strong><em>Hyphessobrycon<\/em> aff. <em>boulengeri<\/em><\/strong> (vs. 25-26 em <a href=\"http:\/\/nossacasa.net\/nossosriachos\/tabuleiros\/astyanax-aff-lacustris\/\"><em>Astyanax<\/em> aff. <em>lacustris<\/em><\/a>).<\/p>\n<p><strong><em>Hyphessobrycon<\/em>  aff. <em>boulengeri<\/em><\/strong> habita ambientes abertos, como nascentes com vegeta\u00e7\u00e3o emergente de taboas, brejos de \u00e1guas escuras e \u00e1cidas, alagados marginais e ainda riachos de correnteza fraca. Foi encontrada na superf\u00edcie, ou a meia \u00e1gua, em meio a vegeta\u00e7\u00e3o aqu\u00e1tica que lhes confere prote\u00e7\u00e3o. Apresentam dieta variada, consumindo desde mat\u00e9ria vegetal a pequenos invertebrados. <\/p>\n<p>A esp\u00e9cie <strong><em>Hyphessobrycon<\/em> aff. <em>boulengeri<\/em><\/strong> \u00e9 uma das duas esp\u00e9cies representante do g\u00eanero <em><a href=\"http:\/\/nossacasa.net\/nossosriachos\/tabuleiros\/hyphessobrycon\/\">Hyphessobrycon<\/a><\/em> da fam\u00edlia <a href=\"http:\/\/nossacasa.net\/nossosriachos\/tabuleiros\/characidae\/\">Characidae<\/a> nas regi\u00f5es dos tabuleiros. <\/p>\n<hr>\n<\/div>\n","protected":false},"excerpt":{"rendered":"<p>Hyphessobrycon aff. boulengeri Algumas caracter\u00edsticas da esp\u00e9cie Hyphessobrycon aff. boulengeri est\u00e3o indicadas na figura acima. A extremidade vis\u00edvel das escamas do corpo \u00e9 margeada por cromat\u00f3foros escuros; a mancha humeral e a mancha na base da cauda s\u00e3o enegrecidas, muito &hellip; <a href=\"http:\/\/nossacasa.net\/nossosriachos\/tabuleiros\/hyphessobrycon-aff-boulengeri\/\">Continue lendo <span class=\"meta-nav\">&rarr;<\/span><\/a><\/p>\n","protected":false},"author":1,"featured_media":3139,"parent":0,"menu_order":0,"comment_status":"closed","ping_status":"closed","template":"","meta":{"footnotes":""},"class_list":["post-1538","page","type-page","status-publish","has-post-thumbnail","hentry"],"_links":{"self":[{"href":"http:\/\/nossacasa.net\/nossosriachos\/tabuleiros\/wp-json\/wp\/v2\/pages\/1538","targetHints":{"allow":["GET"]}}],"collection":[{"href":"http:\/\/nossacasa.net\/nossosriachos\/tabuleiros\/wp-json\/wp\/v2\/pages"}],"about":[{"href":"http:\/\/nossacasa.net\/nossosriachos\/tabuleiros\/wp-json\/wp\/v2\/types\/page"}],"author":[{"embeddable":true,"href":"http:\/\/nossacasa.net\/nossosriachos\/tabuleiros\/wp-json\/wp\/v2\/users\/1"}],"replies":[{"embeddable":true,"href":"http:\/\/nossacasa.net\/nossosriachos\/tabuleiros\/wp-json\/wp\/v2\/comments?post=1538"}],"version-history":[{"count":3,"href":"http:\/\/nossacasa.net\/nossosriachos\/tabuleiros\/wp-json\/wp\/v2\/pages\/1538\/revisions"}],"predecessor-version":[{"id":4023,"href":"http:\/\/nossacasa.net\/nossosriachos\/tabuleiros\/wp-json\/wp\/v2\/pages\/1538\/revisions\/4023"}],"wp:featuredmedia":[{"embeddable":true,"href":"http:\/\/nossacasa.net\/nossosriachos\/tabuleiros\/wp-json\/wp\/v2\/media\/3139"}],"wp:attachment":[{"href":"http:\/\/nossacasa.net\/nossosriachos\/tabuleiros\/wp-json\/wp\/v2\/media?parent=1538"}],"curies":[{"name":"wp","href":"https:\/\/api.w.org\/{rel}","templated":true}]}}