{"id":1604,"date":"2019-09-10T19:19:31","date_gmt":"2019-09-10T22:19:31","guid":{"rendered":"http:\/\/nossacasa.net\/nossosriachos\/rios\/?page_id=1604"},"modified":"2019-09-10T19:19:31","modified_gmt":"2019-09-10T22:19:31","slug":"knodus-aff-moenkhausi","status":"publish","type":"page","link":"http:\/\/nossacasa.net\/nossosriachos\/tabuleiros\/knodus-aff-moenkhausi\/","title":{"rendered":"Knodus aff. moenkhausi"},"content":{"rendered":"<div style=\"text-align: justify\">\n<h1><em>Knodus<\/em> aff. <em> moenkhausi<\/em><\/h1>\n<p><div id=\"attachment_3145\" style=\"width: 810px\" class=\"wp-caption aligncenter\"><img loading=\"lazy\" decoding=\"async\" aria-describedby=\"caption-attachment-3145\" src=\"http:\/\/nossacasa.net\/nossosriachos\/rios\/wp-content\/uploads\/sites\/8\/2019\/09\/Knodus-moenkhausii-e1569013258704.png\" alt=\"\" width=\"800\" height=\"220\" class=\"size-full wp-image-3145\" srcset=\"http:\/\/nossacasa.net\/nossosriachos\/tabuleiros\/wp-content\/uploads\/sites\/13\/2019\/09\/Knodus-moenkhausii-e1569013258704.png 800w, http:\/\/nossacasa.net\/nossosriachos\/tabuleiros\/wp-content\/uploads\/sites\/13\/2019\/09\/Knodus-moenkhausii-e1569013258704-300x83.png 300w, http:\/\/nossacasa.net\/nossosriachos\/tabuleiros\/wp-content\/uploads\/sites\/13\/2019\/09\/Knodus-moenkhausii-e1569013258704-768x211.png 768w, http:\/\/nossacasa.net\/nossosriachos\/tabuleiros\/wp-content\/uploads\/sites\/13\/2019\/09\/Knodus-moenkhausii-e1569013258704-500x138.png 500w\" sizes=\"auto, (max-width: 800px) 100vw, 800px\" \/><p id=\"caption-attachment-3145\" class=\"wp-caption-text\">Foto: L.M. Sarmento-Soares<\/p><\/div><br \/>\nAlgumas caracter\u00edsticas da esp\u00e9cie <em>Knodus<\/em> aff. <em>moenkhausi<\/em> est\u00e3o indicadas na figura acima.<\/p>\n<p><em>Knodus moenkhausii<\/em> s\u00e3o peixes de olhos grandes, que ultrapassam a propor\u00e7\u00e3o de 40% no comprimento da cabe\u00e7a. Em vida os olhos possuem uma mancha vermelha na esclera, a parte branca dos olhos. Possuem uma faixa lateral prateada, nem sempre contrastante e uma mancha humeral p\u00e1lida, verticalmente alongada. Possuem poucos raios na nadadeira anal, 18 a 21.<\/p>\n<p>Podem ser confundidos com os <em>Astyanax<\/em> aff. <em>intermedius<\/em>, por conta do corpo baixo, alongado e prateado. Mas independente das semelhan\u00e7as morfol\u00f3gicas observadas, <em>Knodus moenkhausii<\/em> se distingue de <em>Astyanax<\/em> por possuir 8 raios ramificados na nadadeira dorsal (vs. 9 raios em <em>Astyanax<\/em>) e 4 dentes na s\u00e9rie interna do pr\u00e9maxilar (vs. 5 dentes em <em>Astyanax<\/em>).<\/p>\n<p><em>Knodus moenkhausii<\/em>, \u00e9 uma esp\u00e9cie descrita para a bacia do rio Paran\u00e1-Paraguai, e registra ampla distribui\u00e7\u00e3o pelos rios da Am\u00e9rica do Sul. Possivelmente corresponde a um complexo de esp\u00e9cies, e necessita maiores estudos taxon\u00f4micos. <\/p>\n<p>A esp\u00e9cie potencialmente nova <em>Knodus<\/em> aff. <em>moenkhausi<\/em> \u00e9 a \u00fanica representante do g\u00eanero <a href=\"http:\/\/nossacasa.net\/nossosriachos\/rios\/knodus\/\">Knodus<\/a>  da fam\u00edlia <a href=\"http:\/\/nossacasa.net\/nossosriachos\/rios\/characidae\/\">Characidae<\/a> nas regi\u00f5es dos tabuleiros.  <\/p>\n<\/div>\n","protected":false},"excerpt":{"rendered":"<p>Knodus aff. moenkhausi Algumas caracter\u00edsticas da esp\u00e9cie Knodus aff. moenkhausi est\u00e3o indicadas na figura acima. Knodus moenkhausii s\u00e3o peixes de olhos grandes, que ultrapassam a propor\u00e7\u00e3o de 40% no comprimento da cabe\u00e7a. Em vida os olhos possuem uma mancha vermelha &hellip; <a href=\"http:\/\/nossacasa.net\/nossosriachos\/tabuleiros\/knodus-aff-moenkhausi\/\">Continue lendo <span class=\"meta-nav\">&rarr;<\/span><\/a><\/p>\n","protected":false},"author":1,"featured_media":3145,"parent":0,"menu_order":0,"comment_status":"closed","ping_status":"closed","template":"","meta":{"footnotes":""},"class_list":["post-1604","page","type-page","status-publish","has-post-thumbnail","hentry"],"_links":{"self":[{"href":"http:\/\/nossacasa.net\/nossosriachos\/tabuleiros\/wp-json\/wp\/v2\/pages\/1604","targetHints":{"allow":["GET"]}}],"collection":[{"href":"http:\/\/nossacasa.net\/nossosriachos\/tabuleiros\/wp-json\/wp\/v2\/pages"}],"about":[{"href":"http:\/\/nossacasa.net\/nossosriachos\/tabuleiros\/wp-json\/wp\/v2\/types\/page"}],"author":[{"embeddable":true,"href":"http:\/\/nossacasa.net\/nossosriachos\/tabuleiros\/wp-json\/wp\/v2\/users\/1"}],"replies":[{"embeddable":true,"href":"http:\/\/nossacasa.net\/nossosriachos\/tabuleiros\/wp-json\/wp\/v2\/comments?post=1604"}],"version-history":[{"count":0,"href":"http:\/\/nossacasa.net\/nossosriachos\/tabuleiros\/wp-json\/wp\/v2\/pages\/1604\/revisions"}],"wp:featuredmedia":[{"embeddable":true,"href":"http:\/\/nossacasa.net\/nossosriachos\/tabuleiros\/wp-json\/wp\/v2\/media\/3145"}],"wp:attachment":[{"href":"http:\/\/nossacasa.net\/nossosriachos\/tabuleiros\/wp-json\/wp\/v2\/media?parent=1604"}],"curies":[{"name":"wp","href":"https:\/\/api.w.org\/{rel}","templated":true}]}}