{"id":1610,"date":"2019-09-10T19:45:13","date_gmt":"2019-09-10T22:45:13","guid":{"rendered":"http:\/\/nossacasa.net\/nossosriachos\/rios\/?page_id=1610"},"modified":"2019-09-24T21:00:00","modified_gmt":"2019-09-25T00:00:00","slug":"mimagoniates","status":"publish","type":"page","link":"http:\/\/nossacasa.net\/nossosriachos\/tabuleiros\/mimagoniates\/","title":{"rendered":"Mimagoniates"},"content":{"rendered":"<div style=\"text-align: justify\">\n<h1>Os <em>Mimagoniates<\/em> Regan, 1907<\/h1>\n<p><img loading=\"lazy\" decoding=\"async\" src=\"http:\/\/nossacasa.net\/nossosriachos\/tabuleiros\/wp-content\/uploads\/sites\/13\/2019\/09\/Mimagoniates.png\" alt=\"\" width=\"800\" height=\"494\" class=\"aligncenter size-full wp-image-4050\" srcset=\"http:\/\/nossacasa.net\/nossosriachos\/tabuleiros\/wp-content\/uploads\/sites\/13\/2019\/09\/Mimagoniates.png 800w, http:\/\/nossacasa.net\/nossosriachos\/tabuleiros\/wp-content\/uploads\/sites\/13\/2019\/09\/Mimagoniates-300x185.png 300w, http:\/\/nossacasa.net\/nossosriachos\/tabuleiros\/wp-content\/uploads\/sites\/13\/2019\/09\/Mimagoniates-768x474.png 768w, http:\/\/nossacasa.net\/nossosriachos\/tabuleiros\/wp-content\/uploads\/sites\/13\/2019\/09\/Mimagoniates-486x300.png 486w\" sizes=\"auto, (max-width: 800px) 100vw, 800px\" \/><\/p>\n<p>Algumas caracter\u00edsticas do g\u00eanero <strong><em>Mimagoniates<\/em><\/strong> est\u00e3o indicadas na figura acima.<\/p>\n<p>Peixes <strong><em>Mimagoniates<\/em><\/strong> possuem uma gl\u00e2ndula resultante da modifica\u00e7\u00e3o de alguns raios e escamas da nadadeira caudal (Menezes &#038; Weitzman 1990). Tais escamas alargadas protegem a c\u00e2mara que abriga o tecido glandular adjacente, produtor de secre\u00e7\u00e3o esbranqui\u00e7ada, que funciona como um ferorm\u00f4nio. Alguns raios da nadadeira caudal podem possuir ganchos, em associa\u00e7\u00e3o a modifica\u00e7\u00e3o observada. A gl\u00e2ndula caudal se desenvolve em indiv\u00edduos machos sexualmente maduros.<\/p>\n<p>A boca tem orienta\u00e7\u00e3o superior permitindo a esses peixes consumir alimentos que caem na \u00e1gua, como insetos terrestres. A prefer\u00eancia por alimento de origem al\u00f3ctone (ou seja, alimento externo ao meio aqu\u00e1tico) \u00e9 frequentemente observada em peixes de riacho de ambientes florestais.<\/p>\n<p>O g\u00eanero <strong><em>Mimagoniates<\/em><\/strong> \u00e9 um dos oito g\u00eaneros da fam\u00edlia <a href=\"http:\/\/nossacasa.net\/nossosriachos\/tabuleiros\/characidae\/\">Characidae<\/a> representante dos <a href=\"http:\/\/nossacasa.net\/nossosriachos\/tabuleiros\/characiformes\/\">Characiformes<\/a> nas regi\u00f5es dos tabuleiros. <\/p>\n<p>Na regi\u00e3o dos tabuleiros da Mata Atl\u00e2ntica s\u00e3o encontradas duas esp\u00e9cies do g\u00eanero <em>Mimagoniates<\/em>: <a href=\"http:\/\/nossacasa.net\/nossosriachos\/tabuleiros\/mimagoniates-microlepis\/\">Mimagoniates microlepis<\/a> e <a href=\"http:\/\/nossacasa.net\/nossosriachos\/tabuleiros\/mimagoniates-sylvicola\/\">Mimagoniates sylvicola<\/a>.<\/p>\n<hr>\n<p><strong><a href=\"http:\/\/nossacasa.net\/nossosriachos\/tabuleiros\/chave-de-mimagoniates\/\">CHAVE DE <em>MIMAGONIATES<\/em><\/a><\/strong><\/p>\n<hr>\n<\/div>\n","protected":false},"excerpt":{"rendered":"<p>Os Mimagoniates Regan, 1907 Algumas caracter\u00edsticas do g\u00eanero Mimagoniates est\u00e3o indicadas na figura acima. Peixes Mimagoniates possuem uma gl\u00e2ndula resultante da modifica\u00e7\u00e3o de alguns raios e escamas da nadadeira caudal (Menezes &#038; Weitzman 1990). Tais escamas alargadas protegem a c\u00e2mara &hellip; <a href=\"http:\/\/nossacasa.net\/nossosriachos\/tabuleiros\/mimagoniates\/\">Continue lendo <span class=\"meta-nav\">&rarr;<\/span><\/a><\/p>\n","protected":false},"author":1,"featured_media":0,"parent":0,"menu_order":0,"comment_status":"closed","ping_status":"closed","template":"","meta":{"footnotes":""},"class_list":["post-1610","page","type-page","status-publish","hentry"],"_links":{"self":[{"href":"http:\/\/nossacasa.net\/nossosriachos\/tabuleiros\/wp-json\/wp\/v2\/pages\/1610","targetHints":{"allow":["GET"]}}],"collection":[{"href":"http:\/\/nossacasa.net\/nossosriachos\/tabuleiros\/wp-json\/wp\/v2\/pages"}],"about":[{"href":"http:\/\/nossacasa.net\/nossosriachos\/tabuleiros\/wp-json\/wp\/v2\/types\/page"}],"author":[{"embeddable":true,"href":"http:\/\/nossacasa.net\/nossosriachos\/tabuleiros\/wp-json\/wp\/v2\/users\/1"}],"replies":[{"embeddable":true,"href":"http:\/\/nossacasa.net\/nossosriachos\/tabuleiros\/wp-json\/wp\/v2\/comments?post=1610"}],"version-history":[{"count":3,"href":"http:\/\/nossacasa.net\/nossosriachos\/tabuleiros\/wp-json\/wp\/v2\/pages\/1610\/revisions"}],"predecessor-version":[{"id":4051,"href":"http:\/\/nossacasa.net\/nossosriachos\/tabuleiros\/wp-json\/wp\/v2\/pages\/1610\/revisions\/4051"}],"wp:attachment":[{"href":"http:\/\/nossacasa.net\/nossosriachos\/tabuleiros\/wp-json\/wp\/v2\/media?parent=1610"}],"curies":[{"name":"wp","href":"https:\/\/api.w.org\/{rel}","templated":true}]}}