{"id":1622,"date":"2019-09-10T20:42:48","date_gmt":"2019-09-10T23:42:48","guid":{"rendered":"http:\/\/nossacasa.net\/nossosriachos\/rios\/?page_id=1622"},"modified":"2019-09-25T11:58:14","modified_gmt":"2019-09-25T14:58:14","slug":"moenkhausia","status":"publish","type":"page","link":"http:\/\/nossacasa.net\/nossosriachos\/tabuleiros\/moenkhausia\/","title":{"rendered":"Moenkhausia"},"content":{"rendered":"<div style=\"text-align: justify\">\n<h1>As <em>Moenkhausia<\/em> Eigenmann, 1903<\/h1>\n<div id=\"attachment_3160\" style=\"width: 810px\" class=\"wp-caption aligncenter\"><img loading=\"lazy\" decoding=\"async\" aria-describedby=\"caption-attachment-3160\" src=\"http:\/\/nossacasa.net\/nossosriachos\/tabuleiros\/wp-content\/uploads\/sites\/8\/2019\/09\/Moenkhausia-vittata.png\" alt=\"\" width=\"800\" height=\"374\" class=\"size-full wp-image-3160\" srcset=\"http:\/\/nossacasa.net\/nossosriachos\/tabuleiros\/wp-content\/uploads\/sites\/13\/2019\/09\/Moenkhausia-vittata.png 800w, http:\/\/nossacasa.net\/nossosriachos\/tabuleiros\/wp-content\/uploads\/sites\/13\/2019\/09\/Moenkhausia-vittata-300x140.png 300w, http:\/\/nossacasa.net\/nossosriachos\/tabuleiros\/wp-content\/uploads\/sites\/13\/2019\/09\/Moenkhausia-vittata-768x359.png 768w, http:\/\/nossacasa.net\/nossosriachos\/tabuleiros\/wp-content\/uploads\/sites\/13\/2019\/09\/Moenkhausia-vittata-500x234.png 500w\" sizes=\"auto, (max-width: 800px) 100vw, 800px\" \/><p id=\"caption-attachment-3160\" class=\"wp-caption-text\">Foto: L.M. Sarmento-Soares<\/p><\/div>\n<p>Algumas caracter\u00edsticas do g\u00eanero <strong><em>Moenkhausia<\/em><\/strong> est\u00e3o indicadas na figura acima.<\/p>\n<p><strong><em>Moenkhausia<\/em><\/strong> somado a <em><a href=\"http:\/\/nossacasa.net\/nossosriachos\/tabuleiros\/astyanax\/\">Astyanax<\/a><\/em> e <em><a href=\"http:\/\/nossacasa.net\/nossosriachos\/tabuleiros\/hyphessobrycon\/\">Hyphessobrycon<\/a><\/em>, est\u00e3o entre os mais diversificados grupos a povoar os rios da Mata Atl\u00e2ntica. <\/p>\n<p>Peixes <strong><em>Moenkhausia<\/em><\/strong> s\u00e3o reconhecidos por possu\u00edrem a nadadeira caudal parcialmente coberta de escamas; linha lateral completa e cinco dentes na s\u00e9rie interna do premaxilar Eigenmann, 1917; Carvalho et al., 2014). <\/p>\n<p>O g\u00eanero <strong><em>Moenkhausia<\/em><\/strong> \u00e9 um dos oito g\u00eaneros da fam\u00edlia <a href=\"http:\/\/nossacasa.net\/nossosriachos\/tabuleiros\/characidae\/\">Characidae<\/a> representante dos <a href=\"http:\/\/nossacasa.net\/nossosriachos\/tabuleiros\/characiformes\/\">Characiformes<\/a> nas regi\u00f5es dos tabuleiros. <\/p>\n<p>Na regi\u00e3o dos tabuleiros da Mata Atl\u00e2ntica \u00e9 encontrada uma \u00fanica esp\u00e9cie do g\u00eanero <strong><em>Moenkhausia<\/em><\/strong>: <a href=\"http:\/\/nossacasa.net\/nossosriachos\/tabuleiros\/moenkhausia-vittata\/\">Moenkhausia vittata<\/a> <\/p>\n<hr>\n<\/div>\n","protected":false},"excerpt":{"rendered":"<p>As Moenkhausia Eigenmann, 1903 Algumas caracter\u00edsticas do g\u00eanero Moenkhausia est\u00e3o indicadas na figura acima. Moenkhausia somado a Astyanax e Hyphessobrycon, est\u00e3o entre os mais diversificados grupos a povoar os rios da Mata Atl\u00e2ntica. Peixes Moenkhausia s\u00e3o reconhecidos por possu\u00edrem a &hellip; <a href=\"http:\/\/nossacasa.net\/nossosriachos\/tabuleiros\/moenkhausia\/\">Continue lendo <span class=\"meta-nav\">&rarr;<\/span><\/a><\/p>\n","protected":false},"author":1,"featured_media":0,"parent":0,"menu_order":0,"comment_status":"closed","ping_status":"closed","template":"","meta":{"footnotes":""},"class_list":["post-1622","page","type-page","status-publish","hentry"],"_links":{"self":[{"href":"http:\/\/nossacasa.net\/nossosriachos\/tabuleiros\/wp-json\/wp\/v2\/pages\/1622","targetHints":{"allow":["GET"]}}],"collection":[{"href":"http:\/\/nossacasa.net\/nossosriachos\/tabuleiros\/wp-json\/wp\/v2\/pages"}],"about":[{"href":"http:\/\/nossacasa.net\/nossosriachos\/tabuleiros\/wp-json\/wp\/v2\/types\/page"}],"author":[{"embeddable":true,"href":"http:\/\/nossacasa.net\/nossosriachos\/tabuleiros\/wp-json\/wp\/v2\/users\/1"}],"replies":[{"embeddable":true,"href":"http:\/\/nossacasa.net\/nossosriachos\/tabuleiros\/wp-json\/wp\/v2\/comments?post=1622"}],"version-history":[{"count":3,"href":"http:\/\/nossacasa.net\/nossosriachos\/tabuleiros\/wp-json\/wp\/v2\/pages\/1622\/revisions"}],"predecessor-version":[{"id":4060,"href":"http:\/\/nossacasa.net\/nossosriachos\/tabuleiros\/wp-json\/wp\/v2\/pages\/1622\/revisions\/4060"}],"wp:attachment":[{"href":"http:\/\/nossacasa.net\/nossosriachos\/tabuleiros\/wp-json\/wp\/v2\/media?parent=1622"}],"curies":[{"name":"wp","href":"https:\/\/api.w.org\/{rel}","templated":true}]}}