{"id":1632,"date":"2019-09-10T21:07:34","date_gmt":"2019-09-11T00:07:34","guid":{"rendered":"http:\/\/nossacasa.net\/nossosriachos\/rios\/?page_id=1632"},"modified":"2019-09-25T12:14:55","modified_gmt":"2019-09-25T15:14:55","slug":"oligosarcus","status":"publish","type":"page","link":"http:\/\/nossacasa.net\/nossosriachos\/tabuleiros\/oligosarcus\/","title":{"rendered":"Oligosarcus"},"content":{"rendered":"<div style=\"text-align: justify\">\n<h1>Os <em>Oligosarcus<\/em> G\u00fcnther, 1864 <\/h1>\n<p><img loading=\"lazy\" decoding=\"async\" src=\"http:\/\/nossacasa.net\/nossosriachos\/tabuleiros\/wp-content\/uploads\/sites\/13\/2019\/09\/Oligosarcus.png\" alt=\"\" width=\"800\" height=\"291\" class=\"aligncenter size-full wp-image-4065\" srcset=\"http:\/\/nossacasa.net\/nossosriachos\/tabuleiros\/wp-content\/uploads\/sites\/13\/2019\/09\/Oligosarcus.png 800w, http:\/\/nossacasa.net\/nossosriachos\/tabuleiros\/wp-content\/uploads\/sites\/13\/2019\/09\/Oligosarcus-300x109.png 300w, http:\/\/nossacasa.net\/nossosriachos\/tabuleiros\/wp-content\/uploads\/sites\/13\/2019\/09\/Oligosarcus-768x279.png 768w, http:\/\/nossacasa.net\/nossosriachos\/tabuleiros\/wp-content\/uploads\/sites\/13\/2019\/09\/Oligosarcus-500x182.png 500w\" sizes=\"auto, (max-width: 800px) 100vw, 800px\" \/><\/p>\n<p><img loading=\"lazy\" decoding=\"async\" src=\"http:\/\/nossacasa.net\/nossosriachos\/tabuleiros\/wp-content\/uploads\/sites\/13\/2019\/09\/Oligosarcus_i.png\" alt=\"\" width=\"800\" height=\"381\" class=\"aligncenter size-full wp-image-4066\" srcset=\"http:\/\/nossacasa.net\/nossosriachos\/tabuleiros\/wp-content\/uploads\/sites\/13\/2019\/09\/Oligosarcus_i.png 800w, http:\/\/nossacasa.net\/nossosriachos\/tabuleiros\/wp-content\/uploads\/sites\/13\/2019\/09\/Oligosarcus_i-300x143.png 300w, http:\/\/nossacasa.net\/nossosriachos\/tabuleiros\/wp-content\/uploads\/sites\/13\/2019\/09\/Oligosarcus_i-768x366.png 768w, http:\/\/nossacasa.net\/nossosriachos\/tabuleiros\/wp-content\/uploads\/sites\/13\/2019\/09\/Oligosarcus_i-500x238.png 500w\" sizes=\"auto, (max-width: 800px) 100vw, 800px\" \/><\/p>\n<p>Algumas caracter\u00edsticas do g\u00eanero <strong><em>Oligosarcus<\/em><\/strong> est\u00e3o indicadas na figura acima.<\/p>\n<p>Peixes <strong><em>Oligosarcus<\/em><\/strong> s\u00e3o reconhecidos por possu\u00edrem olhos grandes, entre 26 a 28% no comprimento da cabe\u00e7a, e dentes c\u00f4nicos no premaxilar, maxilar e dent\u00e1rio. <\/p>\n<p>O g\u00eanero <strong><em>Oligosarcus<\/em><\/strong> \u00e9 um dos oito g\u00eaneros da fam\u00edlia <a href=\"http:\/\/nossacasa.net\/nossosriachos\/tabuleiros\/characidae\/\">Characidae<\/a> representante dos <a href=\"http:\/\/nossacasa.net\/nossosriachos\/tabuleiros\/characiformes\/\">Characiformes<\/a> nas regi\u00f5es dos tabuleiros. <\/p>\n<p>Na regi\u00e3o dos tabuleiros da Mata Atl\u00e2ntica \u00e9 encontrada uma \u00fanica esp\u00e9cie do g\u00eanero <strong><em>Oligosarcus<\/em><\/strong>: <a href=\"http:\/\/nossacasa.net\/nossosriachos\/tabuleiros\/oligosarcus-acutirostris\/\"><em>Oligosarcus acutirostris<\/em><\/a>.<\/p>\n<hr>\n<\/div>\n","protected":false},"excerpt":{"rendered":"<p>Os Oligosarcus G\u00fcnther, 1864 Algumas caracter\u00edsticas do g\u00eanero Oligosarcus est\u00e3o indicadas na figura acima. Peixes Oligosarcus s\u00e3o reconhecidos por possu\u00edrem olhos grandes, entre 26 a 28% no comprimento da cabe\u00e7a, e dentes c\u00f4nicos no premaxilar, maxilar e dent\u00e1rio. O g\u00eanero &hellip; <a href=\"http:\/\/nossacasa.net\/nossosriachos\/tabuleiros\/oligosarcus\/\">Continue lendo <span class=\"meta-nav\">&rarr;<\/span><\/a><\/p>\n","protected":false},"author":1,"featured_media":0,"parent":0,"menu_order":0,"comment_status":"closed","ping_status":"closed","template":"","meta":{"footnotes":""},"class_list":["post-1632","page","type-page","status-publish","hentry"],"_links":{"self":[{"href":"http:\/\/nossacasa.net\/nossosriachos\/tabuleiros\/wp-json\/wp\/v2\/pages\/1632","targetHints":{"allow":["GET"]}}],"collection":[{"href":"http:\/\/nossacasa.net\/nossosriachos\/tabuleiros\/wp-json\/wp\/v2\/pages"}],"about":[{"href":"http:\/\/nossacasa.net\/nossosriachos\/tabuleiros\/wp-json\/wp\/v2\/types\/page"}],"author":[{"embeddable":true,"href":"http:\/\/nossacasa.net\/nossosriachos\/tabuleiros\/wp-json\/wp\/v2\/users\/1"}],"replies":[{"embeddable":true,"href":"http:\/\/nossacasa.net\/nossosriachos\/tabuleiros\/wp-json\/wp\/v2\/comments?post=1632"}],"version-history":[{"count":4,"href":"http:\/\/nossacasa.net\/nossosriachos\/tabuleiros\/wp-json\/wp\/v2\/pages\/1632\/revisions"}],"predecessor-version":[{"id":4067,"href":"http:\/\/nossacasa.net\/nossosriachos\/tabuleiros\/wp-json\/wp\/v2\/pages\/1632\/revisions\/4067"}],"wp:attachment":[{"href":"http:\/\/nossacasa.net\/nossosriachos\/tabuleiros\/wp-json\/wp\/v2\/media?parent=1632"}],"curies":[{"name":"wp","href":"https:\/\/api.w.org\/{rel}","templated":true}]}}