{"id":1640,"date":"2019-09-11T08:31:12","date_gmt":"2019-09-11T11:31:12","guid":{"rendered":"http:\/\/nossacasa.net\/nossosriachos\/rios\/?page_id=1640"},"modified":"2019-09-25T14:40:46","modified_gmt":"2019-09-25T17:40:46","slug":"rachoviscus","status":"publish","type":"page","link":"http:\/\/nossacasa.net\/nossosriachos\/tabuleiros\/rachoviscus\/","title":{"rendered":"Rachoviscus"},"content":{"rendered":"<div style=\"text-align: justify\">\n<h1>Os <em>Rachoviscus<\/em> Myers, 1926<\/h1>\n<p><img loading=\"lazy\" decoding=\"async\" src=\"http:\/\/nossacasa.net\/nossosriachos\/tabuleiros\/wp-content\/uploads\/sites\/13\/2019\/09\/Rachoviscus.png\" alt=\"\" width=\"800\" height=\"539\" class=\"aligncenter size-full wp-image-4073\" srcset=\"http:\/\/nossacasa.net\/nossosriachos\/tabuleiros\/wp-content\/uploads\/sites\/13\/2019\/09\/Rachoviscus.png 800w, http:\/\/nossacasa.net\/nossosriachos\/tabuleiros\/wp-content\/uploads\/sites\/13\/2019\/09\/Rachoviscus-300x202.png 300w, http:\/\/nossacasa.net\/nossosriachos\/tabuleiros\/wp-content\/uploads\/sites\/13\/2019\/09\/Rachoviscus-768x517.png 768w, http:\/\/nossacasa.net\/nossosriachos\/tabuleiros\/wp-content\/uploads\/sites\/13\/2019\/09\/Rachoviscus-445x300.png 445w\" sizes=\"auto, (max-width: 800px) 100vw, 800px\" \/><\/p>\n<p><img loading=\"lazy\" decoding=\"async\" src=\"http:\/\/nossacasa.net\/nossosriachos\/tabuleiros\/wp-content\/uploads\/sites\/13\/2019\/09\/Rachoviscus_i.png\" alt=\"\" width=\"800\" height=\"307\" class=\"aligncenter size-full wp-image-4074\" srcset=\"http:\/\/nossacasa.net\/nossosriachos\/tabuleiros\/wp-content\/uploads\/sites\/13\/2019\/09\/Rachoviscus_i.png 800w, http:\/\/nossacasa.net\/nossosriachos\/tabuleiros\/wp-content\/uploads\/sites\/13\/2019\/09\/Rachoviscus_i-300x115.png 300w, http:\/\/nossacasa.net\/nossosriachos\/tabuleiros\/wp-content\/uploads\/sites\/13\/2019\/09\/Rachoviscus_i-768x295.png 768w, http:\/\/nossacasa.net\/nossosriachos\/tabuleiros\/wp-content\/uploads\/sites\/13\/2019\/09\/Rachoviscus_i-500x192.png 500w\" sizes=\"auto, (max-width: 800px) 100vw, 800px\" \/><\/p>\n<p>Algumas caracter\u00edsticas do g\u00eanero <strong><em>Rachoviscus<\/em><\/strong> est\u00e3o indicadas na figura acima.<\/p>\n<p>Premaxilar com 3 dentes na s\u00e9rie externa e 4 a 5 dentes na s\u00e9rie interna. Dentes na arcada superior comprimidos e n\u00e3o alinhados, sendo dif\u00edcil separar as fileiras externa e interna. Osso infraorbital 3 separado do preop\u00e9rculo por uma \u00e1rea de pele nua (seta). Nadadeira p\u00e9lvica com ganchos nos raios anteriores.<\/p>\n<p>Inclui peixes de riacho, end\u00eamicos da Mata Atl\u00e2ntica, e que possuem colorido exuberante.<\/p>\n<p>O g\u00eanero <strong><em>Rachoviscus<\/em><\/strong> \u00e9 um dos oito g\u00eaneros da fam\u00edlia <a href=\"http:\/\/nossacasa.net\/nossosriachos\/tabuleiros\/characidae\/\">Characidae<\/a> representante dos <a href=\"http:\/\/nossacasa.net\/nossosriachos\/tabuleiros\/characiformes\/\">Characiformes<\/a> nas regi\u00f5es dos tabuleiros. <\/p>\n<p>Na regi\u00e3o dos tabuleiros da Mata Atl\u00e2ntica \u00e9 encontrada uma \u00fanica esp\u00e9cie do g\u00eanero <strong><em>Rachoviscus<\/em><\/strong>: <a href=\"http:\/\/nossacasa.net\/nossosriachos\/tabuleiros\/rachoviscus-graciliceps\/\"><em>Rachoviscus graciliceps<\/em><\/a>.<\/p>\n<hr>\n<\/div>\n","protected":false},"excerpt":{"rendered":"<p>Os Rachoviscus Myers, 1926 Algumas caracter\u00edsticas do g\u00eanero Rachoviscus est\u00e3o indicadas na figura acima. Premaxilar com 3 dentes na s\u00e9rie externa e 4 a 5 dentes na s\u00e9rie interna. Dentes na arcada superior comprimidos e n\u00e3o alinhados, sendo dif\u00edcil separar &hellip; <a href=\"http:\/\/nossacasa.net\/nossosriachos\/tabuleiros\/rachoviscus\/\">Continue lendo <span class=\"meta-nav\">&rarr;<\/span><\/a><\/p>\n","protected":false},"author":1,"featured_media":0,"parent":0,"menu_order":0,"comment_status":"closed","ping_status":"closed","template":"","meta":{"footnotes":""},"class_list":["post-1640","page","type-page","status-publish","hentry"],"_links":{"self":[{"href":"http:\/\/nossacasa.net\/nossosriachos\/tabuleiros\/wp-json\/wp\/v2\/pages\/1640","targetHints":{"allow":["GET"]}}],"collection":[{"href":"http:\/\/nossacasa.net\/nossosriachos\/tabuleiros\/wp-json\/wp\/v2\/pages"}],"about":[{"href":"http:\/\/nossacasa.net\/nossosriachos\/tabuleiros\/wp-json\/wp\/v2\/types\/page"}],"author":[{"embeddable":true,"href":"http:\/\/nossacasa.net\/nossosriachos\/tabuleiros\/wp-json\/wp\/v2\/users\/1"}],"replies":[{"embeddable":true,"href":"http:\/\/nossacasa.net\/nossosriachos\/tabuleiros\/wp-json\/wp\/v2\/comments?post=1640"}],"version-history":[{"count":3,"href":"http:\/\/nossacasa.net\/nossosriachos\/tabuleiros\/wp-json\/wp\/v2\/pages\/1640\/revisions"}],"predecessor-version":[{"id":4076,"href":"http:\/\/nossacasa.net\/nossosriachos\/tabuleiros\/wp-json\/wp\/v2\/pages\/1640\/revisions\/4076"}],"wp:attachment":[{"href":"http:\/\/nossacasa.net\/nossosriachos\/tabuleiros\/wp-json\/wp\/v2\/media?parent=1640"}],"curies":[{"name":"wp","href":"https:\/\/api.w.org\/{rel}","templated":true}]}}