{"id":1641,"date":"2019-09-11T08:33:00","date_gmt":"2019-09-11T11:33:00","guid":{"rendered":"http:\/\/nossacasa.net\/nossosriachos\/rios\/?page_id=1641"},"modified":"2019-09-25T14:52:26","modified_gmt":"2019-09-25T17:52:26","slug":"rachoviscus-graciliceps","status":"publish","type":"page","link":"http:\/\/nossacasa.net\/nossosriachos\/tabuleiros\/rachoviscus-graciliceps\/","title":{"rendered":"Rachoviscus graciliceps"},"content":{"rendered":"<div style=\"text-align: justify\">\n<h1><em>Rachoviscus graciliceps<\/em> Weitzman and Cruz, 1981<\/h1>\n<p><img loading=\"lazy\" decoding=\"async\" src=\"http:\/\/nossacasa.net\/nossosriachos\/tabuleiros\/wp-content\/uploads\/sites\/13\/2019\/09\/Rachoviscus-graciliceps.png\" alt=\"\" width=\"800\" height=\"284\" class=\"aligncenter size-full wp-image-4075\" srcset=\"http:\/\/nossacasa.net\/nossosriachos\/tabuleiros\/wp-content\/uploads\/sites\/13\/2019\/09\/Rachoviscus-graciliceps.png 800w, http:\/\/nossacasa.net\/nossosriachos\/tabuleiros\/wp-content\/uploads\/sites\/13\/2019\/09\/Rachoviscus-graciliceps-300x107.png 300w, http:\/\/nossacasa.net\/nossosriachos\/tabuleiros\/wp-content\/uploads\/sites\/13\/2019\/09\/Rachoviscus-graciliceps-768x273.png 768w, http:\/\/nossacasa.net\/nossosriachos\/tabuleiros\/wp-content\/uploads\/sites\/13\/2019\/09\/Rachoviscus-graciliceps-500x178.png 500w\" sizes=\"auto, (max-width: 800px) 100vw, 800px\" \/><\/p>\n<p>Algumas caracter\u00edsticas da esp\u00e9cie <strong><em>Rachoviscus graciliceps<\/em><\/strong> est\u00e3o indicadas na figura acima.<\/p>\n<p>Possuem duas fileiras comprimidas de dentes no premaxilar, dif\u00edceis de separar. e 3 a 8 dentes no maxilar. A nadadeira anal cont\u00e9m 24 a 26 raios ramificados . A linha lateral 35 escamas. <\/p>\n<p>Indiv\u00edduos jovens podem se assemelhar a <em><a href=\"http:\/\/nossacasa.net\/nossosriachos\/tabuleiros\/mimagoniates\/\">Mimagoniates<\/a><\/em>, mas em <strong><em>Rachoviscus<\/em><\/strong> a boca tem abertura mediana (vs. voltada para cima em <em><a href=\"http:\/\/nossacasa.net\/nossosriachos\/tabuleiros\/mimagoniates\/\">Mimagoniates<\/a><\/em>) e a nadadeira peitoral cont\u00e9m 13 raios ramificados (vs. 9 em <em><a href=\"http:\/\/nossacasa.net\/nossosriachos\/tabuleiros\/mimagoniates\/\">Mimagoniates<\/a><\/em>). <\/p>\n<p><strong><em>Rachoviscus graciliceps<\/em><\/strong> s\u00e3o peixes de colorido peculiar, com tonalidade avermelhada na \u00e1rea opercular, e \u00e1reas das nadadeiras, em especial a dorsal e a anal. A adiposa \u00e9 vermelha e bem n\u00edtida. S\u00e3o nadadores ativos a meia \u00e1gua, e ali se alimentam de insetos terrestres que caem na \u00e1gua, insetos aqu\u00e1ticos e microcrust\u00e1ceos. <\/p>\n<p>Habitam nascentes e alagados permanentes rasos, florestados, com \u00e1gua \u00e1cida, cor de ch\u00e1 mate, na regi\u00e3o da plan\u00edcie costeira. A constru\u00e7\u00e3o de a\u00e7udes para capta\u00e7\u00e3o de \u00e1gua acaba com os ambientes de vida para esses peixes. Outra amea\u00e7a a sua sobreviv\u00eancia \u00e9 a expans\u00e3o imobili\u00e1ria litor\u00e2nea  (MMA, 2018).  <\/p>\n<p><strong><em>Rachoviscus graciliceps<\/em><\/strong> ocorre nas drenagens costeiras do norte do Esp\u00edrito Santo, onde ainda h\u00e1 popula\u00e7\u00f5es viventes na bacia do rio Ita\u00fanas. <\/p>\n<p>No passado <strong><em>Rachoviscus graciliceps<\/em><\/strong> possivelmente habitava toda a plan\u00edcie costeira do norte do Esp\u00edrito Santo, pois h\u00e1 registros hist\u00f3ricos tanto para o rio Ita\u00fanas, como para a drenagem do rio S\u00e3o Jos\u00e9, bacia do rio Doce. No vale do Rio Doce, apesar dos esfor\u00e7os empreendidos, essa esp\u00e9cie n\u00e3o  foi mais encontrada. No extremo sul da Bahia se encontram popula\u00e7\u00f5es bem estabelecidas, especialmente nas vilas de Cumuruxatiba e Trancoso, lugares que representam o\u00e1sis para a prote\u00e7\u00e3o da vida aqu\u00e1tica. Os registros da esp\u00e9cie se estendem at\u00e9 a e bacia do rio Pardo, em Canavieiras, Bahia. <\/p>\n<p><strong><em>Rachoviscus graciliceps<\/em><\/strong> est\u00e1 amea\u00e7ada de extin\u00e7\u00e3o, categorizada como Em Perigo- EN, na lista nacional (MMA, 2018) e Criticamente em Perigo- CR, nas listas estaduais (ES e BA). <\/p>\n<p>A esp\u00e9cie <strong><em>Rachoviscus graciliceps<\/em><\/strong> \u00e9 a \u00fanica representante do g\u00eanero <a href=\"http:\/\/nossacasa.net\/nossosriachos\/tabuleiros\/rachoviscus\/\">Rachoviscus<\/a> da fam\u00edlia <a href=\"http:\/\/nossacasa.net\/nossosriachos\/tabuleiros\/characidae\/\">Characidae<\/a> nas regi\u00f5es dos tabuleiros. <\/p>\n<hr>\n<\/div>\n","protected":false},"excerpt":{"rendered":"<p>Rachoviscus graciliceps Weitzman and Cruz, 1981 Algumas caracter\u00edsticas da esp\u00e9cie Rachoviscus graciliceps est\u00e3o indicadas na figura acima. Possuem duas fileiras comprimidas de dentes no premaxilar, dif\u00edceis de separar. e 3 a 8 dentes no maxilar. A nadadeira anal cont\u00e9m 24 &hellip; <a href=\"http:\/\/nossacasa.net\/nossosriachos\/tabuleiros\/rachoviscus-graciliceps\/\">Continue lendo <span class=\"meta-nav\">&rarr;<\/span><\/a><\/p>\n","protected":false},"author":1,"featured_media":4075,"parent":0,"menu_order":0,"comment_status":"closed","ping_status":"closed","template":"","meta":{"footnotes":""},"class_list":["post-1641","page","type-page","status-publish","has-post-thumbnail","hentry"],"_links":{"self":[{"href":"http:\/\/nossacasa.net\/nossosriachos\/tabuleiros\/wp-json\/wp\/v2\/pages\/1641","targetHints":{"allow":["GET"]}}],"collection":[{"href":"http:\/\/nossacasa.net\/nossosriachos\/tabuleiros\/wp-json\/wp\/v2\/pages"}],"about":[{"href":"http:\/\/nossacasa.net\/nossosriachos\/tabuleiros\/wp-json\/wp\/v2\/types\/page"}],"author":[{"embeddable":true,"href":"http:\/\/nossacasa.net\/nossosriachos\/tabuleiros\/wp-json\/wp\/v2\/users\/1"}],"replies":[{"embeddable":true,"href":"http:\/\/nossacasa.net\/nossosriachos\/tabuleiros\/wp-json\/wp\/v2\/comments?post=1641"}],"version-history":[{"count":3,"href":"http:\/\/nossacasa.net\/nossosriachos\/tabuleiros\/wp-json\/wp\/v2\/pages\/1641\/revisions"}],"predecessor-version":[{"id":4079,"href":"http:\/\/nossacasa.net\/nossosriachos\/tabuleiros\/wp-json\/wp\/v2\/pages\/1641\/revisions\/4079"}],"wp:featuredmedia":[{"embeddable":true,"href":"http:\/\/nossacasa.net\/nossosriachos\/tabuleiros\/wp-json\/wp\/v2\/media\/4075"}],"wp:attachment":[{"href":"http:\/\/nossacasa.net\/nossosriachos\/tabuleiros\/wp-json\/wp\/v2\/media?parent=1641"}],"curies":[{"name":"wp","href":"https:\/\/api.w.org\/{rel}","templated":true}]}}