{"id":1648,"date":"2019-09-11T08:36:54","date_gmt":"2019-09-11T11:36:54","guid":{"rendered":"http:\/\/nossacasa.net\/nossosriachos\/rios\/?page_id=1648"},"modified":"2019-09-22T19:11:32","modified_gmt":"2019-09-22T22:11:32","slug":"salminus","status":"publish","type":"page","link":"http:\/\/nossacasa.net\/nossosriachos\/tabuleiros\/salminus\/","title":{"rendered":"Salminus"},"content":{"rendered":"<div style=\"text-align: justify\">\n<h1>Os <em>Salminus<\/em> Agassiz in Spix and Agassiz, 1829<\/h1>\n<p><img loading=\"lazy\" decoding=\"async\" src=\"http:\/\/nossacasa.net\/nossosriachos\/tabuleiros\/wp-content\/uploads\/sites\/8\/2019\/09\/Salminus.png\" alt=\"\" width=\"800\" height=\"221\" class=\"aligncenter size-full wp-image-3005\" srcset=\"http:\/\/nossacasa.net\/nossosriachos\/tabuleiros\/wp-content\/uploads\/sites\/13\/2019\/09\/Salminus.png 800w, http:\/\/nossacasa.net\/nossosriachos\/tabuleiros\/wp-content\/uploads\/sites\/13\/2019\/09\/Salminus-300x83.png 300w, http:\/\/nossacasa.net\/nossosriachos\/tabuleiros\/wp-content\/uploads\/sites\/13\/2019\/09\/Salminus-768x212.png 768w, http:\/\/nossacasa.net\/nossosriachos\/tabuleiros\/wp-content\/uploads\/sites\/13\/2019\/09\/Salminus-500x138.png 500w\" sizes=\"auto, (max-width: 800px) 100vw, 800px\" \/><\/p>\n<p>Algumas caracter\u00edsticas do g\u00eanero <em>Salminus<\/em> est\u00e3o indicadas na figura acima.<\/p>\n<p>O g\u00eanero <em>Salminus<\/em> abriga os peixes conhecidos como dourado. Peixes dourados ocorrem na bacia do Prata, S\u00e3o Francisco, Magdalena, e na periferia das bacias do Amazonas e Orenoco (Lima 2017). Est\u00e3o entre os mais conhecidos peixes de \u00e1gua doce do Brasil, muito apreciados como alimento e tamb\u00e9m um dos principais alvos da pesca esportiva continental. <\/p>\n<p>S\u00e3o peixes de tamanho grande, predadores, de h\u00e1bitos carn\u00edvoros e icti\u00f3fagos. Habitam os grandes rios da floresta de tabuleiro.<\/p>\n<p>O g\u00eanero <em>Salminus<\/em> \u00e9 um dos oito g\u00eaneros da fam\u00edlia <a href=\"http:\/\/nossacasa.net\/nossosriachos\/tabuleiros\/characidae\/\">Characidae<\/a> representante dos <a href=\"http:\/\/nossacasa.net\/nossosriachos\/tabuleiros\/characiformes\/\">Characiformes<\/a> nas regi\u00f5es dos tabuleiros. <\/p>\n<p>Na regi\u00e3o dos tabuleiros da Mata Atl\u00e2ntica \u00e9 encontrada uma \u00fanica esp\u00e9cie introduzida do g\u00eanero <em>Salminus<\/em>: <a href=\"http:\/\/nossacasa.net\/nossosriachos\/tabuleiros\/salminus-brasiliensis\/\"><em>Salminus brasiliensis<\/em><\/a>.<\/p>\n<hr>\n<\/div>\n","protected":false},"excerpt":{"rendered":"<p>Os Salminus Agassiz in Spix and Agassiz, 1829 Algumas caracter\u00edsticas do g\u00eanero Salminus est\u00e3o indicadas na figura acima. O g\u00eanero Salminus abriga os peixes conhecidos como dourado. Peixes dourados ocorrem na bacia do Prata, S\u00e3o Francisco, Magdalena, e na periferia &hellip; <a href=\"http:\/\/nossacasa.net\/nossosriachos\/tabuleiros\/salminus\/\">Continue lendo <span class=\"meta-nav\">&rarr;<\/span><\/a><\/p>\n","protected":false},"author":1,"featured_media":0,"parent":0,"menu_order":0,"comment_status":"closed","ping_status":"closed","template":"","meta":{"footnotes":""},"class_list":["post-1648","page","type-page","status-publish","hentry"],"_links":{"self":[{"href":"http:\/\/nossacasa.net\/nossosriachos\/tabuleiros\/wp-json\/wp\/v2\/pages\/1648","targetHints":{"allow":["GET"]}}],"collection":[{"href":"http:\/\/nossacasa.net\/nossosriachos\/tabuleiros\/wp-json\/wp\/v2\/pages"}],"about":[{"href":"http:\/\/nossacasa.net\/nossosriachos\/tabuleiros\/wp-json\/wp\/v2\/types\/page"}],"author":[{"embeddable":true,"href":"http:\/\/nossacasa.net\/nossosriachos\/tabuleiros\/wp-json\/wp\/v2\/users\/1"}],"replies":[{"embeddable":true,"href":"http:\/\/nossacasa.net\/nossosriachos\/tabuleiros\/wp-json\/wp\/v2\/comments?post=1648"}],"version-history":[{"count":1,"href":"http:\/\/nossacasa.net\/nossosriachos\/tabuleiros\/wp-json\/wp\/v2\/pages\/1648\/revisions"}],"predecessor-version":[{"id":3696,"href":"http:\/\/nossacasa.net\/nossosriachos\/tabuleiros\/wp-json\/wp\/v2\/pages\/1648\/revisions\/3696"}],"wp:attachment":[{"href":"http:\/\/nossacasa.net\/nossosriachos\/tabuleiros\/wp-json\/wp\/v2\/media?parent=1648"}],"curies":[{"name":"wp","href":"https:\/\/api.w.org\/{rel}","templated":true}]}}