{"id":1653,"date":"2019-09-11T19:39:55","date_gmt":"2019-09-11T22:39:55","guid":{"rendered":"http:\/\/nossacasa.net\/nossosriachos\/rios\/?page_id=1653"},"modified":"2019-09-25T17:01:00","modified_gmt":"2019-09-25T20:01:00","slug":"characidum","status":"publish","type":"page","link":"http:\/\/nossacasa.net\/nossosriachos\/tabuleiros\/characidum\/","title":{"rendered":"Characidum"},"content":{"rendered":"<div style=\"text-align: justify\">\n<h1>Os <em>Characidum<\/em> Reinhardt, 1867<\/h1>\n<p><img loading=\"lazy\" decoding=\"async\" src=\"http:\/\/nossacasa.net\/nossosriachos\/tabuleiros\/wp-content\/uploads\/sites\/13\/2019\/09\/Characidum-1.png\" alt=\"\" width=\"800\" height=\"298\" class=\"aligncenter size-full wp-image-4101\" srcset=\"http:\/\/nossacasa.net\/nossosriachos\/tabuleiros\/wp-content\/uploads\/sites\/13\/2019\/09\/Characidum-1.png 800w, http:\/\/nossacasa.net\/nossosriachos\/tabuleiros\/wp-content\/uploads\/sites\/13\/2019\/09\/Characidum-1-300x112.png 300w, http:\/\/nossacasa.net\/nossosriachos\/tabuleiros\/wp-content\/uploads\/sites\/13\/2019\/09\/Characidum-1-768x286.png 768w, http:\/\/nossacasa.net\/nossosriachos\/tabuleiros\/wp-content\/uploads\/sites\/13\/2019\/09\/Characidum-1-500x186.png 500w\" sizes=\"auto, (max-width: 800px) 100vw, 800px\" \/><\/p>\n<p><img loading=\"lazy\" decoding=\"async\" src=\"http:\/\/nossacasa.net\/nossosriachos\/tabuleiros\/wp-content\/uploads\/sites\/13\/2019\/09\/Characidum_i.png\" alt=\"\" width=\"800\" height=\"338\" class=\"aligncenter size-full wp-image-4099\" srcset=\"http:\/\/nossacasa.net\/nossosriachos\/tabuleiros\/wp-content\/uploads\/sites\/13\/2019\/09\/Characidum_i.png 800w, http:\/\/nossacasa.net\/nossosriachos\/tabuleiros\/wp-content\/uploads\/sites\/13\/2019\/09\/Characidum_i-300x127.png 300w, http:\/\/nossacasa.net\/nossosriachos\/tabuleiros\/wp-content\/uploads\/sites\/13\/2019\/09\/Characidum_i-768x324.png 768w, http:\/\/nossacasa.net\/nossosriachos\/tabuleiros\/wp-content\/uploads\/sites\/13\/2019\/09\/Characidum_i-500x211.png 500w\" sizes=\"auto, (max-width: 800px) 100vw, 800px\" \/><\/p>\n<p>Algumas caracter\u00edsticas do g\u00eanero <strong><em>Characidum<\/em><\/strong> est\u00e3o indicadas na figura acima.<\/p>\n<p>Peixes <strong><em>Characidium<\/em><\/strong> podem ser reconhecidos pela presen\u00e7a de uma mancha basicaudal escura, na \u00e1rea mediana da nadadeira (Buckup 1993; Malanski et al., 2019). <\/p>\n<p>O colorido entre jovens e adultos \u00e9 vari\u00e1vel e pode confundir a identifica\u00e7\u00e3o da esp\u00e9cie. <\/p>\n<p>A boca sub-inferior aproximadamente reta cont\u00e9m delicados e diminutos dentes cuspidados, aproximadamente sim\u00e9tricos, que lhes permite uma alimenta\u00e7\u00e3o perifit\u00edvora. S\u00e3o peixes de nata\u00e7\u00e3o ativa, habitando \u00e1guas de correnteza forte a moderada, sob fundo rochoso, de cascalho ou areia. <\/p>\n<p>O g\u00eanero <strong><em>Characidum<\/em><\/strong> \u00e9 o \u00fanico g\u00eanero  da fam\u00edlia <a href=\"http:\/\/nossacasa.net\/nossosriachos\/tabuleiros\/crenuchidae\/\">Crenuchidae<\/a> representante dos <a href=\"http:\/\/nossacasa.net\/nossosriachos\/tabuleiros\/characiformes\/\">Characiformes<\/a> nas regi\u00f5es dos tabuleiros. <\/p>\n<p>S\u00e3o 69 esp\u00e9cies v\u00e1lidas em <strong><em>Characidium<\/em><\/strong> sendo quatro, tr\u00eas v\u00e1lidas e uma potencialmente nova, conhecidas para os rios da floresta de tabuleiro:<em> <a href=\"http:\/\/nossacasa.net\/nossosriachos\/tabuleiros\/characidium-cricarense\/\">Characidium cricarense<\/a><\/em>; <em><a href=\"http:\/\/nossacasa.net\/nossosriachos\/tabuleiros\/characidium-helmeri\/\">Characidium  helmeri<\/a><\/em>; <em><a href=\"http:\/\/nossacasa.net\/nossosriachos\/tabuleiros\/characidium-interruptum\/\">Characidium interruptum<\/a><\/em> e <a href=\"http:\/\/nossacasa.net\/nossosriachos\/tabuleiros\/characidium-aff-samurai\/\"><em>Characidium<\/em> aff. <em>samurai<\/a><\/em>.<\/p>\n<hr>\n<p><strong><a href=\"http:\/\/nossacasa.net\/nossosriachos\/tabuleiros\/chave-de-characidium\/\">CHAVE DE <em>CHARACIDIUM<\/em><\/a><\/strong><\/p>\n<hr>\n<\/div>\n","protected":false},"excerpt":{"rendered":"<p>Os Characidum Reinhardt, 1867 Algumas caracter\u00edsticas do g\u00eanero Characidum est\u00e3o indicadas na figura acima. Peixes Characidium podem ser reconhecidos pela presen\u00e7a de uma mancha basicaudal escura, na \u00e1rea mediana da nadadeira (Buckup 1993; Malanski et al., 2019). O colorido entre &hellip; <a href=\"http:\/\/nossacasa.net\/nossosriachos\/tabuleiros\/characidum\/\">Continue lendo <span class=\"meta-nav\">&rarr;<\/span><\/a><\/p>\n","protected":false},"author":1,"featured_media":0,"parent":0,"menu_order":0,"comment_status":"closed","ping_status":"closed","template":"","meta":{"footnotes":""},"class_list":["post-1653","page","type-page","status-publish","hentry"],"_links":{"self":[{"href":"http:\/\/nossacasa.net\/nossosriachos\/tabuleiros\/wp-json\/wp\/v2\/pages\/1653","targetHints":{"allow":["GET"]}}],"collection":[{"href":"http:\/\/nossacasa.net\/nossosriachos\/tabuleiros\/wp-json\/wp\/v2\/pages"}],"about":[{"href":"http:\/\/nossacasa.net\/nossosriachos\/tabuleiros\/wp-json\/wp\/v2\/types\/page"}],"author":[{"embeddable":true,"href":"http:\/\/nossacasa.net\/nossosriachos\/tabuleiros\/wp-json\/wp\/v2\/users\/1"}],"replies":[{"embeddable":true,"href":"http:\/\/nossacasa.net\/nossosriachos\/tabuleiros\/wp-json\/wp\/v2\/comments?post=1653"}],"version-history":[{"count":5,"href":"http:\/\/nossacasa.net\/nossosriachos\/tabuleiros\/wp-json\/wp\/v2\/pages\/1653\/revisions"}],"predecessor-version":[{"id":4113,"href":"http:\/\/nossacasa.net\/nossosriachos\/tabuleiros\/wp-json\/wp\/v2\/pages\/1653\/revisions\/4113"}],"wp:attachment":[{"href":"http:\/\/nossacasa.net\/nossosriachos\/tabuleiros\/wp-json\/wp\/v2\/media?parent=1653"}],"curies":[{"name":"wp","href":"https:\/\/api.w.org\/{rel}","templated":true}]}}