{"id":1664,"date":"2019-09-11T20:06:28","date_gmt":"2019-09-11T23:06:28","guid":{"rendered":"http:\/\/nossacasa.net\/nossosriachos\/rios\/?page_id=1664"},"modified":"2019-09-25T16:37:58","modified_gmt":"2019-09-25T19:37:58","slug":"characidium-cricarense","status":"publish","type":"page","link":"http:\/\/nossacasa.net\/nossosriachos\/tabuleiros\/characidium-cricarense\/","title":{"rendered":"Characidium cricarense"},"content":{"rendered":"<div style=\"text-align: justify\">\n<h1><em>Characidium cricarense<\/em> Malanski et al., 2019<\/h1>\n<p><img loading=\"lazy\" decoding=\"async\" src=\"http:\/\/nossacasa.net\/nossosriachos\/tabuleiros\/wp-content\/uploads\/sites\/13\/2019\/09\/Characidium-cricarense.png\" alt=\"\" width=\"800\" height=\"293\" class=\"aligncenter size-full wp-image-4090\" srcset=\"http:\/\/nossacasa.net\/nossosriachos\/tabuleiros\/wp-content\/uploads\/sites\/13\/2019\/09\/Characidium-cricarense.png 800w, http:\/\/nossacasa.net\/nossosriachos\/tabuleiros\/wp-content\/uploads\/sites\/13\/2019\/09\/Characidium-cricarense-300x110.png 300w, http:\/\/nossacasa.net\/nossosriachos\/tabuleiros\/wp-content\/uploads\/sites\/13\/2019\/09\/Characidium-cricarense-768x281.png 768w, http:\/\/nossacasa.net\/nossosriachos\/tabuleiros\/wp-content\/uploads\/sites\/13\/2019\/09\/Characidium-cricarense-500x183.png 500w\" sizes=\"auto, (max-width: 800px) 100vw, 800px\" \/><\/p>\n<p><img loading=\"lazy\" decoding=\"async\" src=\"http:\/\/nossacasa.net\/nossosriachos\/tabuleiros\/wp-content\/uploads\/sites\/13\/2019\/09\/Characidium-cricarense_i.png\" alt=\"\" width=\"800\" height=\"522\" class=\"aligncenter size-full wp-image-4091\" srcset=\"http:\/\/nossacasa.net\/nossosriachos\/tabuleiros\/wp-content\/uploads\/sites\/13\/2019\/09\/Characidium-cricarense_i.png 800w, http:\/\/nossacasa.net\/nossosriachos\/tabuleiros\/wp-content\/uploads\/sites\/13\/2019\/09\/Characidium-cricarense_i-300x196.png 300w, http:\/\/nossacasa.net\/nossosriachos\/tabuleiros\/wp-content\/uploads\/sites\/13\/2019\/09\/Characidium-cricarense_i-768x501.png 768w, http:\/\/nossacasa.net\/nossosriachos\/tabuleiros\/wp-content\/uploads\/sites\/13\/2019\/09\/Characidium-cricarense_i-460x300.png 460w\" sizes=\"auto, (max-width: 800px) 100vw, 800px\" \/><\/p>\n<p>Algumas caracter\u00edsticas da esp\u00e9cie <strong><em>Characidium cricarense<\/em><\/strong> est\u00e3o indicadas na figura acima.<\/p>\n<p>Istmo e peito nus, desprovido de escamas. 5 a 7 escamas entre anus e nadadeira anal. Faixa lateral ao longo do corpo estreita ou esmaecida, largura 0,5 escama. Nadadeira caudal geralmente com \u00e1rea escura, formando o desenho de &#8220;3&#8221;.<\/p>\n<p><strong><em>Characidium cricarense<\/em><\/strong> habita as cabeceiras dos rios que drenam o leste de Minas Gerais e des\u00e1guam no norte do Esp\u00edrito Santo e Sul da Bahia. As maiores altitudes onde a esp\u00e9cie \u00e9 encontrada correspondem ao vale do rio Mucuri, em Te\u00f3filo Otoni- MG, onde foi captura da a 340 m de altitude. Ocupa as terras baixas dos tabuleiros o norte do rio Doce, em Linhares e Sooretama at\u00e9 o rio Santo Ant\u00f4nio, em Porto Seguro.  <\/p>\n<p>Vivem em \u00e1guas de correnteza moderada a fraca, em ambientes de riacho, onde formam agregados de poucos indiv\u00edduos (Malanski et al. 2019).  Ocupam ambientes de leito de areia, pedrinhas ou cascalho, nadando na contra corrente e ancorando-se nas pedras.<\/p>\n<p>A esp\u00e9cie <strong><em>Characidium cricarense<\/em><\/strong> \u00e9 a uma das quatro esp\u00e9cies representante do g\u00eanero <a href=\"http:\/\/nossacasa.net\/nossosriachos\/tabuleiros\/characidum\/\">Characidium<\/a> da fam\u00edlia <a href=\"http:\/\/nossacasa.net\/nossosriachos\/tabuleiros\/crenuchidae\/\">Crenuchidae<\/a> nas regi\u00f5es dos tabuleiros.<\/p>\n<hr>\n<\/div>\n","protected":false},"excerpt":{"rendered":"<p>Characidium cricarense Malanski et al., 2019 Algumas caracter\u00edsticas da esp\u00e9cie Characidium cricarense est\u00e3o indicadas na figura acima. Istmo e peito nus, desprovido de escamas. 5 a 7 escamas entre anus e nadadeira anal. Faixa lateral ao longo do corpo estreita &hellip; <a href=\"http:\/\/nossacasa.net\/nossosriachos\/tabuleiros\/characidium-cricarense\/\">Continue lendo <span class=\"meta-nav\">&rarr;<\/span><\/a><\/p>\n","protected":false},"author":1,"featured_media":4090,"parent":0,"menu_order":0,"comment_status":"closed","ping_status":"closed","template":"","meta":{"footnotes":""},"class_list":["post-1664","page","type-page","status-publish","has-post-thumbnail","hentry"],"_links":{"self":[{"href":"http:\/\/nossacasa.net\/nossosriachos\/tabuleiros\/wp-json\/wp\/v2\/pages\/1664","targetHints":{"allow":["GET"]}}],"collection":[{"href":"http:\/\/nossacasa.net\/nossosriachos\/tabuleiros\/wp-json\/wp\/v2\/pages"}],"about":[{"href":"http:\/\/nossacasa.net\/nossosriachos\/tabuleiros\/wp-json\/wp\/v2\/types\/page"}],"author":[{"embeddable":true,"href":"http:\/\/nossacasa.net\/nossosriachos\/tabuleiros\/wp-json\/wp\/v2\/users\/1"}],"replies":[{"embeddable":true,"href":"http:\/\/nossacasa.net\/nossosriachos\/tabuleiros\/wp-json\/wp\/v2\/comments?post=1664"}],"version-history":[{"count":3,"href":"http:\/\/nossacasa.net\/nossosriachos\/tabuleiros\/wp-json\/wp\/v2\/pages\/1664\/revisions"}],"predecessor-version":[{"id":4106,"href":"http:\/\/nossacasa.net\/nossosriachos\/tabuleiros\/wp-json\/wp\/v2\/pages\/1664\/revisions\/4106"}],"wp:featuredmedia":[{"embeddable":true,"href":"http:\/\/nossacasa.net\/nossosriachos\/tabuleiros\/wp-json\/wp\/v2\/media\/4090"}],"wp:attachment":[{"href":"http:\/\/nossacasa.net\/nossosriachos\/tabuleiros\/wp-json\/wp\/v2\/media?parent=1664"}],"curies":[{"name":"wp","href":"https:\/\/api.w.org\/{rel}","templated":true}]}}