{"id":1667,"date":"2019-09-11T20:11:09","date_gmt":"2019-09-11T23:11:09","guid":{"rendered":"http:\/\/nossacasa.net\/nossosriachos\/rios\/?page_id=1667"},"modified":"2019-09-25T16:43:56","modified_gmt":"2019-09-25T19:43:56","slug":"characidium-helmeri","status":"publish","type":"page","link":"http:\/\/nossacasa.net\/nossosriachos\/tabuleiros\/characidium-helmeri\/","title":{"rendered":"Characidium helmeri"},"content":{"rendered":"<div style=\"text-align: justify\">\n<h1><em>Characidium helmeri<\/em> Zanata, Sarmento-Soares &amp; Martins-Pinheiro, 2015<\/h1>\n<p><img loading=\"lazy\" decoding=\"async\" src=\"http:\/\/nossacasa.net\/nossosriachos\/tabuleiros\/wp-content\/uploads\/sites\/13\/2019\/09\/Characidium-helmeri.png\" alt=\"\" width=\"800\" height=\"276\" class=\"aligncenter size-full wp-image-4092\" srcset=\"http:\/\/nossacasa.net\/nossosriachos\/tabuleiros\/wp-content\/uploads\/sites\/13\/2019\/09\/Characidium-helmeri.png 800w, http:\/\/nossacasa.net\/nossosriachos\/tabuleiros\/wp-content\/uploads\/sites\/13\/2019\/09\/Characidium-helmeri-300x104.png 300w, http:\/\/nossacasa.net\/nossosriachos\/tabuleiros\/wp-content\/uploads\/sites\/13\/2019\/09\/Characidium-helmeri-768x265.png 768w, http:\/\/nossacasa.net\/nossosriachos\/tabuleiros\/wp-content\/uploads\/sites\/13\/2019\/09\/Characidium-helmeri-500x173.png 500w\" sizes=\"auto, (max-width: 800px) 100vw, 800px\" \/><\/p>\n<p>Algumas caracter\u00edsticas da esp\u00e9cie <strong><em>Characidium helmeri<\/em><\/strong> est\u00e3o indicadas na figura acima.<\/p>\n<p>\u00danica esp\u00e9cie de <em><a href=\"http:\/\/nossacasa.net\/nossosriachos\/tabuleiros\/characidum\/\">Characidium<\/a><\/em> na floresta de tabuleiro com aus\u00eancia de nadadeira adiposa. Linha lateral incompleta, com 13 a 22 escamas perfuradas. Corpo baixo, com 4 escamas acima da linha lateral.<\/p>\n<p>Peixes <strong><em>Characidium helmeri<\/em><\/strong> habitam rios costeiros de correnteza fraca, com altitudes inferiores a 90 metros, e vegeta\u00e7\u00e3o rip\u00e1ria. <\/p>\n<p>Uma outra esp\u00e9cie da regi\u00e3o <a href=\"http:\/\/nossacasa.net\/nossosriachos\/tabuleiros\/characidium-interruptum\/\"><em>Characidium interruptum<\/em><\/a>, tamb\u00e9m habita este tipo de ambiente.  <\/p>\n<p>Apesar de compartilharem ambientes similares, <strong><em>Characidium helmeri<\/em><\/strong> e <a href=\"http:\/\/nossacasa.net\/nossosriachos\/tabuleiros\/characidium-interruptum\/\">C. interruptum<\/a> n\u00e3o ocorrem juntas, sintopicamente. <\/p>\n<p><strong><em>Characidium helmeri<\/em><\/strong> ocorre no bra\u00e7o sul do rio Cahy, mas n\u00e3o h\u00e1 registros para o c\u00f3rrego Palmares, sugerindo que apesar de habitarem a mesma bacia, a distribui\u00e7\u00e3o \u00e9 distinta. <\/p>\n<p>A distribui\u00e7\u00e3o geogr\u00e1fica de <strong><em>Characidium helmeri<\/em><\/strong> abrange as microbacias de Cumuruxatiba, bacia do rio Cahy, no Prado, microbacias de Trancoso, em Porto Seguro, e bacia do rio Salsa, em Canavieiras, Bahia.<\/p>\n<p>A esp\u00e9cie <strong><em>Characidium helmeri<\/em><\/strong> \u00e9 a uma das quatro esp\u00e9cies representante do g\u00eanero <a href=\"http:\/\/nossacasa.net\/nossosriachos\/tabuleiros\/characidum\/\">Characidium<\/a> da fam\u00edlia <a href=\"http:\/\/nossacasa.net\/nossosriachos\/tabuleiros\/crenuchidae\/\">Crenuchidae<\/a> nas regi\u00f5es dos tabuleiros.<\/p>\n<hr>\n<\/div>\n","protected":false},"excerpt":{"rendered":"<p>Characidium helmeri Zanata, Sarmento-Soares &amp; Martins-Pinheiro, 2015 Algumas caracter\u00edsticas da esp\u00e9cie Characidium helmeri est\u00e3o indicadas na figura acima. \u00danica esp\u00e9cie de Characidium na floresta de tabuleiro com aus\u00eancia de nadadeira adiposa. Linha lateral incompleta, com 13 a 22 escamas perfuradas. &hellip; <a href=\"http:\/\/nossacasa.net\/nossosriachos\/tabuleiros\/characidium-helmeri\/\">Continue lendo <span class=\"meta-nav\">&rarr;<\/span><\/a><\/p>\n","protected":false},"author":1,"featured_media":4092,"parent":0,"menu_order":0,"comment_status":"closed","ping_status":"closed","template":"","meta":{"footnotes":""},"class_list":["post-1667","page","type-page","status-publish","has-post-thumbnail","hentry"],"_links":{"self":[{"href":"http:\/\/nossacasa.net\/nossosriachos\/tabuleiros\/wp-json\/wp\/v2\/pages\/1667","targetHints":{"allow":["GET"]}}],"collection":[{"href":"http:\/\/nossacasa.net\/nossosriachos\/tabuleiros\/wp-json\/wp\/v2\/pages"}],"about":[{"href":"http:\/\/nossacasa.net\/nossosriachos\/tabuleiros\/wp-json\/wp\/v2\/types\/page"}],"author":[{"embeddable":true,"href":"http:\/\/nossacasa.net\/nossosriachos\/tabuleiros\/wp-json\/wp\/v2\/users\/1"}],"replies":[{"embeddable":true,"href":"http:\/\/nossacasa.net\/nossosriachos\/tabuleiros\/wp-json\/wp\/v2\/comments?post=1667"}],"version-history":[{"count":2,"href":"http:\/\/nossacasa.net\/nossosriachos\/tabuleiros\/wp-json\/wp\/v2\/pages\/1667\/revisions"}],"predecessor-version":[{"id":4108,"href":"http:\/\/nossacasa.net\/nossosriachos\/tabuleiros\/wp-json\/wp\/v2\/pages\/1667\/revisions\/4108"}],"wp:featuredmedia":[{"embeddable":true,"href":"http:\/\/nossacasa.net\/nossosriachos\/tabuleiros\/wp-json\/wp\/v2\/media\/4092"}],"wp:attachment":[{"href":"http:\/\/nossacasa.net\/nossosriachos\/tabuleiros\/wp-json\/wp\/v2\/media?parent=1667"}],"curies":[{"name":"wp","href":"https:\/\/api.w.org\/{rel}","templated":true}]}}