{"id":1669,"date":"2019-09-11T20:14:32","date_gmt":"2019-09-11T23:14:32","guid":{"rendered":"http:\/\/nossacasa.net\/nossosriachos\/rios\/?page_id=1669"},"modified":"2019-09-25T16:55:30","modified_gmt":"2019-09-25T19:55:30","slug":"characidium-interruptum","status":"publish","type":"page","link":"http:\/\/nossacasa.net\/nossosriachos\/tabuleiros\/characidium-interruptum\/","title":{"rendered":"Characidium interruptum"},"content":{"rendered":"<div style=\"text-align: justify\">\n<h1><em>Characidium interruptum<\/em> Pellegrin, 1909<\/h1>\n<p><img loading=\"lazy\" decoding=\"async\" src=\"http:\/\/nossacasa.net\/nossosriachos\/tabuleiros\/wp-content\/uploads\/sites\/13\/2019\/09\/Characidium-interruptum.png\" alt=\"\" width=\"800\" height=\"261\" class=\"aligncenter size-full wp-image-4093\" srcset=\"http:\/\/nossacasa.net\/nossosriachos\/tabuleiros\/wp-content\/uploads\/sites\/13\/2019\/09\/Characidium-interruptum.png 800w, http:\/\/nossacasa.net\/nossosriachos\/tabuleiros\/wp-content\/uploads\/sites\/13\/2019\/09\/Characidium-interruptum-300x98.png 300w, http:\/\/nossacasa.net\/nossosriachos\/tabuleiros\/wp-content\/uploads\/sites\/13\/2019\/09\/Characidium-interruptum-768x251.png 768w, http:\/\/nossacasa.net\/nossosriachos\/tabuleiros\/wp-content\/uploads\/sites\/13\/2019\/09\/Characidium-interruptum-500x163.png 500w\" sizes=\"auto, (max-width: 800px) 100vw, 800px\" \/><\/p>\n<p>Algumas caracter\u00edsticas da esp\u00e9cie <strong><em>Characidium interruptum<\/em><\/strong> est\u00e3o indicadas na figura acima.<\/p>\n<p>Corpo alto, com 5 a 6 escamas acima da linha lateral. Altura do corpo na origem da dorsal 24 a 26% no comprimento padr\u00e3o. Linha lateral incompleta, reduzida, com 12 a 15 escamas perfuradas.<\/p>\n<p><strong><em>Characidium interruptum<\/em><\/strong> na Bahia tem ocorr\u00eancia para o c\u00f3rrego Palmares, contribuinte do rio Cahy bra\u00e7o norte, apenas. <\/p>\n<p>A popula\u00e7\u00e3o de <strong><em>Characidium interruptum<\/em><\/strong> no extremo sul da Bahia \u00e9 disjunta em rela\u00e7\u00e3o a original do Rio de Janeiro, onde fica a localidade tipo, serra da Estrela, drenagem da ba\u00eda de Guanabara. Por muito tempo acreditou-se tratar de uma nova esp\u00e9cie, mas a \u00fanica diferen\u00e7a morfol\u00f3gica razo\u00e1vel observada entre a popula\u00e7\u00e3o baiana e aquela da localidade tipo foi a altura do corpo na origem da dorsal 24-26% SL na popula\u00e7\u00e3o da Bahia (vs. 19.7-22.8% SL em <em>C. interruptum<\/em> do Rio de Janeiro). <\/p>\n<p>Em rela\u00e7\u00e3o a prefer\u00eancia de habitat, peixes <strong><em>Characidium interruptum<\/em><\/strong> habitam rios costeiros de correnteza fraca, com altitudes inferiores a 90 metros, e vegeta\u00e7\u00e3o rip\u00e1ria. Tais ambientes coincidem com os de <em><a href=\"http:\/\/nossacasa.net\/nossosriachos\/tabuleiros\/characidium-helmeri\/\">C. helmeri<\/a><\/em>, uma esp\u00e9cie tamb\u00e9m conhecida do rio Cahy.<\/p>\n<p>Apesar de compartilharem ambientes similares, <strong><em>Characidium interruptum<\/em><\/strong> e <a href=\"http:\/\/nossacasa.net\/nossosriachos\/tabuleiros\/characidium-helmeri\/\"><em>C. helmeri<\/em><\/a> n\u00e3o foram observadas juntas, sintopicamente. <\/p>\n<p>N\u00e3o h\u00e1 registros de <a href=\"http:\/\/nossacasa.net\/nossosriachos\/tabuleiros\/characidium-helmeri\/\"><em>C. helmeri<\/em><\/a> para o c\u00f3rrego Palmares, sugerindo que apesar de habitarem a mesma bacia, a distribui\u00e7\u00e3o \u00e9 distinta. <\/p>\n<p>A prefer\u00eancia de habitat de <strong><em>Characidium interruptum<\/em><\/strong> e tamb\u00e9m <a href=\"http:\/\/nossacasa.net\/nossosriachos\/tabuleiros\/characidium-helmeri\/\"><em>C. helmeri<\/em><\/a> \u00e9 contrastante com a observada para as outras duas esp\u00e9cies de <a href=\"http:\/\/nossacasa.net\/nossosriachos\/tabuleiros\/characidum\/\"><em>Characidium<\/em><\/a> nos tabuleiros: <em><a href=\"http:\/\/nossacasa.net\/nossosriachos\/tabuleiros\/characidium-cricarense\/\">Characidium cricarense<\/a><\/em> e <a href=\"http:\/\/nossacasa.net\/nossosriachos\/tabuleiros\/characidium-aff-samurai\/\"><em>Characidium<\/em> aff. <em>samurai<\/em><\/a> s\u00e3o habitantes de \u00e1guas r\u00e1pidas, em correnteza forte, e tais peixes possuem o corpo baixo, afilado, e tem as nadadeiras peitorais e p\u00e9lvicas que permitem a esses peixes ancorar-se no fundo.  Tais nadadeiras s\u00e3o bastante diferenciadas daquelas observadas em <strong><em>Characidium interruptum<\/em><\/strong> e <a href=\"http:\/\/nossacasa.net\/nossosriachos\/tabuleiros\/characidium-helmeri\/\"><em>C. helmeri<\/em><\/a>, que possuem as nadadeiras pares pequenas e delicadas. <\/p>\n<p>A esp\u00e9cie <strong><em>Characidium interruptum<\/em><\/strong> \u00e9 a uma das quatro esp\u00e9cies representante do g\u00eanero <a href=\"http:\/\/nossacasa.net\/nossosriachos\/tabuleiros\/characidum\/\">Characidium<\/a> da fam\u00edlia <a href=\"http:\/\/nossacasa.net\/nossosriachos\/tabuleiros\/crenuchidae\/\">Crenuchidae<\/a> nas regi\u00f5es dos tabuleiros.<\/p>\n<hr>\n<\/div>\n","protected":false},"excerpt":{"rendered":"<p>Characidium interruptum Pellegrin, 1909 Algumas caracter\u00edsticas da esp\u00e9cie Characidium interruptum est\u00e3o indicadas na figura acima. Corpo alto, com 5 a 6 escamas acima da linha lateral. Altura do corpo na origem da dorsal 24 a 26% no comprimento padr\u00e3o. Linha &hellip; <a href=\"http:\/\/nossacasa.net\/nossosriachos\/tabuleiros\/characidium-interruptum\/\">Continue lendo <span class=\"meta-nav\">&rarr;<\/span><\/a><\/p>\n","protected":false},"author":1,"featured_media":4093,"parent":0,"menu_order":0,"comment_status":"closed","ping_status":"closed","template":"","meta":{"footnotes":""},"class_list":["post-1669","page","type-page","status-publish","has-post-thumbnail","hentry"],"_links":{"self":[{"href":"http:\/\/nossacasa.net\/nossosriachos\/tabuleiros\/wp-json\/wp\/v2\/pages\/1669","targetHints":{"allow":["GET"]}}],"collection":[{"href":"http:\/\/nossacasa.net\/nossosriachos\/tabuleiros\/wp-json\/wp\/v2\/pages"}],"about":[{"href":"http:\/\/nossacasa.net\/nossosriachos\/tabuleiros\/wp-json\/wp\/v2\/types\/page"}],"author":[{"embeddable":true,"href":"http:\/\/nossacasa.net\/nossosriachos\/tabuleiros\/wp-json\/wp\/v2\/users\/1"}],"replies":[{"embeddable":true,"href":"http:\/\/nossacasa.net\/nossosriachos\/tabuleiros\/wp-json\/wp\/v2\/comments?post=1669"}],"version-history":[{"count":2,"href":"http:\/\/nossacasa.net\/nossosriachos\/tabuleiros\/wp-json\/wp\/v2\/pages\/1669\/revisions"}],"predecessor-version":[{"id":4110,"href":"http:\/\/nossacasa.net\/nossosriachos\/tabuleiros\/wp-json\/wp\/v2\/pages\/1669\/revisions\/4110"}],"wp:featuredmedia":[{"embeddable":true,"href":"http:\/\/nossacasa.net\/nossosriachos\/tabuleiros\/wp-json\/wp\/v2\/media\/4093"}],"wp:attachment":[{"href":"http:\/\/nossacasa.net\/nossosriachos\/tabuleiros\/wp-json\/wp\/v2\/media?parent=1669"}],"curies":[{"name":"wp","href":"https:\/\/api.w.org\/{rel}","templated":true}]}}