{"id":1679,"date":"2019-09-11T21:07:27","date_gmt":"2019-09-12T00:07:27","guid":{"rendered":"http:\/\/nossacasa.net\/nossosriachos\/rios\/?page_id=1679"},"modified":"2019-09-25T17:59:54","modified_gmt":"2019-09-25T20:59:54","slug":"cyphocharax","status":"publish","type":"page","link":"http:\/\/nossacasa.net\/nossosriachos\/tabuleiros\/cyphocharax\/","title":{"rendered":"Cyphocharax"},"content":{"rendered":"<div style=\"text-align: justify\">\n<h1>Os <em>Cyphocharax<\/em> Fowler, 1906<\/h1>\n<p><img loading=\"lazy\" decoding=\"async\" src=\"http:\/\/nossacasa.net\/nossosriachos\/tabuleiros\/wp-content\/uploads\/sites\/13\/2019\/09\/Cyphocharax.png\" alt=\"\" width=\"800\" height=\"268\" class=\"aligncenter size-full wp-image-4116\" srcset=\"http:\/\/nossacasa.net\/nossosriachos\/tabuleiros\/wp-content\/uploads\/sites\/13\/2019\/09\/Cyphocharax.png 800w, http:\/\/nossacasa.net\/nossosriachos\/tabuleiros\/wp-content\/uploads\/sites\/13\/2019\/09\/Cyphocharax-300x101.png 300w, http:\/\/nossacasa.net\/nossosriachos\/tabuleiros\/wp-content\/uploads\/sites\/13\/2019\/09\/Cyphocharax-768x257.png 768w, http:\/\/nossacasa.net\/nossosriachos\/tabuleiros\/wp-content\/uploads\/sites\/13\/2019\/09\/Cyphocharax-500x168.png 500w\" sizes=\"auto, (max-width: 800px) 100vw, 800px\" \/><\/p>\n<p><img loading=\"lazy\" decoding=\"async\" src=\"http:\/\/nossacasa.net\/nossosriachos\/tabuleiros\/wp-content\/uploads\/sites\/13\/2019\/09\/Cyphocharax_i.png\" alt=\"\" width=\"800\" height=\"395\" class=\"aligncenter size-full wp-image-4117\" srcset=\"http:\/\/nossacasa.net\/nossosriachos\/tabuleiros\/wp-content\/uploads\/sites\/13\/2019\/09\/Cyphocharax_i.png 800w, http:\/\/nossacasa.net\/nossosriachos\/tabuleiros\/wp-content\/uploads\/sites\/13\/2019\/09\/Cyphocharax_i-300x148.png 300w, http:\/\/nossacasa.net\/nossosriachos\/tabuleiros\/wp-content\/uploads\/sites\/13\/2019\/09\/Cyphocharax_i-768x379.png 768w, http:\/\/nossacasa.net\/nossosriachos\/tabuleiros\/wp-content\/uploads\/sites\/13\/2019\/09\/Cyphocharax_i-500x247.png 500w\" sizes=\"auto, (max-width: 800px) 100vw, 800px\" \/><\/p>\n<p>Algumas caracter\u00edsticas do g\u00eanero <strong><em>Cyphocharax<\/em><\/strong> est\u00e3o indicadas na figura acima.<\/p>\n<p>S\u00e3o peixes de tamanho entre 45 e 55 mm de comprimento padr\u00e3o. A nadadeira adiposa est\u00e1 ausente. O istmo e peito s\u00e3o escamados. Possuem 3 a 4 escamas entre anus e nadadeira anal. Faixa lateral escura larga, largura corresponde a 1 escama e meia ao longo da linha mediana do corpo. Nadadeira caudal despigmentada, sem manchas ou desenhos, apenas com uma pequena mancha basicaudal destacada da faixa lateral. <\/p>\n<p>Habitam rios de correnteza moderada a forte, de leito de rocha pedras ou areia, na margem direita do rio Jequitinhonha, entre Minas Gerais e Bahia. <\/p>\n<p>O g\u00eanero <strong><em>Cyphocharax<\/em><\/strong> e um dos dois g\u00eaneros da fam\u00edlia <a href=\"http:\/\/nossacasa.net\/nossosriachos\/tabuleiros\/curimatidae\/\">Curimatidae<\/a> representante dos <a href=\"http:\/\/nossacasa.net\/nossosriachos\/tabuleiros\/characiformes\/\">Characiformes<\/a> nas regi\u00f5es dos tabuleiros. <\/p>\n<p>Na regi\u00e3o dos tabuleiros da Mata Atl\u00e2ntica se encontra uma esp\u00e9cie do g\u00eanero <strong><em>Cyphocharax<\/em><\/strong>:  <a href=\"http:\/\/nossacasa.net\/nossosriachos\/tabuleiros\/cyphocharax-gilbert\/\"><em>Cyphocharax gilbert<\/em><\/a>.<\/p>\n<hr>\n<\/div>\n","protected":false},"excerpt":{"rendered":"<p>Os Cyphocharax Fowler, 1906 Algumas caracter\u00edsticas do g\u00eanero Cyphocharax est\u00e3o indicadas na figura acima. S\u00e3o peixes de tamanho entre 45 e 55 mm de comprimento padr\u00e3o. A nadadeira adiposa est\u00e1 ausente. O istmo e peito s\u00e3o escamados. Possuem 3 a &hellip; <a href=\"http:\/\/nossacasa.net\/nossosriachos\/tabuleiros\/cyphocharax\/\">Continue lendo <span class=\"meta-nav\">&rarr;<\/span><\/a><\/p>\n","protected":false},"author":1,"featured_media":0,"parent":0,"menu_order":0,"comment_status":"closed","ping_status":"closed","template":"","meta":{"footnotes":""},"class_list":["post-1679","page","type-page","status-publish","hentry"],"_links":{"self":[{"href":"http:\/\/nossacasa.net\/nossosriachos\/tabuleiros\/wp-json\/wp\/v2\/pages\/1679","targetHints":{"allow":["GET"]}}],"collection":[{"href":"http:\/\/nossacasa.net\/nossosriachos\/tabuleiros\/wp-json\/wp\/v2\/pages"}],"about":[{"href":"http:\/\/nossacasa.net\/nossosriachos\/tabuleiros\/wp-json\/wp\/v2\/types\/page"}],"author":[{"embeddable":true,"href":"http:\/\/nossacasa.net\/nossosriachos\/tabuleiros\/wp-json\/wp\/v2\/users\/1"}],"replies":[{"embeddable":true,"href":"http:\/\/nossacasa.net\/nossosriachos\/tabuleiros\/wp-json\/wp\/v2\/comments?post=1679"}],"version-history":[{"count":3,"href":"http:\/\/nossacasa.net\/nossosriachos\/tabuleiros\/wp-json\/wp\/v2\/pages\/1679\/revisions"}],"predecessor-version":[{"id":4119,"href":"http:\/\/nossacasa.net\/nossosriachos\/tabuleiros\/wp-json\/wp\/v2\/pages\/1679\/revisions\/4119"}],"wp:attachment":[{"href":"http:\/\/nossacasa.net\/nossosriachos\/tabuleiros\/wp-json\/wp\/v2\/media?parent=1679"}],"curies":[{"name":"wp","href":"https:\/\/api.w.org\/{rel}","templated":true}]}}