{"id":1681,"date":"2019-09-11T21:12:31","date_gmt":"2019-09-12T00:12:31","guid":{"rendered":"http:\/\/nossacasa.net\/nossosriachos\/rios\/?page_id=1681"},"modified":"2019-09-25T18:03:43","modified_gmt":"2019-09-25T21:03:43","slug":"cyphocharax-gilbert","status":"publish","type":"page","link":"http:\/\/nossacasa.net\/nossosriachos\/tabuleiros\/cyphocharax-gilbert\/","title":{"rendered":"Cyphocharax gilbert"},"content":{"rendered":"<div style=\"text-align: justify\">\n<h1><em>Cyphocharax gilbert<\/em> (Quoy and Gaimard, 1824)<\/h1>\n<p><img loading=\"lazy\" decoding=\"async\" src=\"http:\/\/nossacasa.net\/nossosriachos\/tabuleiros\/wp-content\/uploads\/sites\/13\/2019\/09\/Cyphocharax-gilbert.png\" alt=\"\" width=\"800\" height=\"279\" class=\"aligncenter size-full wp-image-4118\" srcset=\"http:\/\/nossacasa.net\/nossosriachos\/tabuleiros\/wp-content\/uploads\/sites\/13\/2019\/09\/Cyphocharax-gilbert.png 800w, http:\/\/nossacasa.net\/nossosriachos\/tabuleiros\/wp-content\/uploads\/sites\/13\/2019\/09\/Cyphocharax-gilbert-300x105.png 300w, http:\/\/nossacasa.net\/nossosriachos\/tabuleiros\/wp-content\/uploads\/sites\/13\/2019\/09\/Cyphocharax-gilbert-768x268.png 768w, http:\/\/nossacasa.net\/nossosriachos\/tabuleiros\/wp-content\/uploads\/sites\/13\/2019\/09\/Cyphocharax-gilbert-500x174.png 500w\" sizes=\"auto, (max-width: 800px) 100vw, 800px\" \/><\/p>\n<p>Algumas caracter\u00edsticas da esp\u00e9cie <strong><em>Cyphocharax gilbert<\/em><\/strong> est\u00e3o indicadas na figura acima.<\/p>\n<p>S\u00e3o peixes com a boca terminal, desprovidos de dentes. Linha lateral com 33 a 38 escamas. Estreita faixa esmaecida acompanha a linha lateral. A nadadeira caudal n\u00e3o apresenta escamas. C\u00e9u da boca sem processos lobulares.<\/p>\n<p>Por n\u00e3o possu\u00edrem dentes, s\u00e3o bem-sucedidos na ingest\u00e3o de alimento fino particulado, como micro-detritos, micro-algas e vegetais microsc\u00f3picos. <\/p>\n<p>O corpo tem colora\u00e7\u00e3o prateada, brilhante.<\/p>\n<p><strong><em>Cyphocharax gilbert<\/em><\/strong> \u00e9 a esp\u00e9cie de <a href=\"http:\/\/nossacasa.net\/nossosriachos\/tabuleiros\/curimatidae\/\">Curimatidae<\/a> com mais ampla distribui\u00e7\u00e3o nos rios da floresta de tabuleiro. \u00c9 uma esp\u00e9cie de grandes rios. Tem registros entre o norte do rio Doce at\u00e9 o sul do rio Jequitinhonha, estando ausente nas microbacias litor\u00e2neas. Tamb\u00e9m ocorre no rio S\u00e3o Francisco.<\/p>\n<p>A esp\u00e9cie <strong><em>Cyphocharax gilbert<\/em><\/strong> \u00e9 a \u00fanica esp\u00e9cie, representante do g\u00eanero <a href=\"http:\/\/nossacasa.net\/nossosriachos\/tabuleiros\/cyphocharax\/\">Cyphocharax<\/a> da fam\u00edlia <a href=\"http:\/\/nossacasa.net\/nossosriachos\/tabuleiros\/curimatidae\/\">Curimatidae<\/a> nas regi\u00f5es dos tabuleiros.<\/p>\n<\/div>\n<p>. <\/p>\n","protected":false},"excerpt":{"rendered":"<p>Cyphocharax gilbert (Quoy and Gaimard, 1824) Algumas caracter\u00edsticas da esp\u00e9cie Cyphocharax gilbert est\u00e3o indicadas na figura acima. S\u00e3o peixes com a boca terminal, desprovidos de dentes. Linha lateral com 33 a 38 escamas. Estreita faixa esmaecida acompanha a linha lateral. &hellip; <a href=\"http:\/\/nossacasa.net\/nossosriachos\/tabuleiros\/cyphocharax-gilbert\/\">Continue lendo <span class=\"meta-nav\">&rarr;<\/span><\/a><\/p>\n","protected":false},"author":1,"featured_media":1601,"parent":0,"menu_order":0,"comment_status":"closed","ping_status":"closed","template":"","meta":{"footnotes":""},"class_list":["post-1681","page","type-page","status-publish","has-post-thumbnail","hentry"],"_links":{"self":[{"href":"http:\/\/nossacasa.net\/nossosriachos\/tabuleiros\/wp-json\/wp\/v2\/pages\/1681","targetHints":{"allow":["GET"]}}],"collection":[{"href":"http:\/\/nossacasa.net\/nossosriachos\/tabuleiros\/wp-json\/wp\/v2\/pages"}],"about":[{"href":"http:\/\/nossacasa.net\/nossosriachos\/tabuleiros\/wp-json\/wp\/v2\/types\/page"}],"author":[{"embeddable":true,"href":"http:\/\/nossacasa.net\/nossosriachos\/tabuleiros\/wp-json\/wp\/v2\/users\/1"}],"replies":[{"embeddable":true,"href":"http:\/\/nossacasa.net\/nossosriachos\/tabuleiros\/wp-json\/wp\/v2\/comments?post=1681"}],"version-history":[{"count":2,"href":"http:\/\/nossacasa.net\/nossosriachos\/tabuleiros\/wp-json\/wp\/v2\/pages\/1681\/revisions"}],"predecessor-version":[{"id":4121,"href":"http:\/\/nossacasa.net\/nossosriachos\/tabuleiros\/wp-json\/wp\/v2\/pages\/1681\/revisions\/4121"}],"wp:featuredmedia":[{"embeddable":true,"href":"http:\/\/nossacasa.net\/nossosriachos\/tabuleiros\/wp-json\/wp\/v2\/media\/1601"}],"wp:attachment":[{"href":"http:\/\/nossacasa.net\/nossosriachos\/tabuleiros\/wp-json\/wp\/v2\/media?parent=1681"}],"curies":[{"name":"wp","href":"https:\/\/api.w.org\/{rel}","templated":true}]}}