{"id":1685,"date":"2019-09-12T07:50:42","date_gmt":"2019-09-12T10:50:42","guid":{"rendered":"http:\/\/nossacasa.net\/nossosriachos\/rios\/?page_id=1685"},"modified":"2019-09-25T18:17:07","modified_gmt":"2019-09-25T21:17:07","slug":"steindachnerina","status":"publish","type":"page","link":"http:\/\/nossacasa.net\/nossosriachos\/tabuleiros\/steindachnerina\/","title":{"rendered":"Steindachnerina"},"content":{"rendered":"<div style=\"text-align: justify\">\n<h1>As <em>Steindachnerina<\/em> Fowler, 1906<\/h1>\n<p><img loading=\"lazy\" decoding=\"async\" src=\"http:\/\/nossacasa.net\/nossosriachos\/tabuleiros\/wp-content\/uploads\/sites\/13\/2019\/09\/Steindachnerina.png\" alt=\"\" width=\"1077\" height=\"318\" class=\"aligncenter size-full wp-image-4122\" srcset=\"http:\/\/nossacasa.net\/nossosriachos\/tabuleiros\/wp-content\/uploads\/sites\/13\/2019\/09\/Steindachnerina.png 1077w, http:\/\/nossacasa.net\/nossosriachos\/tabuleiros\/wp-content\/uploads\/sites\/13\/2019\/09\/Steindachnerina-300x89.png 300w, http:\/\/nossacasa.net\/nossosriachos\/tabuleiros\/wp-content\/uploads\/sites\/13\/2019\/09\/Steindachnerina-768x227.png 768w, http:\/\/nossacasa.net\/nossosriachos\/tabuleiros\/wp-content\/uploads\/sites\/13\/2019\/09\/Steindachnerina-1024x302.png 1024w, http:\/\/nossacasa.net\/nossosriachos\/tabuleiros\/wp-content\/uploads\/sites\/13\/2019\/09\/Steindachnerina-500x148.png 500w\" sizes=\"auto, (max-width: 1077px) 100vw, 1077px\" \/><\/p>\n<p><img loading=\"lazy\" decoding=\"async\" src=\"http:\/\/nossacasa.net\/nossosriachos\/tabuleiros\/wp-content\/uploads\/sites\/13\/2019\/09\/Steindachnerina_i.png\" alt=\"\" width=\"800\" height=\"278\" class=\"aligncenter size-full wp-image-4123\" srcset=\"http:\/\/nossacasa.net\/nossosriachos\/tabuleiros\/wp-content\/uploads\/sites\/13\/2019\/09\/Steindachnerina_i.png 800w, http:\/\/nossacasa.net\/nossosriachos\/tabuleiros\/wp-content\/uploads\/sites\/13\/2019\/09\/Steindachnerina_i-300x104.png 300w, http:\/\/nossacasa.net\/nossosriachos\/tabuleiros\/wp-content\/uploads\/sites\/13\/2019\/09\/Steindachnerina_i-768x267.png 768w, http:\/\/nossacasa.net\/nossosriachos\/tabuleiros\/wp-content\/uploads\/sites\/13\/2019\/09\/Steindachnerina_i-500x174.png 500w\" sizes=\"auto, (max-width: 800px) 100vw, 800px\" \/><\/p>\n<p>Algumas caracter\u00edsticas do g\u00eanero <strong><em>Steindachnerina<\/em><\/strong> est\u00e3o indicadas na figura acima.<\/p>\n<p>S\u00e3o peixes com a boca sub-terminal, voltada para baixo, desprovida de dentes. C\u00e9u da boca com processos lobulares.<br \/>\nPeixes de h\u00e1bitos detrit\u00edvoros, retirando pequenos organismos que vivem na areia ou lama do leito do rio.<\/p>\n<p>O g\u00eanero <strong><em>Steindachnerina<\/em><\/strong> e um dos dois g\u00eaneros da fam\u00edlia <a href=\"http:\/\/nossacasa.net\/nossosriachos\/tabuleiros\/curimatidae\/\">Curimatidae<\/a> representante dos <a href=\"http:\/\/nossacasa.net\/nossosriachos\/tabuleiros\/characiformes\/\">Characiformes<\/a> nas regi\u00f5es dos tabuleiros. <\/p>\n<p>Na regi\u00e3o dos tabuleiros da Mata Atl\u00e2ntica se encontra uma esp\u00e9cie do g\u00eanero <strong><em>Steindachnerina<\/em><\/strong>: <a href=\"http:\/\/nossacasa.net\/nossosriachos\/tabuleiros\/steindachnerina-elegans\/\"><em>Steindachnerina elegans<\/em><\/a>.<\/p>\n<hr>\n<\/div>\n","protected":false},"excerpt":{"rendered":"<p>As Steindachnerina Fowler, 1906 Algumas caracter\u00edsticas do g\u00eanero Steindachnerina est\u00e3o indicadas na figura acima. S\u00e3o peixes com a boca sub-terminal, voltada para baixo, desprovida de dentes. C\u00e9u da boca com processos lobulares. Peixes de h\u00e1bitos detrit\u00edvoros, retirando pequenos organismos que &hellip; <a href=\"http:\/\/nossacasa.net\/nossosriachos\/tabuleiros\/steindachnerina\/\">Continue lendo <span class=\"meta-nav\">&rarr;<\/span><\/a><\/p>\n","protected":false},"author":1,"featured_media":0,"parent":0,"menu_order":0,"comment_status":"closed","ping_status":"closed","template":"","meta":{"footnotes":""},"class_list":["post-1685","page","type-page","status-publish","hentry"],"_links":{"self":[{"href":"http:\/\/nossacasa.net\/nossosriachos\/tabuleiros\/wp-json\/wp\/v2\/pages\/1685","targetHints":{"allow":["GET"]}}],"collection":[{"href":"http:\/\/nossacasa.net\/nossosriachos\/tabuleiros\/wp-json\/wp\/v2\/pages"}],"about":[{"href":"http:\/\/nossacasa.net\/nossosriachos\/tabuleiros\/wp-json\/wp\/v2\/types\/page"}],"author":[{"embeddable":true,"href":"http:\/\/nossacasa.net\/nossosriachos\/tabuleiros\/wp-json\/wp\/v2\/users\/1"}],"replies":[{"embeddable":true,"href":"http:\/\/nossacasa.net\/nossosriachos\/tabuleiros\/wp-json\/wp\/v2\/comments?post=1685"}],"version-history":[{"count":4,"href":"http:\/\/nossacasa.net\/nossosriachos\/tabuleiros\/wp-json\/wp\/v2\/pages\/1685\/revisions"}],"predecessor-version":[{"id":4126,"href":"http:\/\/nossacasa.net\/nossosriachos\/tabuleiros\/wp-json\/wp\/v2\/pages\/1685\/revisions\/4126"}],"wp:attachment":[{"href":"http:\/\/nossacasa.net\/nossosriachos\/tabuleiros\/wp-json\/wp\/v2\/media?parent=1685"}],"curies":[{"name":"wp","href":"https:\/\/api.w.org\/{rel}","templated":true}]}}