{"id":1687,"date":"2019-09-12T07:52:11","date_gmt":"2019-09-12T10:52:11","guid":{"rendered":"http:\/\/nossacasa.net\/nossosriachos\/rios\/?page_id=1687"},"modified":"2019-09-27T09:59:49","modified_gmt":"2019-09-27T12:59:49","slug":"hoplias-malabaricus","status":"publish","type":"page","link":"http:\/\/nossacasa.net\/nossosriachos\/tabuleiros\/hoplias-malabaricus\/","title":{"rendered":"Hoplias malabaricus"},"content":{"rendered":"<div style=\"text-align: justify\">\n<h1><em>Hoplias malabaricus<\/em> (Bloch, 1794)<\/h1>\n<p><img loading=\"lazy\" decoding=\"async\" src=\"http:\/\/nossacasa.net\/nossosriachos\/tabuleiros\/wp-content\/uploads\/sites\/13\/2019\/09\/Hoplias-malabaricus.png\" alt=\"\" width=\"800\" height=\"260\" class=\"aligncenter size-full wp-image-4132\" srcset=\"http:\/\/nossacasa.net\/nossosriachos\/tabuleiros\/wp-content\/uploads\/sites\/13\/2019\/09\/Hoplias-malabaricus.png 800w, http:\/\/nossacasa.net\/nossosriachos\/tabuleiros\/wp-content\/uploads\/sites\/13\/2019\/09\/Hoplias-malabaricus-300x98.png 300w, http:\/\/nossacasa.net\/nossosriachos\/tabuleiros\/wp-content\/uploads\/sites\/13\/2019\/09\/Hoplias-malabaricus-768x250.png 768w, http:\/\/nossacasa.net\/nossosriachos\/tabuleiros\/wp-content\/uploads\/sites\/13\/2019\/09\/Hoplias-malabaricus-500x163.png 500w\" sizes=\"auto, (max-width: 800px) 100vw, 800px\" \/><\/p>\n<p>Algumas caracter\u00edsticas da esp\u00e9cie <strong><em>Hoplias malabaricus<\/em><\/strong> est\u00e3o indicadas na figura acima.<\/p>\n<p>S\u00e3o peixes que podem alcan\u00e7ar tamanhos de at\u00e9 60 cm de comprimento padr\u00e3o. <\/p>\n<p>S\u00e3o animais de corpo roli\u00e7o, baixo, com altura proporcional inferior a observada em <em><a href=\"http:\/\/nossacasa.net\/nossosriachos\/tabuleiros\/hoplerythrinus-unitaeniatus\/\">Hoplerythrinus unitaeniatus<\/a><\/em>, cong\u00eanere geograficamente pr\u00f3xima. <\/p>\n<p>A colora\u00e7\u00e3o do corpo \u00e9 castanha com manchas esparsas. Barras irregulares podem aparecee nos lados do corpo, podendo formar uma faixa cont\u00ednua em indiv\u00edduos mais jovens. As nadadeiras \u00edmpares tem um padr\u00e3o vermiculado de colorido. A nadadeira caudal \u00e9 arredondada. O osso maxilar e o dent\u00e1rio apresentam dentes caninos (Britski <em>et al<\/em>., 1988). Para conseguir ver os dentes no maxilar \u00e9 preciso abrir a boca do peixe e usar ilumina\u00e7\u00e3o transmitida sob lupa. A denti\u00e7\u00e3o no dent\u00e1rio \u00e9 mais f\u00e1cil de visualizar.<\/p>\n<p><strong><em>Hoplias malabaricus<\/em><\/strong> s\u00e3o peixes predadores de espreita, se ocultando entre a vegeta\u00e7\u00e3o aqu\u00e1tica a espera de presas como peixes, anf\u00edbios e insetos.  Vivem em \u00e1guas paradas, lagos, lagoas, brejos, matas inundadas, e em c\u00f3rregos, geralmente entre as plantas aqu\u00e1ticas. Ambientes rasos de nascentes servem de ber\u00e7\u00e1rio para esses peixes.  Tem import\u00e2ncia na pesca, e sua carne \u00e9 bastante apreciada pelos ribeirinhos. <\/p>\n<p>Embora <strong><em>Hoplias malabaricus<\/em><\/strong> seja reconhecida como um complexo de esp\u00e9cies, esta foi avaliada como sendo uma \u00fanica entidade espec\u00edfica. Entretanto, s\u00e3o necess\u00e1rias pesquisas taxon\u00f4micas que esclare\u00e7am a real situa\u00e7\u00e3o da esp\u00e9cie (MMA, 2018).<\/p>\n<p>A esp\u00e9cie <strong><em>Hoplias malabaricus<\/em><\/strong> \u00e9 a \u00fanica esp\u00e9cie, representante do g\u00eanero <a href=\"http:\/\/nossacasa.net\/nossosriachos\/tabuleiros\/hoplias\/\">Hoplias<\/a> da fam\u00edlia <a href=\"http:\/\/nossacasa.net\/nossosriachos\/tabuleiros\/erythrinidae\/\">Erythrinidae<\/a> nas regi\u00f5es dos tabuleiros, sendo uma esp\u00e9cie bastante comum nesta regi\u00e3o.<\/p>\n<hr>\n<\/div>\n<p>. <\/p>\n","protected":false},"excerpt":{"rendered":"<p>Hoplias malabaricus (Bloch, 1794) Algumas caracter\u00edsticas da esp\u00e9cie Hoplias malabaricus est\u00e3o indicadas na figura acima. S\u00e3o peixes que podem alcan\u00e7ar tamanhos de at\u00e9 60 cm de comprimento padr\u00e3o. S\u00e3o animais de corpo roli\u00e7o, baixo, com altura proporcional inferior a observada &hellip; <a href=\"http:\/\/nossacasa.net\/nossosriachos\/tabuleiros\/hoplias-malabaricus\/\">Continue lendo <span class=\"meta-nav\">&rarr;<\/span><\/a><\/p>\n","protected":false},"author":1,"featured_media":4132,"parent":0,"menu_order":0,"comment_status":"closed","ping_status":"closed","template":"","meta":{"footnotes":""},"class_list":["post-1687","page","type-page","status-publish","has-post-thumbnail","hentry"],"_links":{"self":[{"href":"http:\/\/nossacasa.net\/nossosriachos\/tabuleiros\/wp-json\/wp\/v2\/pages\/1687","targetHints":{"allow":["GET"]}}],"collection":[{"href":"http:\/\/nossacasa.net\/nossosriachos\/tabuleiros\/wp-json\/wp\/v2\/pages"}],"about":[{"href":"http:\/\/nossacasa.net\/nossosriachos\/tabuleiros\/wp-json\/wp\/v2\/types\/page"}],"author":[{"embeddable":true,"href":"http:\/\/nossacasa.net\/nossosriachos\/tabuleiros\/wp-json\/wp\/v2\/users\/1"}],"replies":[{"embeddable":true,"href":"http:\/\/nossacasa.net\/nossosriachos\/tabuleiros\/wp-json\/wp\/v2\/comments?post=1687"}],"version-history":[{"count":2,"href":"http:\/\/nossacasa.net\/nossosriachos\/tabuleiros\/wp-json\/wp\/v2\/pages\/1687\/revisions"}],"predecessor-version":[{"id":4135,"href":"http:\/\/nossacasa.net\/nossosriachos\/tabuleiros\/wp-json\/wp\/v2\/pages\/1687\/revisions\/4135"}],"wp:featuredmedia":[{"embeddable":true,"href":"http:\/\/nossacasa.net\/nossosriachos\/tabuleiros\/wp-json\/wp\/v2\/media\/4132"}],"wp:attachment":[{"href":"http:\/\/nossacasa.net\/nossosriachos\/tabuleiros\/wp-json\/wp\/v2\/media?parent=1687"}],"curies":[{"name":"wp","href":"https:\/\/api.w.org\/{rel}","templated":true}]}}