{"id":1694,"date":"2019-09-12T08:09:49","date_gmt":"2019-09-12T11:09:49","guid":{"rendered":"http:\/\/nossacasa.net\/nossosriachos\/rios\/?page_id=1694"},"modified":"2019-09-27T09:40:30","modified_gmt":"2019-09-27T12:40:30","slug":"hoplias","status":"publish","type":"page","link":"http:\/\/nossacasa.net\/nossosriachos\/tabuleiros\/hoplias\/","title":{"rendered":"Hoplias"},"content":{"rendered":"<div style=\"text-align: justify\">\n<h1>As <em>Hoplias<\/em> Gill, 1903<\/h1>\n<p><img loading=\"lazy\" decoding=\"async\" src=\"http:\/\/nossacasa.net\/nossosriachos\/tabuleiros\/wp-content\/uploads\/sites\/13\/2019\/09\/Hoplias.png\" alt=\"\" width=\"800\" height=\"496\" class=\"aligncenter size-full wp-image-4130\" srcset=\"http:\/\/nossacasa.net\/nossosriachos\/tabuleiros\/wp-content\/uploads\/sites\/13\/2019\/09\/Hoplias.png 800w, http:\/\/nossacasa.net\/nossosriachos\/tabuleiros\/wp-content\/uploads\/sites\/13\/2019\/09\/Hoplias-300x186.png 300w, http:\/\/nossacasa.net\/nossosriachos\/tabuleiros\/wp-content\/uploads\/sites\/13\/2019\/09\/Hoplias-768x476.png 768w, http:\/\/nossacasa.net\/nossosriachos\/tabuleiros\/wp-content\/uploads\/sites\/13\/2019\/09\/Hoplias-484x300.png 484w\" sizes=\"auto, (max-width: 800px) 100vw, 800px\" \/><\/p>\n<p><img loading=\"lazy\" decoding=\"async\" src=\"http:\/\/nossacasa.net\/nossosriachos\/tabuleiros\/wp-content\/uploads\/sites\/13\/2019\/09\/Hoplias_i.png\" alt=\"\" width=\"800\" height=\"573\" class=\"aligncenter size-full wp-image-4131\" srcset=\"http:\/\/nossacasa.net\/nossosriachos\/tabuleiros\/wp-content\/uploads\/sites\/13\/2019\/09\/Hoplias_i.png 800w, http:\/\/nossacasa.net\/nossosriachos\/tabuleiros\/wp-content\/uploads\/sites\/13\/2019\/09\/Hoplias_i-300x215.png 300w, http:\/\/nossacasa.net\/nossosriachos\/tabuleiros\/wp-content\/uploads\/sites\/13\/2019\/09\/Hoplias_i-768x550.png 768w, http:\/\/nossacasa.net\/nossosriachos\/tabuleiros\/wp-content\/uploads\/sites\/13\/2019\/09\/Hoplias_i-419x300.png 419w\" sizes=\"auto, (max-width: 800px) 100vw, 800px\" \/><\/p>\n<p>Algumas caracter\u00edsticas do g\u00eanero <strong><em>Hoplias<\/em><\/strong> est\u00e3o indicadas na figura acima.<\/p>\n<p>S\u00e3o peixes com olhos grandes, boca ampla, cabe\u00e7a afilada e corpo roli\u00e7o. <\/p>\n<p>Inclui peixes predadores solit\u00e1rios e vorazes. Esp\u00e9cies com a l\u00edngua \u00e1spera e 38 a 42 escamas na linha lateral, s\u00e3o reconhecidas como <em><a href=\"http:\/\/nossacasa.net\/nossosriachos\/tabuleiros\/hoplias-malabaricus\/\">Hoplias malabaricus<\/a><\/em>. <\/p>\n<p>Outras, com a l\u00edngua lisa e mais de 43 escamas na linha lateral s\u00e3o nomeadas <em>Hoplias intermedius<\/em>.<\/p>\n<p>A esp\u00e9cie mais comum \u00e9 <em><a href=\"http:\/\/nossacasa.net\/nossosriachos\/tabuleiros\/hoplias-malabaricus\/\">Hoplias malabaricus<\/a><\/em>.<\/p>\n<p>Registros de  <em>Hoplias intermedius<\/em> para as cabeceiras do rio Doce em Minas Gerais, est\u00e3o fora dos dom\u00ednios das florestas de Tabuleiro, e assim <em>Hoplias intermedius<\/em> n\u00e3o foi incluida na presente avalia\u00e7\u00e3o. <\/p>\n<p>O g\u00eanero <strong><em>Hoplias<\/em><\/strong> e um dos dois g\u00eaneros da fam\u00edlia <a href=\"http:\/\/nossacasa.net\/nossosriachos\/tabuleiros\/erythrinidae\/\">Erythrinidae<\/a> representante dos <a href=\"http:\/\/nossacasa.net\/nossosriachos\/tabuleiros\/characiformes\/\">Characiformes<\/a> nas regi\u00f5es dos tabuleiros. <\/p>\n<p>Na regi\u00e3o dos tabuleiros da Mata Atl\u00e2ntica encontramos uma \u00fanica esp\u00e9cie do g\u00eanero <strong><em>Hoplias<\/em><\/strong>:  <em><a href=\"http:\/\/nossacasa.net\/nossosriachos\/tabuleiros\/hoplias-malabaricus\/\">Hoplias malabaricus<\/a><\/em>.<\/p>\n<hr>\n<\/div>\n","protected":false},"excerpt":{"rendered":"<p>As Hoplias Gill, 1903 Algumas caracter\u00edsticas do g\u00eanero Hoplias est\u00e3o indicadas na figura acima. S\u00e3o peixes com olhos grandes, boca ampla, cabe\u00e7a afilada e corpo roli\u00e7o. Inclui peixes predadores solit\u00e1rios e vorazes. Esp\u00e9cies com a l\u00edngua \u00e1spera e 38 a &hellip; <a href=\"http:\/\/nossacasa.net\/nossosriachos\/tabuleiros\/hoplias\/\">Continue lendo <span class=\"meta-nav\">&rarr;<\/span><\/a><\/p>\n","protected":false},"author":1,"featured_media":0,"parent":0,"menu_order":0,"comment_status":"closed","ping_status":"closed","template":"","meta":{"footnotes":""},"class_list":["post-1694","page","type-page","status-publish","hentry"],"_links":{"self":[{"href":"http:\/\/nossacasa.net\/nossosriachos\/tabuleiros\/wp-json\/wp\/v2\/pages\/1694","targetHints":{"allow":["GET"]}}],"collection":[{"href":"http:\/\/nossacasa.net\/nossosriachos\/tabuleiros\/wp-json\/wp\/v2\/pages"}],"about":[{"href":"http:\/\/nossacasa.net\/nossosriachos\/tabuleiros\/wp-json\/wp\/v2\/types\/page"}],"author":[{"embeddable":true,"href":"http:\/\/nossacasa.net\/nossosriachos\/tabuleiros\/wp-json\/wp\/v2\/users\/1"}],"replies":[{"embeddable":true,"href":"http:\/\/nossacasa.net\/nossosriachos\/tabuleiros\/wp-json\/wp\/v2\/comments?post=1694"}],"version-history":[{"count":3,"href":"http:\/\/nossacasa.net\/nossosriachos\/tabuleiros\/wp-json\/wp\/v2\/pages\/1694\/revisions"}],"predecessor-version":[{"id":4133,"href":"http:\/\/nossacasa.net\/nossosriachos\/tabuleiros\/wp-json\/wp\/v2\/pages\/1694\/revisions\/4133"}],"wp:attachment":[{"href":"http:\/\/nossacasa.net\/nossosriachos\/tabuleiros\/wp-json\/wp\/v2\/media?parent=1694"}],"curies":[{"name":"wp","href":"https:\/\/api.w.org\/{rel}","templated":true}]}}