{"id":1698,"date":"2019-09-12T08:13:24","date_gmt":"2019-09-12T11:13:24","guid":{"rendered":"http:\/\/nossacasa.net\/nossosriachos\/rios\/?page_id=1698"},"modified":"2019-09-12T08:13:24","modified_gmt":"2019-09-12T11:13:24","slug":"hoplias-intermedius","status":"publish","type":"page","link":"http:\/\/nossacasa.net\/nossosriachos\/tabuleiros\/hoplias-intermedius\/","title":{"rendered":"Hoplias intermedius"},"content":{"rendered":"<div style=\"text-align: justify\">\n<h1><em>Hoplias intermedius<\/em> (G\u00fcnther, 1864)<\/h1>\n<p>Algumas caracter\u00edsticas da esp\u00e9cie Hoplias intermedius est\u00e3o indicadas na figura acima.<\/p>\n<p>A esp\u00e9cie <em>Hoplias intermedius<\/em> \u00e9 uma das duas esp\u00e9cies, representante do g\u00eanero <a href=\"http:\/\/nossacasa.net\/nossosriachos\/rios\/hoplias\/\">Hoplias<\/a> da fam\u00edlia <a href=\"http:\/\/nossacasa.net\/nossosriachos\/rios\/erythrinidae\/\">Erythrinidae<\/a> nas regi\u00f5es dos tabuleiros.<\/p>\n<\/div>\n<p>. <\/p>\n","protected":false},"excerpt":{"rendered":"<p>Hoplias intermedius (G\u00fcnther, 1864) Algumas caracter\u00edsticas da esp\u00e9cie Hoplias intermedius est\u00e3o indicadas na figura acima. A esp\u00e9cie Hoplias intermedius \u00e9 uma das duas esp\u00e9cies, representante do g\u00eanero Hoplias da fam\u00edlia Erythrinidae nas regi\u00f5es dos tabuleiros. .<\/p>\n","protected":false},"author":1,"featured_media":1601,"parent":0,"menu_order":0,"comment_status":"closed","ping_status":"closed","template":"","meta":{"footnotes":""},"class_list":["post-1698","page","type-page","status-publish","has-post-thumbnail","hentry"],"_links":{"self":[{"href":"http:\/\/nossacasa.net\/nossosriachos\/tabuleiros\/wp-json\/wp\/v2\/pages\/1698","targetHints":{"allow":["GET"]}}],"collection":[{"href":"http:\/\/nossacasa.net\/nossosriachos\/tabuleiros\/wp-json\/wp\/v2\/pages"}],"about":[{"href":"http:\/\/nossacasa.net\/nossosriachos\/tabuleiros\/wp-json\/wp\/v2\/types\/page"}],"author":[{"embeddable":true,"href":"http:\/\/nossacasa.net\/nossosriachos\/tabuleiros\/wp-json\/wp\/v2\/users\/1"}],"replies":[{"embeddable":true,"href":"http:\/\/nossacasa.net\/nossosriachos\/tabuleiros\/wp-json\/wp\/v2\/comments?post=1698"}],"version-history":[{"count":0,"href":"http:\/\/nossacasa.net\/nossosriachos\/tabuleiros\/wp-json\/wp\/v2\/pages\/1698\/revisions"}],"wp:featuredmedia":[{"embeddable":true,"href":"http:\/\/nossacasa.net\/nossosriachos\/tabuleiros\/wp-json\/wp\/v2\/media\/1601"}],"wp:attachment":[{"href":"http:\/\/nossacasa.net\/nossosriachos\/tabuleiros\/wp-json\/wp\/v2\/media?parent=1698"}],"curies":[{"name":"wp","href":"https:\/\/api.w.org\/{rel}","templated":true}]}}