{"id":1704,"date":"2019-09-12T08:31:12","date_gmt":"2019-09-12T11:31:12","guid":{"rendered":"http:\/\/nossacasa.net\/nossosriachos\/rios\/?page_id=1704"},"modified":"2019-10-02T12:03:02","modified_gmt":"2019-10-02T15:03:02","slug":"prochilodus-argenteus","status":"publish","type":"page","link":"http:\/\/nossacasa.net\/nossosriachos\/tabuleiros\/prochilodus-argenteus\/","title":{"rendered":"Prochilodus argenteus"},"content":{"rendered":"<div style=\"text-align: justify\">\n<h1><em>Prochilodus argenteus<\/em> Spix and Agassiz, 1829<\/h1>\n<p><img loading=\"lazy\" decoding=\"async\" src=\"http:\/\/nossacasa.net\/nossosriachos\/tabuleiros\/wp-content\/uploads\/sites\/13\/2019\/10\/Prochilodus-argenteus.png\" alt=\"\" width=\"800\" height=\"379\" class=\"aligncenter size-full wp-image-4187\" srcset=\"http:\/\/nossacasa.net\/nossosriachos\/tabuleiros\/wp-content\/uploads\/sites\/13\/2019\/10\/Prochilodus-argenteus.png 800w, http:\/\/nossacasa.net\/nossosriachos\/tabuleiros\/wp-content\/uploads\/sites\/13\/2019\/10\/Prochilodus-argenteus-300x142.png 300w, http:\/\/nossacasa.net\/nossosriachos\/tabuleiros\/wp-content\/uploads\/sites\/13\/2019\/10\/Prochilodus-argenteus-768x364.png 768w, http:\/\/nossacasa.net\/nossosriachos\/tabuleiros\/wp-content\/uploads\/sites\/13\/2019\/10\/Prochilodus-argenteus-500x237.png 500w\" sizes=\"auto, (max-width: 800px) 100vw, 800px\" \/><\/p>\n<p><img loading=\"lazy\" decoding=\"async\" src=\"http:\/\/nossacasa.net\/nossosriachos\/tabuleiros\/wp-content\/uploads\/sites\/13\/2019\/10\/Prochilodus-argenteus_i.png\" alt=\"\" width=\"800\" height=\"396\" class=\"aligncenter size-full wp-image-4188\" srcset=\"http:\/\/nossacasa.net\/nossosriachos\/tabuleiros\/wp-content\/uploads\/sites\/13\/2019\/10\/Prochilodus-argenteus_i.png 800w, http:\/\/nossacasa.net\/nossosriachos\/tabuleiros\/wp-content\/uploads\/sites\/13\/2019\/10\/Prochilodus-argenteus_i-300x149.png 300w, http:\/\/nossacasa.net\/nossosriachos\/tabuleiros\/wp-content\/uploads\/sites\/13\/2019\/10\/Prochilodus-argenteus_i-768x380.png 768w, http:\/\/nossacasa.net\/nossosriachos\/tabuleiros\/wp-content\/uploads\/sites\/13\/2019\/10\/Prochilodus-argenteus_i-500x248.png 500w\" sizes=\"auto, (max-width: 800px) 100vw, 800px\" \/><\/p>\n<p>Algumas caracter\u00edsticas da esp\u00e9cie <strong><em>Prochilodus argenteus<\/em><\/strong> est\u00e3o indicadas na figura acima.<\/p>\n<p>S\u00e3o peixes de h\u00e1bitos alimentares detrit\u00edvoros, raspando o substrato com seus dentes depress\u00edveis m\u00f3veis, implantados nos espessos l\u00e1bios. <\/p>\n<p>Possuem escamas prateadas revestindo o corpo, onde as linhas longitudinais no bordo das escamas formam um padr\u00e3o em zig-zag. A nadadeira caudal \u00e9 escura em indiv\u00edduos grandes. Distingue-se das demais esp\u00e9cies presentes na regi\u00e3o, por ter o corpo mais curto e compacto. O corpo alto possui 9 a 11 escamas acima da linha lateral; 43 a 45 escamas na linha lateral e ainda 18 escamas circumpedunculares. A nadadeira dorsal \u00e9 precedida por um espinho, que se projeta antero-ventralmente, como uma furca (Castro &#038; Vari, 2004). <\/p>\n<p>Pescadores do vale do rio Doce relatam que este espinho, por ser mais curto que o encontrado em <em><a href=\"http:\/\/nossacasa.net\/nossosriachos\/tabuleiros\/prochilodus-vimboides\/\">P. vimboides<\/a><\/em>, torna <strong><em>Prochilodus argenteus<\/em><\/strong> mais atraente comercialmente, por ser mais f\u00e1cil de remover da rede, em detrimento da nativa <em><a href=\"http:\/\/nossacasa.net\/nossosriachos\/tabuleiros\/prochilodus-vimboides\/\">P. vimboides<\/a><\/em>. <\/p>\n<p>Importante na pesca comercial, por possuir a carne mais saborosa. <\/p>\n<p>Origin\u00e1ria do rio S\u00e3o Francisco, esta esp\u00e9cie aparece introduzida para fins de pesca nos vales fluviais do rio Doce e Barra Seca.<\/p>\n<p>A esp\u00e9cie <strong><em>Prochilodus argenteus<\/em><\/strong> \u00e9 uma das tr\u00eas esp\u00e9cies, representante do g\u00eanero <a href=\"http:\/\/nossacasa.net\/nossosriachos\/tabuleiros\/prochilodus\/\">Prochilodus<\/a> da fam\u00edlia <a href=\"http:\/\/nossacasa.net\/nossosriachos\/tabuleiros\/prochilodontidae\/\">Prochilodontidae<\/a> nas regi\u00f5es dos tabuleiros.<\/p>\n<hr \/>\n<\/div>\n<p>. <\/p>\n","protected":false},"excerpt":{"rendered":"<p>Prochilodus argenteus Spix and Agassiz, 1829 Algumas caracter\u00edsticas da esp\u00e9cie Prochilodus argenteus est\u00e3o indicadas na figura acima. S\u00e3o peixes de h\u00e1bitos alimentares detrit\u00edvoros, raspando o substrato com seus dentes depress\u00edveis m\u00f3veis, implantados nos espessos l\u00e1bios. Possuem escamas prateadas revestindo o &hellip; <a href=\"http:\/\/nossacasa.net\/nossosriachos\/tabuleiros\/prochilodus-argenteus\/\">Continue lendo <span class=\"meta-nav\">&rarr;<\/span><\/a><\/p>\n","protected":false},"author":1,"featured_media":4187,"parent":0,"menu_order":0,"comment_status":"closed","ping_status":"closed","template":"","meta":{"footnotes":""},"class_list":["post-1704","page","type-page","status-publish","has-post-thumbnail","hentry"],"_links":{"self":[{"href":"http:\/\/nossacasa.net\/nossosriachos\/tabuleiros\/wp-json\/wp\/v2\/pages\/1704","targetHints":{"allow":["GET"]}}],"collection":[{"href":"http:\/\/nossacasa.net\/nossosriachos\/tabuleiros\/wp-json\/wp\/v2\/pages"}],"about":[{"href":"http:\/\/nossacasa.net\/nossosriachos\/tabuleiros\/wp-json\/wp\/v2\/types\/page"}],"author":[{"embeddable":true,"href":"http:\/\/nossacasa.net\/nossosriachos\/tabuleiros\/wp-json\/wp\/v2\/users\/1"}],"replies":[{"embeddable":true,"href":"http:\/\/nossacasa.net\/nossosriachos\/tabuleiros\/wp-json\/wp\/v2\/comments?post=1704"}],"version-history":[{"count":3,"href":"http:\/\/nossacasa.net\/nossosriachos\/tabuleiros\/wp-json\/wp\/v2\/pages\/1704\/revisions"}],"predecessor-version":[{"id":4194,"href":"http:\/\/nossacasa.net\/nossosriachos\/tabuleiros\/wp-json\/wp\/v2\/pages\/1704\/revisions\/4194"}],"wp:featuredmedia":[{"embeddable":true,"href":"http:\/\/nossacasa.net\/nossosriachos\/tabuleiros\/wp-json\/wp\/v2\/media\/4187"}],"wp:attachment":[{"href":"http:\/\/nossacasa.net\/nossosriachos\/tabuleiros\/wp-json\/wp\/v2\/media?parent=1704"}],"curies":[{"name":"wp","href":"https:\/\/api.w.org\/{rel}","templated":true}]}}