{"id":1705,"date":"2019-09-12T08:29:09","date_gmt":"2019-09-12T11:29:09","guid":{"rendered":"http:\/\/nossacasa.net\/nossosriachos\/rios\/?page_id=1705"},"modified":"2019-10-02T10:54:34","modified_gmt":"2019-10-02T13:54:34","slug":"prochilodus","status":"publish","type":"page","link":"http:\/\/nossacasa.net\/nossosriachos\/tabuleiros\/prochilodus\/","title":{"rendered":"Prochilodus"},"content":{"rendered":"<div style=\"text-align: justify\">\n<h1>Os <em>Prochilodus<\/em> Agassiz in Spix and Agassiz, 1829<\/h1>\n<p><img loading=\"lazy\" decoding=\"async\" src=\"http:\/\/nossacasa.net\/nossosriachos\/tabuleiros\/wp-content\/uploads\/sites\/13\/2019\/10\/Prochilodus.png\" alt=\"\" width=\"800\" height=\"278\" class=\"aligncenter size-full wp-image-4181\" srcset=\"http:\/\/nossacasa.net\/nossosriachos\/tabuleiros\/wp-content\/uploads\/sites\/13\/2019\/10\/Prochilodus.png 800w, http:\/\/nossacasa.net\/nossosriachos\/tabuleiros\/wp-content\/uploads\/sites\/13\/2019\/10\/Prochilodus-300x104.png 300w, http:\/\/nossacasa.net\/nossosriachos\/tabuleiros\/wp-content\/uploads\/sites\/13\/2019\/10\/Prochilodus-768x267.png 768w, http:\/\/nossacasa.net\/nossosriachos\/tabuleiros\/wp-content\/uploads\/sites\/13\/2019\/10\/Prochilodus-500x174.png 500w\" sizes=\"auto, (max-width: 800px) 100vw, 800px\" \/><br \/>\n<img loading=\"lazy\" decoding=\"async\" src=\"http:\/\/nossacasa.net\/nossosriachos\/tabuleiros\/wp-content\/uploads\/sites\/13\/2019\/10\/Prochilodus_i.png\" alt=\"\" width=\"800\" height=\"296\" class=\"aligncenter size-full wp-image-4186\" srcset=\"http:\/\/nossacasa.net\/nossosriachos\/tabuleiros\/wp-content\/uploads\/sites\/13\/2019\/10\/Prochilodus_i.png 800w, http:\/\/nossacasa.net\/nossosriachos\/tabuleiros\/wp-content\/uploads\/sites\/13\/2019\/10\/Prochilodus_i-300x111.png 300w, http:\/\/nossacasa.net\/nossosriachos\/tabuleiros\/wp-content\/uploads\/sites\/13\/2019\/10\/Prochilodus_i-768x284.png 768w, http:\/\/nossacasa.net\/nossosriachos\/tabuleiros\/wp-content\/uploads\/sites\/13\/2019\/10\/Prochilodus_i-500x185.png 500w\" sizes=\"auto, (max-width: 800px) 100vw, 800px\" \/><br \/>\nAlgumas caracter\u00edsticas do g\u00eanero <strong><em>Prochilodus<\/em><\/strong> est\u00e3o indicadas na figura acima.<\/p>\n<p><strong><em>Prochilodus<\/em><\/strong> abriga um conjunto de esp\u00e9cies de grande porte, de h\u00e1bitos migradores, que povoam os grandes rios dos tabuleiros. Possuem o corpo prateado com dorso levemente mais escuro. Boca terminal com l\u00e1bio superior espesso e duas s\u00e9ries de dentes finos e depress\u00edveis implantados nos l\u00e1bios. <\/p>\n<p>Por serem peixes importantes na pesca comercial e de subsist\u00eancia, duas outras esp\u00e9cies de <strong><em>Prochilodus<\/em><\/strong> foram introduzidas nos rios da floresta de tabuleiro. Com a entrada destas esp\u00e9cies, os estoques pesqueiros das nativas desta regi\u00e3o foi entrando em decl\u00ednio. <\/p>\n<p>A Grumat\u00e3 (<em><a href=\"http:\/\/nossacasa.net\/nossosriachos\/tabuleiros\/prochilodus-vimboides\/\">Prochilodus vimboides<\/a><\/em>), est\u00e1 ocorrendo em baixa frequ\u00eancia nos ambientes onde naturalmente ocorria no passado (MMA, 2018). Esta esp\u00e9cie, natural das drenagens costeiras da mata Atl\u00e2ntica, est\u00e1 sendo largamente substitu\u00edda por esp\u00e9cies de outras bacias, como  <em><a href=\"http:\/\/nossacasa.net\/nossosriachos\/tabuleiros\/prochilodus-argenteus\/\">Prochilodus argenteus<\/a><\/em> e ainda <em>Prochilodus lineatus<\/em>, encontrada apenas no baixo rio Doce e rio Barra seca. <em>Prochilodus lineatu<\/em>s \u00e9 de dif\u00edcil distin\u00e7\u00e3o com rela\u00e7\u00e3o a <em><a href=\"http:\/\/nossacasa.net\/nossosriachos\/tabuleiros\/prochilodus-argenteus\/\">Prochilodus argenteus<\/a><\/em>, e como n\u00e3o tem registros localizados, n\u00e3o foi considerada na presente avalia\u00e7\u00e3o.<\/p>\n<p>O g\u00eanero <strong><em>Prochilodus<\/em><\/strong> \u00e9 o \u00fanico g\u00eaneros da fam\u00edlia <a href=\"http:\/\/nossacasa.net\/nossosriachos\/tabuleiros\/prochilodontidae\/\">Prochilodontidae<\/a> representante dos <a href=\"http:\/\/nossacasa.net\/nossosriachos\/tabuleiros\/characiformes\/\">Characiformes<\/a> nas regi\u00f5es dos tabuleiros. <\/p>\n<p>Na regi\u00e3o dos tabuleiros da Mata Atl\u00e2ntica encontramos duas esp\u00e9cies do g\u00eanero <strong><em>Prochilodus:<\/em><\/strong>:  <a href=\"http:\/\/nossacasa.net\/nossosriachos\/tabuleiros\/prochilodus-argenteus\/\"><em>Prochilodus argenteus<\/em><\/a>,  <em><a href=\"http:\/\/nossacasa.net\/nossosriachos\/tabuleiros\/prochilodus-hartii\/\">Prochilodus hartii<\/a><\/em> e <a href=\"http:\/\/nossacasa.net\/nossosriachos\/tabuleiros\/prochilodus-vimboides\/\"><em>Prochilodus vimboides<\/em><\/a><\/p>\n<hr>\n<p><strong><a href=\"http:\/\/nossacasa.net\/nossosriachos\/tabuleiros\/chave-de-prochilodus\/\">CHAVE DE <em>PROCHILODUS<\/em><\/a><\/strong><\/p>\n<hr>\n<\/div>\n","protected":false},"excerpt":{"rendered":"<p>Os Prochilodus Agassiz in Spix and Agassiz, 1829 Algumas caracter\u00edsticas do g\u00eanero Prochilodus est\u00e3o indicadas na figura acima. Prochilodus abriga um conjunto de esp\u00e9cies de grande porte, de h\u00e1bitos migradores, que povoam os grandes rios dos tabuleiros. Possuem o corpo &hellip; <a href=\"http:\/\/nossacasa.net\/nossosriachos\/tabuleiros\/prochilodus\/\">Continue lendo <span class=\"meta-nav\">&rarr;<\/span><\/a><\/p>\n","protected":false},"author":1,"featured_media":0,"parent":0,"menu_order":0,"comment_status":"closed","ping_status":"closed","template":"","meta":{"footnotes":""},"class_list":["post-1705","page","type-page","status-publish","hentry"],"_links":{"self":[{"href":"http:\/\/nossacasa.net\/nossosriachos\/tabuleiros\/wp-json\/wp\/v2\/pages\/1705","targetHints":{"allow":["GET"]}}],"collection":[{"href":"http:\/\/nossacasa.net\/nossosriachos\/tabuleiros\/wp-json\/wp\/v2\/pages"}],"about":[{"href":"http:\/\/nossacasa.net\/nossosriachos\/tabuleiros\/wp-json\/wp\/v2\/types\/page"}],"author":[{"embeddable":true,"href":"http:\/\/nossacasa.net\/nossosriachos\/tabuleiros\/wp-json\/wp\/v2\/users\/1"}],"replies":[{"embeddable":true,"href":"http:\/\/nossacasa.net\/nossosriachos\/tabuleiros\/wp-json\/wp\/v2\/comments?post=1705"}],"version-history":[{"count":5,"href":"http:\/\/nossacasa.net\/nossosriachos\/tabuleiros\/wp-json\/wp\/v2\/pages\/1705\/revisions"}],"predecessor-version":[{"id":4198,"href":"http:\/\/nossacasa.net\/nossosriachos\/tabuleiros\/wp-json\/wp\/v2\/pages\/1705\/revisions\/4198"}],"wp:attachment":[{"href":"http:\/\/nossacasa.net\/nossosriachos\/tabuleiros\/wp-json\/wp\/v2\/media?parent=1705"}],"curies":[{"name":"wp","href":"https:\/\/api.w.org\/{rel}","templated":true}]}}