{"id":1708,"date":"2019-09-12T08:32:49","date_gmt":"2019-09-12T11:32:49","guid":{"rendered":"http:\/\/nossacasa.net\/nossosriachos\/rios\/?page_id=1708"},"modified":"2019-10-02T12:03:56","modified_gmt":"2019-10-02T15:03:56","slug":"prochilodus-hartii","status":"publish","type":"page","link":"http:\/\/nossacasa.net\/nossosriachos\/tabuleiros\/prochilodus-hartii\/","title":{"rendered":"Prochilodus hartii"},"content":{"rendered":"<div style=\"text-align: justify\">\n<h1><em>Prochilodus hartii<\/em> Steindachner, 1875<\/h1>\n<div id=\"attachment_4189\" style=\"width: 810px\" class=\"wp-caption aligncenter\"><img loading=\"lazy\" decoding=\"async\" aria-describedby=\"caption-attachment-4189\" src=\"http:\/\/nossacasa.net\/nossosriachos\/tabuleiros\/wp-content\/uploads\/sites\/13\/2019\/10\/Prochilodus-hartii.png\" alt=\"\" width=\"800\" height=\"256\" class=\"size-full wp-image-4189\" srcset=\"http:\/\/nossacasa.net\/nossosriachos\/tabuleiros\/wp-content\/uploads\/sites\/13\/2019\/10\/Prochilodus-hartii.png 800w, http:\/\/nossacasa.net\/nossosriachos\/tabuleiros\/wp-content\/uploads\/sites\/13\/2019\/10\/Prochilodus-hartii-300x96.png 300w, http:\/\/nossacasa.net\/nossosriachos\/tabuleiros\/wp-content\/uploads\/sites\/13\/2019\/10\/Prochilodus-hartii-768x246.png 768w, http:\/\/nossacasa.net\/nossosriachos\/tabuleiros\/wp-content\/uploads\/sites\/13\/2019\/10\/Prochilodus-hartii-500x160.png 500w\" sizes=\"auto, (max-width: 800px) 100vw, 800px\" \/><p id=\"caption-attachment-4189\" class=\"wp-caption-text\">Foto: T.C. Pessali<\/p><\/div>\n<p>Algumas caracter\u00edsticas da esp\u00e9cie <strong><em>Prochilodus hartii<\/em><\/strong> est\u00e3o indicadas na figura acima.<\/p>\n<p>S\u00e3o peixes de h\u00e1bitos alimentares detrit\u00edvoros, raspando o substrato com seus dentes depress\u00edveis m\u00f3veis, implantados nos espessos l\u00e1bios. Possuem escamas prateadas revestindo o corpo, sem formar desenhos. A nadadeira caudal \u00e9 avermelhada em indiv\u00edduos grandes. Distingue-se das demais esp\u00e9cies presentes na regi\u00e3o, pela contagem de escamas: s\u00e3o 6 escamas acima da linha lateral; 40 a 43 escamas na linha lateral e ainda 15 a 16 escamas circumpedunculares. <\/p>\n<p>Habitam o vale do rio Jequitinhonha e rio Pardo, entre Minas Gerais e Bahia<\/p>\n<p>A esp\u00e9cie <strong><em>Prochilodus hartii<\/em><\/strong> \u00e9 uma das tr\u00eas esp\u00e9cies, representante do g\u00eanero <a href=\"http:\/\/nossacasa.net\/nossosriachos\/tabuleiros\/prochilodus\/\">Prochilodus<\/a> da fam\u00edlia <a href=\"http:\/\/nossacasa.net\/nossosriachos\/tabuleiros\/prochilodontidae\/\">Prochilodontidae<\/a> nas regi\u00f5es dos tabuleiros.<\/p>\n<\/div>\n<p>. <\/p>\n","protected":false},"excerpt":{"rendered":"<p>Prochilodus hartii Steindachner, 1875 Algumas caracter\u00edsticas da esp\u00e9cie Prochilodus hartii est\u00e3o indicadas na figura acima. S\u00e3o peixes de h\u00e1bitos alimentares detrit\u00edvoros, raspando o substrato com seus dentes depress\u00edveis m\u00f3veis, implantados nos espessos l\u00e1bios. Possuem escamas prateadas revestindo o corpo, sem &hellip; <a href=\"http:\/\/nossacasa.net\/nossosriachos\/tabuleiros\/prochilodus-hartii\/\">Continue lendo <span class=\"meta-nav\">&rarr;<\/span><\/a><\/p>\n","protected":false},"author":1,"featured_media":4189,"parent":0,"menu_order":0,"comment_status":"closed","ping_status":"closed","template":"","meta":{"footnotes":""},"class_list":["post-1708","page","type-page","status-publish","has-post-thumbnail","hentry"],"_links":{"self":[{"href":"http:\/\/nossacasa.net\/nossosriachos\/tabuleiros\/wp-json\/wp\/v2\/pages\/1708","targetHints":{"allow":["GET"]}}],"collection":[{"href":"http:\/\/nossacasa.net\/nossosriachos\/tabuleiros\/wp-json\/wp\/v2\/pages"}],"about":[{"href":"http:\/\/nossacasa.net\/nossosriachos\/tabuleiros\/wp-json\/wp\/v2\/types\/page"}],"author":[{"embeddable":true,"href":"http:\/\/nossacasa.net\/nossosriachos\/tabuleiros\/wp-json\/wp\/v2\/users\/1"}],"replies":[{"embeddable":true,"href":"http:\/\/nossacasa.net\/nossosriachos\/tabuleiros\/wp-json\/wp\/v2\/comments?post=1708"}],"version-history":[{"count":3,"href":"http:\/\/nossacasa.net\/nossosriachos\/tabuleiros\/wp-json\/wp\/v2\/pages\/1708\/revisions"}],"predecessor-version":[{"id":4197,"href":"http:\/\/nossacasa.net\/nossosriachos\/tabuleiros\/wp-json\/wp\/v2\/pages\/1708\/revisions\/4197"}],"wp:featuredmedia":[{"embeddable":true,"href":"http:\/\/nossacasa.net\/nossosriachos\/tabuleiros\/wp-json\/wp\/v2\/media\/4189"}],"wp:attachment":[{"href":"http:\/\/nossacasa.net\/nossosriachos\/tabuleiros\/wp-json\/wp\/v2\/media?parent=1708"}],"curies":[{"name":"wp","href":"https:\/\/api.w.org\/{rel}","templated":true}]}}