{"id":1711,"date":"2019-09-12T08:35:10","date_gmt":"2019-09-12T11:35:10","guid":{"rendered":"http:\/\/nossacasa.net\/nossosriachos\/rios\/?page_id=1711"},"modified":"2019-10-02T12:04:52","modified_gmt":"2019-10-02T15:04:52","slug":"prochilodus-vimboides","status":"publish","type":"page","link":"http:\/\/nossacasa.net\/nossosriachos\/tabuleiros\/prochilodus-vimboides\/","title":{"rendered":"Prochilodus vimboides"},"content":{"rendered":"<div style=\"text-align: justify\">\n<h1><em>Prochilodus vimboides<\/em> Kner, 1859<\/h1>\n<p><img loading=\"lazy\" decoding=\"async\" src=\"http:\/\/nossacasa.net\/nossosriachos\/tabuleiros\/wp-content\/uploads\/sites\/13\/2019\/10\/Prochilodus-vimboides.png\" alt=\"\" width=\"800\" height=\"286\" class=\"aligncenter size-full wp-image-4190\" srcset=\"http:\/\/nossacasa.net\/nossosriachos\/tabuleiros\/wp-content\/uploads\/sites\/13\/2019\/10\/Prochilodus-vimboides.png 800w, http:\/\/nossacasa.net\/nossosriachos\/tabuleiros\/wp-content\/uploads\/sites\/13\/2019\/10\/Prochilodus-vimboides-300x107.png 300w, http:\/\/nossacasa.net\/nossosriachos\/tabuleiros\/wp-content\/uploads\/sites\/13\/2019\/10\/Prochilodus-vimboides-768x275.png 768w, http:\/\/nossacasa.net\/nossosriachos\/tabuleiros\/wp-content\/uploads\/sites\/13\/2019\/10\/Prochilodus-vimboides-500x179.png 500w\" sizes=\"auto, (max-width: 800px) 100vw, 800px\" \/><\/p>\n<p>Algumas caracter\u00edsticas da esp\u00e9cie <strong><em>Prochilodus vimboides<\/em><\/strong> est\u00e3o indicadas na figura acima.<\/p>\n<p>S\u00e3o peixes de h\u00e1bitos alimentares detrit\u00edvoros, raspando o substrato com seus dentes depress\u00edveis m\u00f3veis, implantados nos espessos l\u00e1bios. Possuem escamas prateadas revestindo o corpo, sem formar desenhos. A nadadeira caudal \u00e9 transparente, com a extremidade avermelhada em indiv\u00edduos grandes. Distingue-se das demais esp\u00e9cies presentes na regi\u00e3o, pela contagem de escamas: s\u00e3o 7 escamas acima da linha lateral; 34 a 39 escamas na linha lateral e ainda 13 a 15 escamas circumpedunculares. A nadadeira dorsal \u00e9 precedida por um espinho, que se projeta antero-ventralmente, como uma furca (Castro &#038; Vari, 2004). <\/p>\n<p>Pescadores do vale do rio Doce relatam que este espinho, por ser longo, torna trabalhoso remover o peixe das redes. <\/p>\n<p>Originalmente <strong><em>Prochilodus vimboides<\/em><\/strong> era a mais abundante esp\u00e9cie da fam\u00edlia <a href=\"http:\/\/nossacasa.net\/nossosriachos\/tabuleiros\/prochilodontidae\/\">Prochilodontidae<\/a> nos tabuleiros. Vem sendo largamente substitu\u00edda por <a href=\"http:\/\/nossacasa.net\/nossosriachos\/tabuleiros\/prochilodus-argenteus\/\"><em>P. argenteus<\/em><\/a>, uma esp\u00e9cie com maior interesse comercial.<\/p>\n<p>A esp\u00e9cie <strong><em>Prochilodus vimboides<\/em><\/strong> \u00e9 uma das tr\u00eas esp\u00e9cies, representante do g\u00eanero <a href=\"http:\/\/nossacasa.net\/nossosriachos\/tabuleiros\/prochilodus\/\"><em>Prochilodus<\/em><\/a> da fam\u00edlia <a href=\"http:\/\/nossacasa.net\/nossosriachos\/tabuleiros\/prochilodontidae\/\">Prochilodontidae<\/a> nas regi\u00f5es dos tabuleiros.<\/p>\n<hr \/>\n<\/div>\n<p>. <\/p>\n","protected":false},"excerpt":{"rendered":"<p>Prochilodus vimboides Kner, 1859 Algumas caracter\u00edsticas da esp\u00e9cie Prochilodus vimboides est\u00e3o indicadas na figura acima. S\u00e3o peixes de h\u00e1bitos alimentares detrit\u00edvoros, raspando o substrato com seus dentes depress\u00edveis m\u00f3veis, implantados nos espessos l\u00e1bios. Possuem escamas prateadas revestindo o corpo, sem &hellip; <a href=\"http:\/\/nossacasa.net\/nossosriachos\/tabuleiros\/prochilodus-vimboides\/\">Continue lendo <span class=\"meta-nav\">&rarr;<\/span><\/a><\/p>\n","protected":false},"author":1,"featured_media":4190,"parent":0,"menu_order":0,"comment_status":"closed","ping_status":"closed","template":"","meta":{"footnotes":""},"class_list":["post-1711","page","type-page","status-publish","has-post-thumbnail","hentry"],"_links":{"self":[{"href":"http:\/\/nossacasa.net\/nossosriachos\/tabuleiros\/wp-json\/wp\/v2\/pages\/1711","targetHints":{"allow":["GET"]}}],"collection":[{"href":"http:\/\/nossacasa.net\/nossosriachos\/tabuleiros\/wp-json\/wp\/v2\/pages"}],"about":[{"href":"http:\/\/nossacasa.net\/nossosriachos\/tabuleiros\/wp-json\/wp\/v2\/types\/page"}],"author":[{"embeddable":true,"href":"http:\/\/nossacasa.net\/nossosriachos\/tabuleiros\/wp-json\/wp\/v2\/users\/1"}],"replies":[{"embeddable":true,"href":"http:\/\/nossacasa.net\/nossosriachos\/tabuleiros\/wp-json\/wp\/v2\/comments?post=1711"}],"version-history":[{"count":2,"href":"http:\/\/nossacasa.net\/nossosriachos\/tabuleiros\/wp-json\/wp\/v2\/pages\/1711\/revisions"}],"predecessor-version":[{"id":4200,"href":"http:\/\/nossacasa.net\/nossosriachos\/tabuleiros\/wp-json\/wp\/v2\/pages\/1711\/revisions\/4200"}],"wp:featuredmedia":[{"embeddable":true,"href":"http:\/\/nossacasa.net\/nossosriachos\/tabuleiros\/wp-json\/wp\/v2\/media\/4190"}],"wp:attachment":[{"href":"http:\/\/nossacasa.net\/nossosriachos\/tabuleiros\/wp-json\/wp\/v2\/media?parent=1711"}],"curies":[{"name":"wp","href":"https:\/\/api.w.org\/{rel}","templated":true}]}}