{"id":1720,"date":"2019-09-12T10:48:30","date_gmt":"2019-09-12T13:48:30","guid":{"rendered":"http:\/\/nossacasa.net\/nossosriachos\/rios\/?page_id=1720"},"modified":"2019-10-02T11:41:48","modified_gmt":"2019-10-02T14:41:48","slug":"metynnis","status":"publish","type":"page","link":"http:\/\/nossacasa.net\/nossosriachos\/tabuleiros\/metynnis\/","title":{"rendered":"Metynnis"},"content":{"rendered":"<div style=\"text-align: justify\">\n<h1>Os <em>Metynnis<\/em> Cope, 1878 <\/h1>\n<p><img loading=\"lazy\" decoding=\"async\" src=\"http:\/\/nossacasa.net\/nossosriachos\/tabuleiros\/wp-content\/uploads\/sites\/13\/2019\/10\/Metynnis.png\" alt=\"\" width=\"800\" height=\"336\" class=\"aligncenter size-full wp-image-4205\" srcset=\"http:\/\/nossacasa.net\/nossosriachos\/tabuleiros\/wp-content\/uploads\/sites\/13\/2019\/10\/Metynnis.png 800w, http:\/\/nossacasa.net\/nossosriachos\/tabuleiros\/wp-content\/uploads\/sites\/13\/2019\/10\/Metynnis-300x126.png 300w, http:\/\/nossacasa.net\/nossosriachos\/tabuleiros\/wp-content\/uploads\/sites\/13\/2019\/10\/Metynnis-768x323.png 768w, http:\/\/nossacasa.net\/nossosriachos\/tabuleiros\/wp-content\/uploads\/sites\/13\/2019\/10\/Metynnis-500x210.png 500w\" sizes=\"auto, (max-width: 800px) 100vw, 800px\" \/><\/p>\n<p>Algumas caracter\u00edsticas do g\u00eanero <strong><em>Metynnis<\/em><\/strong> est\u00e3o indicadas na figura acima.<\/p>\n<p>Peixes <strong><em>Metynnis<\/em><\/strong> s\u00e3o representantes da subfam\u00edlia Myleinae de <a href=\"http:\/\/nossacasa.net\/nossosriachos\/tabuleiros\/serrasalmidae\/\">Serrasalmidae<\/a>, que foram introduzidos especialmente no rio Doce.<\/p>\n<p>Este grupo inclui os pacus, localmente chamados de peixe CD. <\/p>\n<p>Caracter\u00edsticas que contribuem para distinguir esses peixes dos demais <a href=\"http:\/\/nossacasa.net\/nossosriachos\/tabuleiros\/serrasalmidae\/\">Serrasalmidae<\/a> na regi\u00e3o, est\u00e3o nos dentes da arcada superior, onde o premaxilar possui duas fileiras de dentes; sendo os da fileira interna molariformes. Na arcada inferior, o dent\u00e1rio possui um par de dentes c\u00f4nicos atr\u00e1s da s\u00e9rie principal.<\/p>\n<p>O g\u00eanero <strong><em>Metynnis<\/em><\/strong> \u00e9 um dos cinco g\u00eaneros da fam\u00edlia <a href=\"http:\/\/nossacasa.net\/nossosriachos\/tabuleiros\/serrasalmidae\/\">Serrasalmidae<\/a> representante dos <a href=\"http:\/\/nossacasa.net\/nossosriachos\/tabuleiros\/characiformes\/\">Characiformes<\/a> nas regi\u00f5es dos tabuleiros. <\/p>\n<p>Na regi\u00e3o dos tabuleiros da Mata Atl\u00e2ntica encontramos uma \u00fanica esp\u00e9cie do g\u00eanero <strong><em>Metynnis<\/em><\/strong>: <a href=\"http:\/\/nossacasa.net\/nossosriachos\/tabuleiros\/metynnis-maculatus\/\"><em>Metynnis maculatus<\/em><\/a><\/p>\n<hr>\n<\/div>\n","protected":false},"excerpt":{"rendered":"<p>Os Metynnis Cope, 1878 Algumas caracter\u00edsticas do g\u00eanero Metynnis est\u00e3o indicadas na figura acima. Peixes Metynnis s\u00e3o representantes da subfam\u00edlia Myleinae de Serrasalmidae, que foram introduzidos especialmente no rio Doce. Este grupo inclui os pacus, localmente chamados de peixe CD. &hellip; <a href=\"http:\/\/nossacasa.net\/nossosriachos\/tabuleiros\/metynnis\/\">Continue lendo <span class=\"meta-nav\">&rarr;<\/span><\/a><\/p>\n","protected":false},"author":1,"featured_media":0,"parent":0,"menu_order":0,"comment_status":"closed","ping_status":"closed","template":"","meta":{"footnotes":""},"class_list":["post-1720","page","type-page","status-publish","hentry"],"_links":{"self":[{"href":"http:\/\/nossacasa.net\/nossosriachos\/tabuleiros\/wp-json\/wp\/v2\/pages\/1720","targetHints":{"allow":["GET"]}}],"collection":[{"href":"http:\/\/nossacasa.net\/nossosriachos\/tabuleiros\/wp-json\/wp\/v2\/pages"}],"about":[{"href":"http:\/\/nossacasa.net\/nossosriachos\/tabuleiros\/wp-json\/wp\/v2\/types\/page"}],"author":[{"embeddable":true,"href":"http:\/\/nossacasa.net\/nossosriachos\/tabuleiros\/wp-json\/wp\/v2\/users\/1"}],"replies":[{"embeddable":true,"href":"http:\/\/nossacasa.net\/nossosriachos\/tabuleiros\/wp-json\/wp\/v2\/comments?post=1720"}],"version-history":[{"count":4,"href":"http:\/\/nossacasa.net\/nossosriachos\/tabuleiros\/wp-json\/wp\/v2\/pages\/1720\/revisions"}],"predecessor-version":[{"id":4206,"href":"http:\/\/nossacasa.net\/nossosriachos\/tabuleiros\/wp-json\/wp\/v2\/pages\/1720\/revisions\/4206"}],"wp:attachment":[{"href":"http:\/\/nossacasa.net\/nossosriachos\/tabuleiros\/wp-json\/wp\/v2\/media?parent=1720"}],"curies":[{"name":"wp","href":"https:\/\/api.w.org\/{rel}","templated":true}]}}