{"id":1721,"date":"2019-09-12T10:51:09","date_gmt":"2019-09-12T13:51:09","guid":{"rendered":"http:\/\/nossacasa.net\/nossosriachos\/rios\/?page_id=1721"},"modified":"2019-10-02T13:49:44","modified_gmt":"2019-10-02T16:49:44","slug":"pygocentrus-nattereri","status":"publish","type":"page","link":"http:\/\/nossacasa.net\/nossosriachos\/tabuleiros\/pygocentrus-nattereri\/","title":{"rendered":"Pygocentrus nattereri"},"content":{"rendered":"<div style=\"text-align: justify\">\n<h1><em>Pygocentrus nattereri<\/em> Kner, 1858<\/h1>\n<p><img loading=\"lazy\" decoding=\"async\" src=\"http:\/\/nossacasa.net\/nossosriachos\/tabuleiros\/wp-content\/uploads\/sites\/13\/2019\/10\/Pygocentrus-nattereri.png\" alt=\"\" width=\"800\" height=\"373\" class=\"aligncenter size-full wp-image-4220\" srcset=\"http:\/\/nossacasa.net\/nossosriachos\/tabuleiros\/wp-content\/uploads\/sites\/13\/2019\/10\/Pygocentrus-nattereri.png 800w, http:\/\/nossacasa.net\/nossosriachos\/tabuleiros\/wp-content\/uploads\/sites\/13\/2019\/10\/Pygocentrus-nattereri-300x140.png 300w, http:\/\/nossacasa.net\/nossosriachos\/tabuleiros\/wp-content\/uploads\/sites\/13\/2019\/10\/Pygocentrus-nattereri-768x358.png 768w, http:\/\/nossacasa.net\/nossosriachos\/tabuleiros\/wp-content\/uploads\/sites\/13\/2019\/10\/Pygocentrus-nattereri-500x233.png 500w\" sizes=\"auto, (max-width: 800px) 100vw, 800px\" \/><\/p>\n<p>Algumas caracter\u00edsticas da esp\u00e9cie <strong><em>Pygocentrus nattereri<\/em><\/strong> est\u00e3o indicadas na figura acima.<\/p>\n<p>As piranhas vermelhas est\u00e3o as mais populares esp\u00e9cies de peixes carn\u00edvoros ou carniceiros em \u00e1gua doce. Possuem o corpo alto, o focinho curto e arredondado e a mand\u00edbula robusta e prognata. Os dentes de bordo cortante arranjados em fileira \u00fanica nas arcadas, facilmente identifica esses peixes.<\/p>\n<p>Pequenas escamas revestem o corpo, que possui tons vermelhos na fase adulta.<\/p>\n<p>A esp\u00e9cie <strong><em>Pygocentrus nattereri<\/em><\/strong> \u00e9 a \u00fanica representante do g\u00eanero <a href=\"http:\/\/nossacasa.net\/nossosriachos\/tabuleiros\/pygocentrus\/\">Pygocentrus<\/a> da fam\u00edlia <a href=\"http:\/\/nossacasa.net\/nossosriachos\/tabuleiros\/serrasalmidae\/\">Serrasalmidae<\/a> nas regi\u00f5es dos tabuleiros.<\/p>\n<hr \/>\n<\/div>\n<p>. <\/p>\n","protected":false},"excerpt":{"rendered":"<p>Pygocentrus nattereri Kner, 1858 Algumas caracter\u00edsticas da esp\u00e9cie Pygocentrus nattereri est\u00e3o indicadas na figura acima. As piranhas vermelhas est\u00e3o as mais populares esp\u00e9cies de peixes carn\u00edvoros ou carniceiros em \u00e1gua doce. Possuem o corpo alto, o focinho curto e arredondado &hellip; <a href=\"http:\/\/nossacasa.net\/nossosriachos\/tabuleiros\/pygocentrus-nattereri\/\">Continue lendo <span class=\"meta-nav\">&rarr;<\/span><\/a><\/p>\n","protected":false},"author":1,"featured_media":1601,"parent":0,"menu_order":0,"comment_status":"closed","ping_status":"closed","template":"","meta":{"footnotes":""},"class_list":["post-1721","page","type-page","status-publish","has-post-thumbnail","hentry"],"_links":{"self":[{"href":"http:\/\/nossacasa.net\/nossosriachos\/tabuleiros\/wp-json\/wp\/v2\/pages\/1721","targetHints":{"allow":["GET"]}}],"collection":[{"href":"http:\/\/nossacasa.net\/nossosriachos\/tabuleiros\/wp-json\/wp\/v2\/pages"}],"about":[{"href":"http:\/\/nossacasa.net\/nossosriachos\/tabuleiros\/wp-json\/wp\/v2\/types\/page"}],"author":[{"embeddable":true,"href":"http:\/\/nossacasa.net\/nossosriachos\/tabuleiros\/wp-json\/wp\/v2\/users\/1"}],"replies":[{"embeddable":true,"href":"http:\/\/nossacasa.net\/nossosriachos\/tabuleiros\/wp-json\/wp\/v2\/comments?post=1721"}],"version-history":[{"count":3,"href":"http:\/\/nossacasa.net\/nossosriachos\/tabuleiros\/wp-json\/wp\/v2\/pages\/1721\/revisions"}],"predecessor-version":[{"id":4222,"href":"http:\/\/nossacasa.net\/nossosriachos\/tabuleiros\/wp-json\/wp\/v2\/pages\/1721\/revisions\/4222"}],"wp:featuredmedia":[{"embeddable":true,"href":"http:\/\/nossacasa.net\/nossosriachos\/tabuleiros\/wp-json\/wp\/v2\/media\/1601"}],"wp:attachment":[{"href":"http:\/\/nossacasa.net\/nossosriachos\/tabuleiros\/wp-json\/wp\/v2\/media?parent=1721"}],"curies":[{"name":"wp","href":"https:\/\/api.w.org\/{rel}","templated":true}]}}