{"id":1732,"date":"2019-09-12T11:19:24","date_gmt":"2019-09-12T14:19:24","guid":{"rendered":"http:\/\/nossacasa.net\/nossosriachos\/rios\/?page_id=1732"},"modified":"2019-09-12T11:19:24","modified_gmt":"2019-09-12T14:19:24","slug":"piaractus-mesopotamicus","status":"publish","type":"page","link":"http:\/\/nossacasa.net\/nossosriachos\/tabuleiros\/piaractus-mesopotamicus\/","title":{"rendered":"Piaractus mesopotamicus"},"content":{"rendered":"<div style=\"text-align: justify\">\n<h1><em>Piaractus mesopotamicus<\/em> (Holmberg, 1887)<\/h1>\n<p>Algumas caracter\u00edsticas da esp\u00e9cie Piaractus mesopotamicus est\u00e3o indicadas na figura acima.<\/p>\n<p>A esp\u00e9cie <em>Piaractus mesopotamicus<\/em> \u00e9 a \u00fanica representante do g\u00eanero <em><a href=\"http:\/\/nossacasa.net\/nossosriachos\/rios\/piaractus\/\">Piaractus<\/a><\/em> da fam\u00edlia <a href=\"http:\/\/nossacasa.net\/nossosriachos\/rios\/serrasalmidae\/\">Serrasalmidae<\/a> nas regi\u00f5es dos tabuleiros.\n<\/div>\n<p>. <\/p>\n","protected":false},"excerpt":{"rendered":"<p>Piaractus mesopotamicus (Holmberg, 1887) Algumas caracter\u00edsticas da esp\u00e9cie Piaractus mesopotamicus est\u00e3o indicadas na figura acima. A esp\u00e9cie Piaractus mesopotamicus \u00e9 a \u00fanica representante do g\u00eanero Piaractus da fam\u00edlia Serrasalmidae nas regi\u00f5es dos tabuleiros. .<\/p>\n","protected":false},"author":1,"featured_media":1601,"parent":0,"menu_order":0,"comment_status":"closed","ping_status":"closed","template":"","meta":{"footnotes":""},"class_list":["post-1732","page","type-page","status-publish","has-post-thumbnail","hentry"],"_links":{"self":[{"href":"http:\/\/nossacasa.net\/nossosriachos\/tabuleiros\/wp-json\/wp\/v2\/pages\/1732","targetHints":{"allow":["GET"]}}],"collection":[{"href":"http:\/\/nossacasa.net\/nossosriachos\/tabuleiros\/wp-json\/wp\/v2\/pages"}],"about":[{"href":"http:\/\/nossacasa.net\/nossosriachos\/tabuleiros\/wp-json\/wp\/v2\/types\/page"}],"author":[{"embeddable":true,"href":"http:\/\/nossacasa.net\/nossosriachos\/tabuleiros\/wp-json\/wp\/v2\/users\/1"}],"replies":[{"embeddable":true,"href":"http:\/\/nossacasa.net\/nossosriachos\/tabuleiros\/wp-json\/wp\/v2\/comments?post=1732"}],"version-history":[{"count":0,"href":"http:\/\/nossacasa.net\/nossosriachos\/tabuleiros\/wp-json\/wp\/v2\/pages\/1732\/revisions"}],"wp:featuredmedia":[{"embeddable":true,"href":"http:\/\/nossacasa.net\/nossosriachos\/tabuleiros\/wp-json\/wp\/v2\/media\/1601"}],"wp:attachment":[{"href":"http:\/\/nossacasa.net\/nossosriachos\/tabuleiros\/wp-json\/wp\/v2\/media?parent=1732"}],"curies":[{"name":"wp","href":"https:\/\/api.w.org\/{rel}","templated":true}]}}