{"id":1737,"date":"2019-09-12T11:22:09","date_gmt":"2019-09-12T14:22:09","guid":{"rendered":"http:\/\/nossacasa.net\/nossosriachos\/rios\/?page_id=1737"},"modified":"2019-10-02T14:15:29","modified_gmt":"2019-10-02T17:15:29","slug":"serrasalmus","status":"publish","type":"page","link":"http:\/\/nossacasa.net\/nossosriachos\/tabuleiros\/serrasalmus\/","title":{"rendered":"Serrasalmus"},"content":{"rendered":"<div style=\"text-align: justify\">\n<h1>Os <em>Serrasalmus<\/em> Lacep\u00e8de, 1803<\/h1>\n<p><img loading=\"lazy\" decoding=\"async\" src=\"http:\/\/nossacasa.net\/nossosriachos\/tabuleiros\/wp-content\/uploads\/sites\/13\/2019\/10\/Serrasalmus.png\" alt=\"\" width=\"800\" height=\"305\" class=\"aligncenter size-full wp-image-4224\" srcset=\"http:\/\/nossacasa.net\/nossosriachos\/tabuleiros\/wp-content\/uploads\/sites\/13\/2019\/10\/Serrasalmus.png 800w, http:\/\/nossacasa.net\/nossosriachos\/tabuleiros\/wp-content\/uploads\/sites\/13\/2019\/10\/Serrasalmus-300x114.png 300w, http:\/\/nossacasa.net\/nossosriachos\/tabuleiros\/wp-content\/uploads\/sites\/13\/2019\/10\/Serrasalmus-768x293.png 768w, http:\/\/nossacasa.net\/nossosriachos\/tabuleiros\/wp-content\/uploads\/sites\/13\/2019\/10\/Serrasalmus-500x191.png 500w\" sizes=\"auto, (max-width: 800px) 100vw, 800px\" \/><\/p>\n<p>Algumas caracter\u00edsticas do g\u00eanero <strong><em>Serrasalmus<\/em><\/strong> est\u00e3o indicadas na figura acima.<\/p>\n<p>As piranhas do g\u00eanero <strong><em>Serrasalmus<\/em><\/strong> se diferenciam pelo perfil dorsal anterior c\u00f4ncavo sobre a cabe\u00e7a, e o palato com dentes (Britski et al. 1999). S\u00e3o peixes com corpo comprimido e alto, que habitam ambientes lacustres do baixo rio Doce e rio Barra seca. <\/p>\n<p>Esses peixes s\u00e3o naturais do rio S\u00e3o Francisco, e sua ocorr\u00eancia nos lagos da baixada litor\u00e2nea, no Rio Doce, Esp\u00edrito Santo, pode ser devida a introdu\u00e7\u00e3o.  <\/p>\n<p>O g\u00eanero <strong><em>Serrasalmus<\/em><\/strong> \u00e9 um dos cinco g\u00eaneros da fam\u00edlia <a href=\"http:\/\/nossacasa.net\/nossosriachos\/tabuleiros\/serrasalmidae\/\">Serrasalmidae<\/a> representante dos <a href=\"http:\/\/nossacasa.net\/nossosriachos\/tabuleiros\/characiformes\/\">Characiformes<\/a> nas regi\u00f5es dos tabuleiros. <\/p>\n<p>Na regi\u00e3o dos tabuleiros da Mata Atl\u00e2ntica encontramos uma \u00fanica esp\u00e9cie do g\u00eanero <strong><em>Serrasalmus<\/em><\/strong>: <em><a href=\"http:\/\/nossacasa.net\/nossosriachos\/tabuleiros\/serrasalmus-brandtii\/\">Serrasalmus brandtii<\/a><\/em>.<\/p>\n<hr>\n<\/div>\n","protected":false},"excerpt":{"rendered":"<p>Os Serrasalmus Lacep\u00e8de, 1803 Algumas caracter\u00edsticas do g\u00eanero Serrasalmus est\u00e3o indicadas na figura acima. As piranhas do g\u00eanero Serrasalmus se diferenciam pelo perfil dorsal anterior c\u00f4ncavo sobre a cabe\u00e7a, e o palato com dentes (Britski et al. 1999). S\u00e3o peixes &hellip; <a href=\"http:\/\/nossacasa.net\/nossosriachos\/tabuleiros\/serrasalmus\/\">Continue lendo <span class=\"meta-nav\">&rarr;<\/span><\/a><\/p>\n","protected":false},"author":1,"featured_media":0,"parent":0,"menu_order":0,"comment_status":"closed","ping_status":"closed","template":"","meta":{"footnotes":""},"class_list":["post-1737","page","type-page","status-publish","hentry"],"_links":{"self":[{"href":"http:\/\/nossacasa.net\/nossosriachos\/tabuleiros\/wp-json\/wp\/v2\/pages\/1737","targetHints":{"allow":["GET"]}}],"collection":[{"href":"http:\/\/nossacasa.net\/nossosriachos\/tabuleiros\/wp-json\/wp\/v2\/pages"}],"about":[{"href":"http:\/\/nossacasa.net\/nossosriachos\/tabuleiros\/wp-json\/wp\/v2\/types\/page"}],"author":[{"embeddable":true,"href":"http:\/\/nossacasa.net\/nossosriachos\/tabuleiros\/wp-json\/wp\/v2\/users\/1"}],"replies":[{"embeddable":true,"href":"http:\/\/nossacasa.net\/nossosriachos\/tabuleiros\/wp-json\/wp\/v2\/comments?post=1737"}],"version-history":[{"count":5,"href":"http:\/\/nossacasa.net\/nossosriachos\/tabuleiros\/wp-json\/wp\/v2\/pages\/1737\/revisions"}],"predecessor-version":[{"id":4229,"href":"http:\/\/nossacasa.net\/nossosriachos\/tabuleiros\/wp-json\/wp\/v2\/pages\/1737\/revisions\/4229"}],"wp:attachment":[{"href":"http:\/\/nossacasa.net\/nossosriachos\/tabuleiros\/wp-json\/wp\/v2\/media?parent=1737"}],"curies":[{"name":"wp","href":"https:\/\/api.w.org\/{rel}","templated":true}]}}