{"id":1738,"date":"2019-09-12T11:23:35","date_gmt":"2019-09-12T14:23:35","guid":{"rendered":"http:\/\/nossacasa.net\/nossosriachos\/rios\/?page_id=1738"},"modified":"2019-10-02T14:29:34","modified_gmt":"2019-10-02T17:29:34","slug":"serrasalmus-brandtii","status":"publish","type":"page","link":"http:\/\/nossacasa.net\/nossosriachos\/tabuleiros\/serrasalmus-brandtii\/","title":{"rendered":"Serrasalmus brandtii"},"content":{"rendered":"<div style=\"text-align: justify\">\n<h1><em>Serrasalmus brandtii<\/em> L\u00fctken, 1875<\/h1>\n<p><img loading=\"lazy\" decoding=\"async\" src=\"http:\/\/nossacasa.net\/nossosriachos\/tabuleiros\/wp-content\/uploads\/sites\/13\/2019\/10\/Serrasalmus-brandti.png\" alt=\"\" width=\"800\" height=\"454\" class=\"aligncenter size-full wp-image-4227\" srcset=\"http:\/\/nossacasa.net\/nossosriachos\/tabuleiros\/wp-content\/uploads\/sites\/13\/2019\/10\/Serrasalmus-brandti.png 800w, http:\/\/nossacasa.net\/nossosriachos\/tabuleiros\/wp-content\/uploads\/sites\/13\/2019\/10\/Serrasalmus-brandti-300x170.png 300w, http:\/\/nossacasa.net\/nossosriachos\/tabuleiros\/wp-content\/uploads\/sites\/13\/2019\/10\/Serrasalmus-brandti-768x436.png 768w, http:\/\/nossacasa.net\/nossosriachos\/tabuleiros\/wp-content\/uploads\/sites\/13\/2019\/10\/Serrasalmus-brandti-500x284.png 500w\" sizes=\"auto, (max-width: 800px) 100vw, 800px\" \/><\/p>\n<p>Algumas caracter\u00edsticas da esp\u00e9cie <strong><em>Serrasalmus brandtii<\/em><\/strong> est\u00e3o indicadas na figura acima.<\/p>\n<p>As piranhas do g\u00eanero <em><a href=\"http:\/\/nossacasa.net\/nossosriachos\/tabuleiros\/serrasalmus\/\">Serrasalmus<\/a><\/em> se diferenciam pelo perfil dorsal anterior c\u00f4ncavo sobre a cabe\u00e7a, e o palato com dentes (Britski et al. 1999). S\u00e3o peixes com corpo comprimido e alto, que habitam ambientes lacustres do baixo rio Doce e rio Barra seca. Tem o colorido com pequenas m\u00e1culas acinzentadas e a nadadeira adiposa pequena com mancha escura na ponta.<\/p>\n<p>Quando jovens, esses peixes consomem alimentos variados, como insetos, muco das escamas e nadadeiras. Na fase adulta sua dieta \u00e9 baseada em peixes. A mudan\u00e7a ontogen\u00e9tica da dieta foi observada por Pompeu (1999).<\/p>\n<p>Esses peixes s\u00e3o naturais do rio S\u00e3o Francisco, tendo sido descritos a partir de material colecionado no rio das Velhas.  <\/p>\n<p>A esp\u00e9cie <strong><em>Serrasalmus brandtii<\/em><\/strong> \u00e9 a \u00fanica representante do g\u00eanero <em><a href=\"http:\/\/nossacasa.net\/nossosriachos\/tabuleiros\/serrasalmus\/\">Serrasalmus<\/a><\/em> da fam\u00edlia <a href=\"http:\/\/nossacasa.net\/nossosriachos\/tabuleiros\/serrasalmidae\/\">Serrasalmidae<\/a> nas regi\u00f5es dos tabuleiros.<\/p>\n<hr \/>\n<\/div>\n<p>. <\/p>\n","protected":false},"excerpt":{"rendered":"<p>Serrasalmus brandtii L\u00fctken, 1875 Algumas caracter\u00edsticas da esp\u00e9cie Serrasalmus brandtii est\u00e3o indicadas na figura acima. As piranhas do g\u00eanero Serrasalmus se diferenciam pelo perfil dorsal anterior c\u00f4ncavo sobre a cabe\u00e7a, e o palato com dentes (Britski et al. 1999). S\u00e3o &hellip; <a href=\"http:\/\/nossacasa.net\/nossosriachos\/tabuleiros\/serrasalmus-brandtii\/\">Continue lendo <span class=\"meta-nav\">&rarr;<\/span><\/a><\/p>\n","protected":false},"author":1,"featured_media":4227,"parent":0,"menu_order":0,"comment_status":"closed","ping_status":"closed","template":"","meta":{"footnotes":""},"class_list":["post-1738","page","type-page","status-publish","has-post-thumbnail","hentry"],"_links":{"self":[{"href":"http:\/\/nossacasa.net\/nossosriachos\/tabuleiros\/wp-json\/wp\/v2\/pages\/1738","targetHints":{"allow":["GET"]}}],"collection":[{"href":"http:\/\/nossacasa.net\/nossosriachos\/tabuleiros\/wp-json\/wp\/v2\/pages"}],"about":[{"href":"http:\/\/nossacasa.net\/nossosriachos\/tabuleiros\/wp-json\/wp\/v2\/types\/page"}],"author":[{"embeddable":true,"href":"http:\/\/nossacasa.net\/nossosriachos\/tabuleiros\/wp-json\/wp\/v2\/users\/1"}],"replies":[{"embeddable":true,"href":"http:\/\/nossacasa.net\/nossosriachos\/tabuleiros\/wp-json\/wp\/v2\/comments?post=1738"}],"version-history":[{"count":2,"href":"http:\/\/nossacasa.net\/nossosriachos\/tabuleiros\/wp-json\/wp\/v2\/pages\/1738\/revisions"}],"predecessor-version":[{"id":4228,"href":"http:\/\/nossacasa.net\/nossosriachos\/tabuleiros\/wp-json\/wp\/v2\/pages\/1738\/revisions\/4228"}],"wp:featuredmedia":[{"embeddable":true,"href":"http:\/\/nossacasa.net\/nossosriachos\/tabuleiros\/wp-json\/wp\/v2\/media\/4227"}],"wp:attachment":[{"href":"http:\/\/nossacasa.net\/nossosriachos\/tabuleiros\/wp-json\/wp\/v2\/media?parent=1738"}],"curies":[{"name":"wp","href":"https:\/\/api.w.org\/{rel}","templated":true}]}}