{"id":1752,"date":"2019-09-12T12:13:38","date_gmt":"2019-09-12T15:13:38","guid":{"rendered":"http:\/\/nossacasa.net\/nossosriachos\/rios\/?page_id=1752"},"modified":"2019-10-02T14:28:22","modified_gmt":"2019-10-02T17:28:22","slug":"bagre-marinus","status":"publish","type":"page","link":"http:\/\/nossacasa.net\/nossosriachos\/tabuleiros\/bagre-marinus\/","title":{"rendered":"Bagre marinus"},"content":{"rendered":"<div style=\"text-align: justify\">\n<h1><em>Bagre marinus<\/em> (Mitchill, 1815)<\/h1>\n<p><img loading=\"lazy\" decoding=\"async\" src=\"http:\/\/nossacasa.net\/nossosriachos\/tabuleiros\/wp-content\/uploads\/sites\/13\/2019\/10\/Bagre-marinus.png\" alt=\"\" width=\"800\" height=\"430\" class=\"aligncenter size-full wp-image-4232\" srcset=\"http:\/\/nossacasa.net\/nossosriachos\/tabuleiros\/wp-content\/uploads\/sites\/13\/2019\/10\/Bagre-marinus.png 800w, http:\/\/nossacasa.net\/nossosriachos\/tabuleiros\/wp-content\/uploads\/sites\/13\/2019\/10\/Bagre-marinus-300x161.png 300w, http:\/\/nossacasa.net\/nossosriachos\/tabuleiros\/wp-content\/uploads\/sites\/13\/2019\/10\/Bagre-marinus-768x413.png 768w, http:\/\/nossacasa.net\/nossosriachos\/tabuleiros\/wp-content\/uploads\/sites\/13\/2019\/10\/Bagre-marinus-500x269.png 500w\" sizes=\"auto, (max-width: 800px) 100vw, 800px\" \/><\/p>\n<p>Algumas caracter\u00edsticas da esp\u00e9cie <strong><em>Bagre marinus<\/em><\/strong> est\u00e3o indicadas na figura acima.<\/p>\n<p>O bagre bandeira possui apenas um par de barbilh\u00f5es mentonianos, posicionados junto a s\u00ednfise mandibular, na parte inferior da cabe\u00e7a. Os barbilh\u00f5es maxilares s\u00e3o comprimidos, achatados em forma de uma estreita fita (Figueiredo &#038; Menezes, 1978). A nadadeira anal \u00e9 relativamente curta, com 22 a 28 raios totais (Cervig\u00f3n, 1991). O corpo \u00e9 prateado, com tons azulados.<\/p>\n<p>O nome bagre bandeira \u00e9 alusivo as nadadeiras muito alongadas, com raios anteriores prolongados em filamento. Alcan\u00e7am aproximadamente 60 cm de comprimento padr\u00e3o na \u00e1rea dos tabuleiros. <\/p>\n<p>Inclui peixes demersais que habitam os estu\u00e1rios e lagoas do nosso litoral. Por ser uma esp\u00e9cie eminentemente marinha, \u00e9 mais facilmente encontrada junto a boca de grandes rios. Alimenta-se junto ao fundo de pequenos invertebrados, como poliquetos e crust\u00e1ceos, e consome ainda alimento microsc\u00f3pico, como detritos associados ao fundo arenoso. S\u00e3o ativos a noite. <\/p>\n<p>A esp\u00e9cie <strong><em>Bagre marinus<\/em><\/strong> \u00e9 a \u00fanica representante do g\u00eanero <em><a href=\"http:\/\/nossacasa.net\/nossosriachos\/tabuleiros\/bagre\/\">Bagre<\/a><\/em> da fam\u00edlia <a href=\"http:\/\/nossacasa.net\/nossosriachos\/tabuleiros\/ariidae\/\">Ariidae<\/a> nas regi\u00f5es dos tabuleiros.<\/p>\n<hr \/>\n<\/div>\n<p>. <\/p>\n","protected":false},"excerpt":{"rendered":"<p>Bagre marinus (Mitchill, 1815) Algumas caracter\u00edsticas da esp\u00e9cie Bagre marinus est\u00e3o indicadas na figura acima. O bagre bandeira possui apenas um par de barbilh\u00f5es mentonianos, posicionados junto a s\u00ednfise mandibular, na parte inferior da cabe\u00e7a. Os barbilh\u00f5es maxilares s\u00e3o comprimidos, &hellip; <a href=\"http:\/\/nossacasa.net\/nossosriachos\/tabuleiros\/bagre-marinus\/\">Continue lendo <span class=\"meta-nav\">&rarr;<\/span><\/a><\/p>\n","protected":false},"author":1,"featured_media":4232,"parent":0,"menu_order":0,"comment_status":"closed","ping_status":"closed","template":"","meta":{"footnotes":""},"class_list":["post-1752","page","type-page","status-publish","has-post-thumbnail","hentry"],"_links":{"self":[{"href":"http:\/\/nossacasa.net\/nossosriachos\/tabuleiros\/wp-json\/wp\/v2\/pages\/1752","targetHints":{"allow":["GET"]}}],"collection":[{"href":"http:\/\/nossacasa.net\/nossosriachos\/tabuleiros\/wp-json\/wp\/v2\/pages"}],"about":[{"href":"http:\/\/nossacasa.net\/nossosriachos\/tabuleiros\/wp-json\/wp\/v2\/types\/page"}],"author":[{"embeddable":true,"href":"http:\/\/nossacasa.net\/nossosriachos\/tabuleiros\/wp-json\/wp\/v2\/users\/1"}],"replies":[{"embeddable":true,"href":"http:\/\/nossacasa.net\/nossosriachos\/tabuleiros\/wp-json\/wp\/v2\/comments?post=1752"}],"version-history":[{"count":2,"href":"http:\/\/nossacasa.net\/nossosriachos\/tabuleiros\/wp-json\/wp\/v2\/pages\/1752\/revisions"}],"predecessor-version":[{"id":4236,"href":"http:\/\/nossacasa.net\/nossosriachos\/tabuleiros\/wp-json\/wp\/v2\/pages\/1752\/revisions\/4236"}],"wp:featuredmedia":[{"embeddable":true,"href":"http:\/\/nossacasa.net\/nossosriachos\/tabuleiros\/wp-json\/wp\/v2\/media\/4232"}],"wp:attachment":[{"href":"http:\/\/nossacasa.net\/nossosriachos\/tabuleiros\/wp-json\/wp\/v2\/media?parent=1752"}],"curies":[{"name":"wp","href":"https:\/\/api.w.org\/{rel}","templated":true}]}}