{"id":1757,"date":"2019-09-12T14:04:51","date_gmt":"2019-09-12T17:04:51","guid":{"rendered":"http:\/\/nossacasa.net\/nossosriachos\/rios\/?page_id=1757"},"modified":"2019-10-02T14:53:45","modified_gmt":"2019-10-02T17:53:45","slug":"cathorops-spixii","status":"publish","type":"page","link":"http:\/\/nossacasa.net\/nossosriachos\/tabuleiros\/cathorops-spixii\/","title":{"rendered":"Cathorops spixii"},"content":{"rendered":"<div style=\"text-align: justify\">\n<h1><em>Cathorops spixii<\/em> (Agassiz in Spix and Agassiz, 1829)<\/h1>\n<p><img loading=\"lazy\" decoding=\"async\" src=\"http:\/\/nossacasa.net\/nossosriachos\/tabuleiros\/wp-content\/uploads\/sites\/13\/2019\/10\/Cathorops-spixii.png\" alt=\"\" width=\"800\" height=\"389\" class=\"aligncenter size-full wp-image-4240\" srcset=\"http:\/\/nossacasa.net\/nossosriachos\/tabuleiros\/wp-content\/uploads\/sites\/13\/2019\/10\/Cathorops-spixii.png 800w, http:\/\/nossacasa.net\/nossosriachos\/tabuleiros\/wp-content\/uploads\/sites\/13\/2019\/10\/Cathorops-spixii-300x146.png 300w, http:\/\/nossacasa.net\/nossosriachos\/tabuleiros\/wp-content\/uploads\/sites\/13\/2019\/10\/Cathorops-spixii-768x373.png 768w, http:\/\/nossacasa.net\/nossosriachos\/tabuleiros\/wp-content\/uploads\/sites\/13\/2019\/10\/Cathorops-spixii-500x243.png 500w\" sizes=\"auto, (max-width: 800px) 100vw, 800px\" \/><br \/>\n<img loading=\"lazy\" decoding=\"async\" src=\"http:\/\/nossacasa.net\/nossosriachos\/tabuleiros\/wp-content\/uploads\/sites\/13\/2019\/10\/Cathorops-spixii_i.png\" alt=\"\" width=\"800\" height=\"367\" class=\"aligncenter size-full wp-image-4243\" srcset=\"http:\/\/nossacasa.net\/nossosriachos\/tabuleiros\/wp-content\/uploads\/sites\/13\/2019\/10\/Cathorops-spixii_i.png 800w, http:\/\/nossacasa.net\/nossosriachos\/tabuleiros\/wp-content\/uploads\/sites\/13\/2019\/10\/Cathorops-spixii_i-300x138.png 300w, http:\/\/nossacasa.net\/nossosriachos\/tabuleiros\/wp-content\/uploads\/sites\/13\/2019\/10\/Cathorops-spixii_i-768x352.png 768w, http:\/\/nossacasa.net\/nossosriachos\/tabuleiros\/wp-content\/uploads\/sites\/13\/2019\/10\/Cathorops-spixii_i-500x229.png 500w\" sizes=\"auto, (max-width: 800px) 100vw, 800px\" \/><\/p>\n<p>Algumas caracter\u00edsticas da esp\u00e9cie <strong><em>Cathorops spixii<\/em><\/strong> est\u00e3o indicadas na figura acima.<\/p>\n<p>S\u00e3o diferenciados de outros bagres nos estu\u00e1rios pelas placas dent\u00edgeras granulares dispostas no palato, cada uma delas com dentes achatados. Apresentam entre 21 e 24 raios na nadadeira anal. Raios branquiostegais bem desenvolvidos, formando uma linha cont\u00ednua junto ao istmo (Cervig\u00f3n, 1991). <\/p>\n<p>\u00c9 um dos bagres mais comuns no nosso litoral, adentrando estu\u00e1rios de grandes rios e lagoas, para se alimentar e tamb\u00e9m na \u00e9poca da desova. <\/p>\n<p>S\u00e3o peixes de h\u00e1bitos demersais alimentando-se junto ao fundo. Consomem pequenos invertebrados, como moluscos e crust\u00e1ceos, associados ao fundo lamoso do manguezal. S\u00e3o ativos a noite. <\/p>\n<p>A esp\u00e9cie <strong><em>Cathorops spixii<\/em><\/strong> \u00e9 a \u00fanica representante do g\u00eanero <em><a href=\"http:\/\/nossacasa.net\/nossosriachos\/tabuleiros\/cathorops\/\">Cathorops<\/a><\/em> da fam\u00edlia <a href=\"http:\/\/nossacasa.net\/nossosriachos\/tabuleiros\/ariidae\/\">Ariidae<\/a> nas regi\u00f5es dos tabuleiros.<\/p>\n<hr \/>\n<\/div>\n<p>. <\/p>\n","protected":false},"excerpt":{"rendered":"<p>Cathorops spixii (Agassiz in Spix and Agassiz, 1829) Algumas caracter\u00edsticas da esp\u00e9cie Cathorops spixii est\u00e3o indicadas na figura acima. S\u00e3o diferenciados de outros bagres nos estu\u00e1rios pelas placas dent\u00edgeras granulares dispostas no palato, cada uma delas com dentes achatados. Apresentam &hellip; <a href=\"http:\/\/nossacasa.net\/nossosriachos\/tabuleiros\/cathorops-spixii\/\">Continue lendo <span class=\"meta-nav\">&rarr;<\/span><\/a><\/p>\n","protected":false},"author":1,"featured_media":4240,"parent":0,"menu_order":0,"comment_status":"closed","ping_status":"closed","template":"","meta":{"footnotes":""},"class_list":["post-1757","page","type-page","status-publish","has-post-thumbnail","hentry"],"_links":{"self":[{"href":"http:\/\/nossacasa.net\/nossosriachos\/tabuleiros\/wp-json\/wp\/v2\/pages\/1757","targetHints":{"allow":["GET"]}}],"collection":[{"href":"http:\/\/nossacasa.net\/nossosriachos\/tabuleiros\/wp-json\/wp\/v2\/pages"}],"about":[{"href":"http:\/\/nossacasa.net\/nossosriachos\/tabuleiros\/wp-json\/wp\/v2\/types\/page"}],"author":[{"embeddable":true,"href":"http:\/\/nossacasa.net\/nossosriachos\/tabuleiros\/wp-json\/wp\/v2\/users\/1"}],"replies":[{"embeddable":true,"href":"http:\/\/nossacasa.net\/nossosriachos\/tabuleiros\/wp-json\/wp\/v2\/comments?post=1757"}],"version-history":[{"count":2,"href":"http:\/\/nossacasa.net\/nossosriachos\/tabuleiros\/wp-json\/wp\/v2\/pages\/1757\/revisions"}],"predecessor-version":[{"id":4244,"href":"http:\/\/nossacasa.net\/nossosriachos\/tabuleiros\/wp-json\/wp\/v2\/pages\/1757\/revisions\/4244"}],"wp:featuredmedia":[{"embeddable":true,"href":"http:\/\/nossacasa.net\/nossosriachos\/tabuleiros\/wp-json\/wp\/v2\/media\/4240"}],"wp:attachment":[{"href":"http:\/\/nossacasa.net\/nossosriachos\/tabuleiros\/wp-json\/wp\/v2\/media?parent=1757"}],"curies":[{"name":"wp","href":"https:\/\/api.w.org\/{rel}","templated":true}]}}