{"id":1761,"date":"2019-09-12T14:07:52","date_gmt":"2019-09-12T17:07:52","guid":{"rendered":"http:\/\/nossacasa.net\/nossosriachos\/rios\/?page_id=1761"},"modified":"2019-10-03T09:53:50","modified_gmt":"2019-10-03T12:53:50","slug":"genidens","status":"publish","type":"page","link":"http:\/\/nossacasa.net\/nossosriachos\/tabuleiros\/genidens\/","title":{"rendered":"Genidens"},"content":{"rendered":"<div style=\"text-align: justify\">\n<h1>Os <em>Genidens<\/em> Castelnau, 1855<\/h1>\n<p><img loading=\"lazy\" decoding=\"async\" src=\"http:\/\/nossacasa.net\/nossosriachos\/tabuleiros\/wp-content\/uploads\/sites\/13\/2019\/10\/Genidens.png\" alt=\"\" width=\"800\" height=\"306\" class=\"aligncenter size-full wp-image-4246\" srcset=\"http:\/\/nossacasa.net\/nossosriachos\/tabuleiros\/wp-content\/uploads\/sites\/13\/2019\/10\/Genidens.png 800w, http:\/\/nossacasa.net\/nossosriachos\/tabuleiros\/wp-content\/uploads\/sites\/13\/2019\/10\/Genidens-300x115.png 300w, http:\/\/nossacasa.net\/nossosriachos\/tabuleiros\/wp-content\/uploads\/sites\/13\/2019\/10\/Genidens-768x294.png 768w, http:\/\/nossacasa.net\/nossosriachos\/tabuleiros\/wp-content\/uploads\/sites\/13\/2019\/10\/Genidens-500x191.png 500w\" sizes=\"auto, (max-width: 800px) 100vw, 800px\" \/><\/p>\n<p><img loading=\"lazy\" decoding=\"async\" src=\"http:\/\/nossacasa.net\/nossosriachos\/tabuleiros\/wp-content\/uploads\/sites\/13\/2019\/10\/Genidens_i.png\" alt=\"\" width=\"800\" height=\"294\" class=\"aligncenter size-full wp-image-4249\" srcset=\"http:\/\/nossacasa.net\/nossosriachos\/tabuleiros\/wp-content\/uploads\/sites\/13\/2019\/10\/Genidens_i.png 800w, http:\/\/nossacasa.net\/nossosriachos\/tabuleiros\/wp-content\/uploads\/sites\/13\/2019\/10\/Genidens_i-300x110.png 300w, http:\/\/nossacasa.net\/nossosriachos\/tabuleiros\/wp-content\/uploads\/sites\/13\/2019\/10\/Genidens_i-768x282.png 768w, http:\/\/nossacasa.net\/nossosriachos\/tabuleiros\/wp-content\/uploads\/sites\/13\/2019\/10\/Genidens_i-500x184.png 500w\" sizes=\"auto, (max-width: 800px) 100vw, 800px\" \/><\/p>\n<p>Algumas caracter\u00edsticas do g\u00eanero <strong><em>Genidens<\/em><\/strong> est\u00e3o indicadas na figura acima.<\/p>\n<p>Placas dent\u00edgeras acess\u00f3rias no palatino pequenas, agregadas em duas proje\u00e7\u00f5es carnosas salientes, nas laterais da cavidade bucal, com dentes viliformes ou c\u00f4nicos.<\/p>\n<p>Nesses bagres o processo cleitral posterior, junto a base do espinho da nadadeira peitoral, \u00e9 alongado.(Figueiredo &#038; Menezes, 1978).<\/p>\n<p>Inclui peixes demersais, ou seja, associados ao fundo, que habitam os estu\u00e1rios e lagoas do nosso litoral. <\/p>\n<p>O g\u00eanero <strong><em>Genidens<\/em><\/strong> \u00e9 um dos quatro g\u00eaneros da fam\u00edlia <a href=\"http:\/\/nossacasa.net\/nossosriachos\/tabuleiros\/ariidae\/\">Ariidae<\/a> representante dos <a href=\"http:\/\/nossacasa.net\/nossosriachos\/tabuleiros\/siluriformes\/\">Siluriformes<\/a> nas regi\u00f5es dos tabuleiros. <\/p>\n<p>Na regi\u00e3o dos tabuleiros da Mata Atl\u00e2ntica encontramos uma \u00fanica esp\u00e9cie do g\u00eanero <strong><em>Genidens<\/em><\/strong>: <strong><em><a href=\"http:\/\/nossacasa.net\/nossosriachos\/tabuleiros\/genidens-genidens\/\">Genidens genidens<\/a><\/em><\/strong>.<\/p>\n<hr>\n<\/div>\n","protected":false},"excerpt":{"rendered":"<p>Os Genidens Castelnau, 1855 Algumas caracter\u00edsticas do g\u00eanero Genidens est\u00e3o indicadas na figura acima. Placas dent\u00edgeras acess\u00f3rias no palatino pequenas, agregadas em duas proje\u00e7\u00f5es carnosas salientes, nas laterais da cavidade bucal, com dentes viliformes ou c\u00f4nicos. Nesses bagres o processo &hellip; <a href=\"http:\/\/nossacasa.net\/nossosriachos\/tabuleiros\/genidens\/\">Continue lendo <span class=\"meta-nav\">&rarr;<\/span><\/a><\/p>\n","protected":false},"author":1,"featured_media":0,"parent":0,"menu_order":0,"comment_status":"closed","ping_status":"closed","template":"","meta":{"footnotes":""},"class_list":["post-1761","page","type-page","status-publish","hentry"],"_links":{"self":[{"href":"http:\/\/nossacasa.net\/nossosriachos\/tabuleiros\/wp-json\/wp\/v2\/pages\/1761","targetHints":{"allow":["GET"]}}],"collection":[{"href":"http:\/\/nossacasa.net\/nossosriachos\/tabuleiros\/wp-json\/wp\/v2\/pages"}],"about":[{"href":"http:\/\/nossacasa.net\/nossosriachos\/tabuleiros\/wp-json\/wp\/v2\/types\/page"}],"author":[{"embeddable":true,"href":"http:\/\/nossacasa.net\/nossosriachos\/tabuleiros\/wp-json\/wp\/v2\/users\/1"}],"replies":[{"embeddable":true,"href":"http:\/\/nossacasa.net\/nossosriachos\/tabuleiros\/wp-json\/wp\/v2\/comments?post=1761"}],"version-history":[{"count":3,"href":"http:\/\/nossacasa.net\/nossosriachos\/tabuleiros\/wp-json\/wp\/v2\/pages\/1761\/revisions"}],"predecessor-version":[{"id":4250,"href":"http:\/\/nossacasa.net\/nossosriachos\/tabuleiros\/wp-json\/wp\/v2\/pages\/1761\/revisions\/4250"}],"wp:attachment":[{"href":"http:\/\/nossacasa.net\/nossosriachos\/tabuleiros\/wp-json\/wp\/v2\/media?parent=1761"}],"curies":[{"name":"wp","href":"https:\/\/api.w.org\/{rel}","templated":true}]}}